{"id":285,"date":"2015-09-09T10:32:59","date_gmt":"2015-09-09T13:32:59","guid":{"rendered":"https:\/\/www.facet.unt.edu.ar\/secgestion\/?page_id=285"},"modified":"2015-09-10T11:14:32","modified_gmt":"2015-09-10T14:14:32","slug":"tecnoemprendedores","status":"publish","type":"page","link":"https:\/\/www.facet.unt.edu.ar\/secgestion\/tecnoemprendedores\/","title":{"rendered":"TECNOEMPRENDEDORES"},"content":{"rendered":"<p>Dentro del marco de la Semana Nacional del Emprendedor Tecnol\u00f3gico organizado por el Ministerio de Ciencia, Tecnolog\u00eda e Innovaci\u00f3n Productiva de la Naci\u00f3n, se llevar\u00e1 a cabo en nuestra unidad acad\u00e9mica el evento \u201cTecnoemprendedores\u201d durante los d\u00edas 17 y 18 de Septiembre en el Block Decanato de la FACET. <!--more--><\/p>\n<p>Esta actividad, comprende talleres, ponencias y otras actividades de capacitaci\u00f3n, tendientes a propiciar el emprendedorismo tecnol\u00f3gico (Ver <a href=\"https:\/\/www.facet.unt.edu.ar\/facetinforma\/wp-content\/uploads\/sites\/9\/2015\/09\/programa.pdf\" target=\"_blank\">Programa<\/a>).<\/p>\n<p>En esta oportunidad, dicho evento cuenta con la participaci\u00f3n de la Unidad de Negocios de la UNT, la Facultad de Ciencias Econ\u00f3micas de la UNT, la SIDETEC, Cluster Tucum\u00e1n Technology y el MincyT.<\/p>\n<p>La entrada es libre y gratuita.<\/p>\n<p><a href=\"https:\/\/www.facet.unt.edu.ar\/facetinforma\/wp-content\/uploads\/sites\/9\/2015\/09\/afiche.jpg\"><img decoding=\"async\" loading=\"lazy\" class=\"aligncenter wp-image-8919 \" src=\"https:\/\/www.facet.unt.edu.ar\/facetinforma\/wp-content\/uploads\/sites\/9\/2015\/09\/afiche-700x1024.jpg\" alt=\"afiche\" width=\"528\" height=\"772\" \/><\/a><\/p>\n","protected":false},"excerpt":{"rendered":"<p>Dentro del marco de la Semana Nacional del Emprendedor Tecnol\u00f3gico organizado por el Ministerio de Ciencia, Tecnolog\u00eda e Innovaci\u00f3n Productiva de la Naci\u00f3n, se llevar\u00e1 a cabo en nuestra unidad acad\u00e9mica el evento \u201cTecnoemprendedores\u201d durante los d\u00edas 17 y 18 de Septiembre en el Block Decanato de la FACET.<\/p>\n","protected":false},"author":6,"featured_media":0,"parent":0,"menu_order":0,"comment_status":"closed","ping_status":"closed","template":"","meta":[],"_links":{"self":[{"href":"https:\/\/www.facet.unt.edu.ar\/secgestion\/wp-json\/wp\/v2\/pages\/285"}],"collection":[{"href":"https:\/\/www.facet.unt.edu.ar\/secgestion\/wp-json\/wp\/v2\/pages"}],"about":[{"href":"https:\/\/www.facet.unt.edu.ar\/secgestion\/wp-json\/wp\/v2\/types\/page"}],"author":[{"embeddable":true,"href":"https:\/\/www.facet.unt.edu.ar\/secgestion\/wp-json\/wp\/v2\/users\/6"}],"replies":[{"embeddable":true,"href":"https:\/\/www.facet.unt.edu.ar\/secgestion\/wp-json\/wp\/v2\/comments?post=285"}],"version-history":[{"count":3,"href":"https:\/\/www.facet.unt.edu.ar\/secgestion\/wp-json\/wp\/v2\/pages\/285\/revisions"}],"predecessor-version":[{"id":294,"href":"https:\/\/www.facet.unt.edu.ar\/secgestion\/wp-json\/wp\/v2\/pages\/285\/revisions\/294"}],"wp:attachment":[{"href":"https:\/\/www.facet.unt.edu.ar\/secgestion\/wp-json\/wp\/v2\/media?parent=285"}],"curies":[{"name":"wp","href":"https:\/\/api.w.org\/{rel}","templated":true}]}}