{"id":289,"date":"2015-09-09T10:51:30","date_gmt":"2015-09-09T13:51:30","guid":{"rendered":"https:\/\/www.facet.unt.edu.ar\/secgestion\/?page_id=289"},"modified":"2015-09-09T10:51:30","modified_gmt":"2015-09-09T13:51:30","slug":"emalca-argentina-2015","status":"publish","type":"page","link":"https:\/\/www.facet.unt.edu.ar\/secgestion\/emalca-argentina-2015\/","title":{"rendered":"EMALCA Argentina 2015"},"content":{"rendered":"<div>\n<p>EMALCA Argentina 2015 se realizar\u00e1 entre el 10 y 22 de Agosto en la Facultad de Ciencias Exactas y Tecnolog\u00eda de la UNT.<\/p>\n<p>La misma consistir\u00e1 en: <a href=\"http:\/\/www.emalca2015.unt.edu.ar\/index.php\/actividades\/conferencias\" target=\"_blank\">5 conferencias<\/a>, <a href=\"http:\/\/www.emalca2015.unt.edu.ar\/index.php\/actividades\/cursos\" target=\"_blank\">4 cursos de matem\u00e1tica avanzada<\/a> y <a href=\"http:\/\/www.emalca2015.unt.edu.ar\/index.php\/actividades\/talleres\" target=\"_blank\">2 talleres para docentes de nivel medio<\/a>.\u00a0\u00a0 <span id=\"more-8494\"><\/span><\/p>\n<p>Se otorgar\u00e1n becas a alumnos avanzados y de posgrado, ver m\u00e1s <a href=\"http:\/\/www.emalca2015.unt.edu.ar\/index.php\/2015-06-09-20-15-23\/becas\" target=\"_blank\">aqu\u00ed<\/a>.<\/p>\n<p>Para inscribirse en los Cursos y Conferencias, debe llenar el <a href=\"http:\/\/www.emalca2015.unt.edu.ar\/index.php\/2015-06-09-20-15-23\/incripciones\" target=\"_blank\">formulario de inscripci\u00f3n<\/a>. Los Talleres tienen costo y cupo, adem\u00e1s de llenar el formulario deber\u00e1 abonar el importe de la inscripci\u00f3n e informar el pago, y con este \u00faltimo paso se reserva el cupo del mismo. Las inscripciones cierran el d\u00eda viernes 24 de Julio.<\/p>\n<p><a href=\"https:\/\/www.facet.unt.edu.ar\/facetinforma\/wp-content\/uploads\/sites\/9\/2015\/06\/Programa.pdf\" target=\"_blank\">Programa EMALCA 2015<\/a><\/p>\n<p>Para mayor informaci\u00f3n del evento, visite el sitio web: <a href=\"http:\/\/www.emalca2015.unt.edu.ar\" target=\"_blank\">www.emalca2015.unt.edu.ar<\/a><\/p>\n<p><img decoding=\"async\" loading=\"lazy\" class=\"shrinkToFit aligncenter\" src=\"https:\/\/www.facet.unt.edu.ar\/facetinforma\/wp-content\/uploads\/sites\/9\/2015\/06\/emalca-2015.jpg\" alt=\"https:\/\/www.facet.unt.edu.ar\/facetinforma\/wp-content\/uploads\/sites\/9\/2015\/06\/emalca-2015.jpg\" width=\"637\" height=\"450\" \/><\/p>\n<p>&nbsp;<\/p>\n<\/div>\n","protected":false},"excerpt":{"rendered":"<p>EMALCA Argentina 2015 se realizar\u00e1 entre el 10 y 22 de Agosto en la Facultad de Ciencias Exactas y Tecnolog\u00eda de la UNT. La misma consistir\u00e1 en: 5 conferencias, 4 cursos de matem\u00e1tica avanzada y 2 talleres para docentes de nivel medio.\u00a0\u00a0 Se otorgar\u00e1n becas a alumnos avanzados y de posgrado, ver m\u00e1s aqu\u00ed. Para [&hellip;]<\/p>\n","protected":false},"author":6,"featured_media":0,"parent":0,"menu_order":0,"comment_status":"closed","ping_status":"closed","template":"","meta":[],"_links":{"self":[{"href":"https:\/\/www.facet.unt.edu.ar\/secgestion\/wp-json\/wp\/v2\/pages\/289"}],"collection":[{"href":"https:\/\/www.facet.unt.edu.ar\/secgestion\/wp-json\/wp\/v2\/pages"}],"about":[{"href":"https:\/\/www.facet.unt.edu.ar\/secgestion\/wp-json\/wp\/v2\/types\/page"}],"author":[{"embeddable":true,"href":"https:\/\/www.facet.unt.edu.ar\/secgestion\/wp-json\/wp\/v2\/users\/6"}],"replies":[{"embeddable":true,"href":"https:\/\/www.facet.unt.edu.ar\/secgestion\/wp-json\/wp\/v2\/comments?post=289"}],"version-history":[{"count":1,"href":"https:\/\/www.facet.unt.edu.ar\/secgestion\/wp-json\/wp\/v2\/pages\/289\/revisions"}],"predecessor-version":[{"id":290,"href":"https:\/\/www.facet.unt.edu.ar\/secgestion\/wp-json\/wp\/v2\/pages\/289\/revisions\/290"}],"wp:attachment":[{"href":"https:\/\/www.facet.unt.edu.ar\/secgestion\/wp-json\/wp\/v2\/media?parent=289"}],"curies":[{"name":"wp","href":"https:\/\/api.w.org\/{rel}","templated":true}]}}