{"id":296,"date":"2015-09-17T11:08:33","date_gmt":"2015-09-17T14:08:33","guid":{"rendered":"https:\/\/www.facet.unt.edu.ar\/secgestion\/?page_id=296"},"modified":"2015-09-17T11:08:33","modified_gmt":"2015-09-17T14:08:33","slug":"semana-nacional-del-emprendedor-tecnologico-2015-seminario-comercio-exterior","status":"publish","type":"page","link":"https:\/\/www.facet.unt.edu.ar\/secgestion\/semana-nacional-del-emprendedor-tecnologico-2015-seminario-comercio-exterior\/","title":{"rendered":"Semana Nacional del Emprendedor Tecnol\u00f3gico 2015 &#8211; Seminario \u201cComercio Exterior\u201d"},"content":{"rendered":"<p>Dando comienzo a la Semana Nacional del Emprendedor Tecnol\u00f3gico 2015, y con el auspicio de la Secretar\u00eda de Gesti\u00f3n y Extensi\u00f3n de la FACET, el Lic. Luis Honorato, Presidente de la C\u00e1mara de Comercio Exterior de Tucum\u00e1n, disert\u00f3 en el d\u00eda de la fecha en la Sala Dr. Orlando Bravo.<\/p>\n<p>Estudiantes de las Carreras de Ingenier\u00eda Industrial, Civil y Agrimensura entre otras, participaron activamente durante la disertaci\u00f3n que abord\u00f3 diversos t\u00f3picos acerca de la pr\u00e1ctica de comercio exterior.<\/p>\n<table>\n<tbody>\n<tr>\n<td><a href=\"https:\/\/www.facet.unt.edu.ar\/facetinforma\/wp-content\/uploads\/sites\/9\/2015\/09\/20150914_092804.jpg\"><img decoding=\"async\" loading=\"lazy\" class=\"aligncenter size-medium wp-image-8948\" src=\"https:\/\/www.facet.unt.edu.ar\/facetinforma\/wp-content\/uploads\/sites\/9\/2015\/09\/20150914_092804-300x225.jpg\" alt=\"20150914_092804\" width=\"300\" height=\"225\" \/><\/a><\/td>\n<td><a href=\"https:\/\/www.facet.unt.edu.ar\/facetinforma\/wp-content\/uploads\/sites\/9\/2015\/09\/20150914_094033.jpg\"><img decoding=\"async\" loading=\"lazy\" class=\"aligncenter size-medium wp-image-8949\" src=\"https:\/\/www.facet.unt.edu.ar\/facetinforma\/wp-content\/uploads\/sites\/9\/2015\/09\/20150914_094033-300x225.jpg\" alt=\"20150914_094033\" width=\"300\" height=\"225\" \/><\/a><\/td>\n<\/tr>\n<\/tbody>\n<\/table>\n<table>\n<tbody>\n<tr>\n<td><a href=\"https:\/\/www.facet.unt.edu.ar\/facetinforma\/wp-content\/uploads\/sites\/9\/2015\/09\/20150914_092742.jpg\"><img decoding=\"async\" loading=\"lazy\" class=\"aligncenter wp-image-8947 \" src=\"https:\/\/www.facet.unt.edu.ar\/facetinforma\/wp-content\/uploads\/sites\/9\/2015\/09\/20150914_092742-1024x768.jpg\" alt=\"20150914_092742\" width=\"446\" height=\"334\" \/><\/a><\/td>\n<\/tr>\n<\/tbody>\n<\/table>\n","protected":false},"excerpt":{"rendered":"<p>Dando comienzo a la Semana Nacional del Emprendedor Tecnol\u00f3gico 2015, y con el auspicio de la Secretar\u00eda de Gesti\u00f3n y Extensi\u00f3n de la FACET, el Lic. Luis Honorato, Presidente de la C\u00e1mara de Comercio Exterior de Tucum\u00e1n, disert\u00f3 en el d\u00eda de la fecha en la Sala Dr. Orlando Bravo. Estudiantes de las Carreras de [&hellip;]<\/p>\n","protected":false},"author":6,"featured_media":0,"parent":0,"menu_order":0,"comment_status":"closed","ping_status":"closed","template":"","meta":[],"_links":{"self":[{"href":"https:\/\/www.facet.unt.edu.ar\/secgestion\/wp-json\/wp\/v2\/pages\/296"}],"collection":[{"href":"https:\/\/www.facet.unt.edu.ar\/secgestion\/wp-json\/wp\/v2\/pages"}],"about":[{"href":"https:\/\/www.facet.unt.edu.ar\/secgestion\/wp-json\/wp\/v2\/types\/page"}],"author":[{"embeddable":true,"href":"https:\/\/www.facet.unt.edu.ar\/secgestion\/wp-json\/wp\/v2\/users\/6"}],"replies":[{"embeddable":true,"href":"https:\/\/www.facet.unt.edu.ar\/secgestion\/wp-json\/wp\/v2\/comments?post=296"}],"version-history":[{"count":1,"href":"https:\/\/www.facet.unt.edu.ar\/secgestion\/wp-json\/wp\/v2\/pages\/296\/revisions"}],"predecessor-version":[{"id":298,"href":"https:\/\/www.facet.unt.edu.ar\/secgestion\/wp-json\/wp\/v2\/pages\/296\/revisions\/298"}],"wp:attachment":[{"href":"https:\/\/www.facet.unt.edu.ar\/secgestion\/wp-json\/wp\/v2\/media?parent=296"}],"curies":[{"name":"wp","href":"https:\/\/api.w.org\/{rel}","templated":true}]}}