{"id":302,"date":"2015-09-25T18:41:10","date_gmt":"2015-09-25T21:41:10","guid":{"rendered":"https:\/\/www.facet.unt.edu.ar\/secgestion\/?page_id=302"},"modified":"2015-09-25T18:43:23","modified_gmt":"2015-09-25T21:43:23","slug":"rally-latinoamericano-de-innovacion","status":"publish","type":"page","link":"https:\/\/www.facet.unt.edu.ar\/secgestion\/rally-latinoamericano-de-innovacion\/","title":{"rendered":"Rally Latinoamericano de Innovaci\u00f3n"},"content":{"rendered":"<p>Durante los d\u00edas 9 y 10 de Octubre se realizar\u00e1 en la FACET una nueva edici\u00f3n del Rally Latinoamericano de Innovaci\u00f3n.<\/p>\n<p>El \u201cRally Latinoamericano de Innovaci\u00f3n\u201d es una competencia internacional que tiene como prop\u00f3sito fomentar la innovaci\u00f3n abierta en estudiantes de carreras de ingenier\u00eda de Latinoam\u00e9rica.<\/p>\n<p>La competencia propone resolver desaf\u00edos que consistir\u00e1n en problemas reales que requieran de una soluci\u00f3n creativa, no estando limitados \u00fanicamente al \u00e1mbito tecnol\u00f3gico, pudiendo ser de varios sectores de actividades o temas sociales, ambientales, organizacionales, art\u00edsticos, log\u00edsticos o de otro tipo.<\/p>\n<p>Los equipos tienen 30 horas para seleccionar un desaf\u00edo, entender el problema, conformar los equipos, plantear una soluci\u00f3n, identificar los beneficiarios, validarla, ajustar lo que consideren necesario hasta lograr una propuesta que ser\u00e1 presentada mediante un video con una duraci\u00f3n de hasta 3 minutos.<\/p>\n<p>Premios en 2 categor\u00edas:<br \/>\n\u2022 Innovaci\u00f3n: propuestas que se destaquen en aspectos de innovaci\u00f3n.<br \/>\n\u2022 Impacto social: propuestas que se destaquen por su impacto social.<\/p>\n<p><u>Organiza<\/u>: FACET EMPRENDE<\/p>\n<p>Pod\u00e9s anotarte s\u00f3lo o en equipo. Inscribite aqu\u00ed: <a href=\"http:\/\/www.eventioz.com.ar\/rallyinnovacion\" target=\"_blank\">www.eventioz.com.ar\/rallyinnovacion<\/a><\/p>\n<p><a href=\"https:\/\/www.facet.unt.edu.ar\/facetinforma\/wp-content\/uploads\/sites\/9\/2015\/09\/AFICHE-RALLY-2015.png\"><img decoding=\"async\" loading=\"lazy\" class=\"aligncenter wp-image-9033\" src=\"https:\/\/www.facet.unt.edu.ar\/facetinforma\/wp-content\/uploads\/sites\/9\/2015\/09\/AFICHE-RALLY-2015.png\" alt=\"AFICHE RALLY 2015\" width=\"438\" height=\"619\" \/><\/a><\/p>\n","protected":false},"excerpt":{"rendered":"<p>Durante los d\u00edas 9 y 10 de Octubre se realizar\u00e1 en la FACET una nueva edici\u00f3n del Rally Latinoamericano de Innovaci\u00f3n. El \u201cRally Latinoamericano de Innovaci\u00f3n\u201d es una competencia internacional que tiene como prop\u00f3sito fomentar la innovaci\u00f3n abierta en estudiantes de carreras de ingenier\u00eda de Latinoam\u00e9rica. La competencia propone resolver desaf\u00edos que consistir\u00e1n en problemas [&hellip;]<\/p>\n","protected":false},"author":6,"featured_media":0,"parent":0,"menu_order":0,"comment_status":"closed","ping_status":"closed","template":"","meta":[],"_links":{"self":[{"href":"https:\/\/www.facet.unt.edu.ar\/secgestion\/wp-json\/wp\/v2\/pages\/302"}],"collection":[{"href":"https:\/\/www.facet.unt.edu.ar\/secgestion\/wp-json\/wp\/v2\/pages"}],"about":[{"href":"https:\/\/www.facet.unt.edu.ar\/secgestion\/wp-json\/wp\/v2\/types\/page"}],"author":[{"embeddable":true,"href":"https:\/\/www.facet.unt.edu.ar\/secgestion\/wp-json\/wp\/v2\/users\/6"}],"replies":[{"embeddable":true,"href":"https:\/\/www.facet.unt.edu.ar\/secgestion\/wp-json\/wp\/v2\/comments?post=302"}],"version-history":[{"count":2,"href":"https:\/\/www.facet.unt.edu.ar\/secgestion\/wp-json\/wp\/v2\/pages\/302\/revisions"}],"predecessor-version":[{"id":305,"href":"https:\/\/www.facet.unt.edu.ar\/secgestion\/wp-json\/wp\/v2\/pages\/302\/revisions\/305"}],"wp:attachment":[{"href":"https:\/\/www.facet.unt.edu.ar\/secgestion\/wp-json\/wp\/v2\/media?parent=302"}],"curies":[{"name":"wp","href":"https:\/\/api.w.org\/{rel}","templated":true}]}}