{"id":307,"date":"2015-11-13T21:30:20","date_gmt":"2015-11-14T00:30:20","guid":{"rendered":"https:\/\/www.facet.unt.edu.ar\/secgestion\/?page_id=307"},"modified":"2015-11-14T00:43:03","modified_gmt":"2015-11-14T03:43:03","slug":"58-reunion-plenaria-del-confedi","status":"publish","type":"page","link":"https:\/\/www.facet.unt.edu.ar\/secgestion\/58-reunion-plenaria-del-confedi\/","title":{"rendered":"58\u00b0 Reuni\u00f3n Plenaria del CONFEDI"},"content":{"rendered":"<p><strong>La 58\u00b0 Reuni\u00f3n Plenaria del CONFEDI se llev\u00f3 a cabo el 12 y 13 de Noviembre en el Centro Cultural Virla. Organizada por la Facultad de Ciencias Exactas y Tecnolog\u00eda.<br \/>\n<\/strong><!--more--><\/p>\n<p>La segunda Asamblea Plenaria del Consejo Federal de Decanos de Facultades de Ingenier\u00eda (CONFEDI) se llev\u00f3 a cabo el 12 y 13 de Noviembre en el Centro Cultural Virla. Durante el encuentro, que est\u00e1 organizado por la Facultad de Ciencias Exactas y Tecnolog\u00eda, los decanos de las distintas unidades acad\u00e9micas de ingenier\u00eda del pa\u00eds, debatieron sobre temas referidos a presupuesto e infraestructura, posgrado, extensi\u00f3n y transferencia y ense\u00f1anza, entre otros t\u00f3picos.<\/p>\n<p><a href=\"https:\/\/www.facet.unt.edu.ar\/secgestion\/wp-content\/uploads\/sites\/24\/2015\/11\/129357_20151112144624.jpg\"><img decoding=\"async\" loading=\"lazy\" class=\"aligncenter wp-image-336\" src=\"https:\/\/www.facet.unt.edu.ar\/secgestion\/wp-content\/uploads\/sites\/24\/2015\/11\/129357_20151112144624.jpg\" alt=\"129357_20151112144624\" width=\"608\" height=\"441\" srcset=\"https:\/\/www.facet.unt.edu.ar\/secgestion\/wp-content\/uploads\/sites\/24\/2015\/11\/129357_20151112144624.jpg 970w, https:\/\/www.facet.unt.edu.ar\/secgestion\/wp-content\/uploads\/sites\/24\/2015\/11\/129357_20151112144624-300x217.jpg 300w\" sizes=\"(max-width: 608px) 100vw, 608px\" \/><\/a><\/p>\n<p>El CONFEDI act\u00faa como entidad de representaci\u00f3n de la formaci\u00f3n universitaria en ingenier\u00eda de la Argentina, velando por la calidad, dignidad e imagen en la sociedad de la ingenier\u00eda en general, y de la educaci\u00f3n en ingenier\u00eda en particular. Est\u00e1 integrado por decanos y ex decanos que se re\u00fanen semestralmente en reuniones plenarias en las diferentes sedes de las facultades de ingenier\u00eda de la Argentina. La direcci\u00f3n y administraci\u00f3n del CONFEDI est\u00e1 en manos de un Comit\u00e9 Ejecutivo que se elige anualmente en reuni\u00f3n plenaria de socios y por una serie de comisiones tem\u00e1ticas que coordinan el trabajo colegiado.<\/p>\n<p>El consejo nace en marzo de 1988 a partir de la inquietud de un grupo de Decanos de conformar un \u00e1mbito en el cual se debatan y propicien, a partir de experiencias propias, soluciones a las problem\u00e1ticas universitarias planteadas en las Unidades Acad\u00e9micas de Ingenier\u00eda.<\/p>\n<p>Hoy, m\u00e1s de 100 facultades o departamentos de ingenier\u00eda integran el CONFEDI.<\/p>\n<p>El Ing. Sergio Pagani se\u00f1al\u00f3 que \u201ces muy importante ser organizadores de esta reuni\u00f3n plenaria del Confedi porque aqu\u00ed se discuten las pol\u00edticas relacionadas a la ense\u00f1anza de las ingenier\u00edas a nivel nacional\u201d. Agreg\u00f3 que invitaron al gerente de INVAP porque \u201cpara nosotros como facultades de ingenier\u00eda es importante conocer su visi\u00f3n en la formaci\u00f3n de ingenieros\u201d y agreg\u00f3 que la FACET prepara egresados que trabajan en prestigiosas empresas nacionales como INVAP y tambi\u00e9n en reconocidas firmas multinacionales.<\/p>\n<p>A las 21 hs del d\u00eda jueves 12 de noviembre, se realiz\u00f3 frente al Museo de la Casa Hist\u00f3rica de la Independencia el tradicional cambio de guardia.\u00a0 En esta oportunidad, se cambi\u00f3 la fecha especialmente para los decanos de ingenier\u00eda de todo el pa\u00eds que asistieron a la Cena de Camarader\u00eda. Acto seguido se realiz\u00f3 la foto institucional.<\/p>\n<p>El viernes 13 de Noviembre concluy\u00f3 la Asamblea Plenaria del CONFEDI con la asunci\u00f3n del Ing. Sergio Pagani como Presidente de dicho consejo.<\/p>\n<p>&nbsp;<\/p>\n<p><a href=\"https:\/\/www.facet.unt.edu.ar\/secgestion\/wp-content\/uploads\/sites\/24\/2015\/11\/BANNER-CONFEDI.png\"><img decoding=\"async\" loading=\"lazy\" class=\"aligncenter wp-image-310\" src=\"https:\/\/www.facet.unt.edu.ar\/secgestion\/wp-content\/uploads\/sites\/24\/2015\/11\/BANNER-CONFEDI.png\" alt=\"BANNER CONFEDI\" width=\"473\" height=\"999\" srcset=\"https:\/\/www.facet.unt.edu.ar\/secgestion\/wp-content\/uploads\/sites\/24\/2015\/11\/BANNER-CONFEDI.png 600w, https:\/\/www.facet.unt.edu.ar\/secgestion\/wp-content\/uploads\/sites\/24\/2015\/11\/BANNER-CONFEDI-142x300.png 142w, https:\/\/www.facet.unt.edu.ar\/secgestion\/wp-content\/uploads\/sites\/24\/2015\/11\/BANNER-CONFEDI-485x1024.png 485w\" sizes=\"(max-width: 473px) 100vw, 473px\" \/><\/a><\/p>\n","protected":false},"excerpt":{"rendered":"<p>La 58\u00b0 Reuni\u00f3n Plenaria del CONFEDI se llev\u00f3 a cabo el 12 y 13 de Noviembre en el Centro Cultural Virla. Organizada por la Facultad de Ciencias Exactas y Tecnolog\u00eda.<\/p>\n","protected":false},"author":6,"featured_media":0,"parent":0,"menu_order":0,"comment_status":"closed","ping_status":"closed","template":"","meta":[],"_links":{"self":[{"href":"https:\/\/www.facet.unt.edu.ar\/secgestion\/wp-json\/wp\/v2\/pages\/307"}],"collection":[{"href":"https:\/\/www.facet.unt.edu.ar\/secgestion\/wp-json\/wp\/v2\/pages"}],"about":[{"href":"https:\/\/www.facet.unt.edu.ar\/secgestion\/wp-json\/wp\/v2\/types\/page"}],"author":[{"embeddable":true,"href":"https:\/\/www.facet.unt.edu.ar\/secgestion\/wp-json\/wp\/v2\/users\/6"}],"replies":[{"embeddable":true,"href":"https:\/\/www.facet.unt.edu.ar\/secgestion\/wp-json\/wp\/v2\/comments?post=307"}],"version-history":[{"count":6,"href":"https:\/\/www.facet.unt.edu.ar\/secgestion\/wp-json\/wp\/v2\/pages\/307\/revisions"}],"predecessor-version":[{"id":338,"href":"https:\/\/www.facet.unt.edu.ar\/secgestion\/wp-json\/wp\/v2\/pages\/307\/revisions\/338"}],"wp:attachment":[{"href":"https:\/\/www.facet.unt.edu.ar\/secgestion\/wp-json\/wp\/v2\/media?parent=307"}],"curies":[{"name":"wp","href":"https:\/\/api.w.org\/{rel}","templated":true}]}}