{"id":344,"date":"2015-12-01T21:48:30","date_gmt":"2015-12-02T00:48:30","guid":{"rendered":"https:\/\/www.facet.unt.edu.ar\/secgestion\/?page_id=344"},"modified":"2015-12-01T22:01:07","modified_gmt":"2015-12-02T01:01:07","slug":"viaje-a-tecnopolis-estudiantes-del-nivel-medio","status":"publish","type":"page","link":"https:\/\/www.facet.unt.edu.ar\/secgestion\/viaje-a-tecnopolis-estudiantes-del-nivel-medio\/","title":{"rendered":"Proyecto &#8220;FACET en los Barrios&#8221; &#8211; Viaje a Tecn\u00f3polis"},"content":{"rendered":"<p>Dentro del marco del Proyecto &#8220;FACET en los Barrios&#8221;, estudiantes del nivel medio de escuelas de San Miguel de Tucum\u00e1n realizaron un viaje a Tecnopolis, acompa\u00f1ados por estudiantes, docentes y personal de apoyo de la FACET.<\/p>\n<div>El proyecto estuvo destinado a propiciar las vocaciones tempranas cient\u00edfico tecnol\u00f3gicas en adolescentes de barrios del Gran San Miguel de Tucum\u00e1n.<\/div>\n<div><\/div>\n<div><a href=\"https:\/\/www.facet.unt.edu.ar\/secgestion\/wp-content\/uploads\/sites\/24\/2015\/12\/IMG_20151104_183327.jpg\"><img decoding=\"async\" loading=\"lazy\" class=\"aligncenter wp-image-347\" src=\"https:\/\/www.facet.unt.edu.ar\/secgestion\/wp-content\/uploads\/sites\/24\/2015\/12\/IMG_20151104_183327.jpg\" alt=\"IMG_20151104_183327\" width=\"589\" height=\"442\" srcset=\"https:\/\/www.facet.unt.edu.ar\/secgestion\/wp-content\/uploads\/sites\/24\/2015\/12\/IMG_20151104_183327.jpg 4160w, https:\/\/www.facet.unt.edu.ar\/secgestion\/wp-content\/uploads\/sites\/24\/2015\/12\/IMG_20151104_183327-300x225.jpg 300w, https:\/\/www.facet.unt.edu.ar\/secgestion\/wp-content\/uploads\/sites\/24\/2015\/12\/IMG_20151104_183327-1024x768.jpg 1024w\" sizes=\"(max-width: 589px) 100vw, 589px\" \/><\/a><\/div>\n<div>\u00a0<a href=\"https:\/\/www.facet.unt.edu.ar\/secgestion\/wp-content\/uploads\/sites\/24\/2015\/12\/IMG_20151105_122553.jpg\"><img decoding=\"async\" loading=\"lazy\" class=\"aligncenter wp-image-349\" src=\"https:\/\/www.facet.unt.edu.ar\/secgestion\/wp-content\/uploads\/sites\/24\/2015\/12\/IMG_20151105_122553.jpg\" alt=\"IMG_20151105_122553\" width=\"589\" height=\"442\" srcset=\"https:\/\/www.facet.unt.edu.ar\/secgestion\/wp-content\/uploads\/sites\/24\/2015\/12\/IMG_20151105_122553.jpg 4160w, https:\/\/www.facet.unt.edu.ar\/secgestion\/wp-content\/uploads\/sites\/24\/2015\/12\/IMG_20151105_122553-300x225.jpg 300w, https:\/\/www.facet.unt.edu.ar\/secgestion\/wp-content\/uploads\/sites\/24\/2015\/12\/IMG_20151105_122553-1024x768.jpg 1024w\" sizes=\"(max-width: 589px) 100vw, 589px\" \/><\/a><\/div>\n<div><a href=\"https:\/\/www.facet.unt.edu.ar\/secgestion\/wp-content\/uploads\/sites\/24\/2015\/12\/IMG_20151106_130808.jpg\"><img decoding=\"async\" loading=\"lazy\" class=\"aligncenter wp-image-351\" src=\"https:\/\/www.facet.unt.edu.ar\/secgestion\/wp-content\/uploads\/sites\/24\/2015\/12\/IMG_20151106_130808.jpg\" alt=\"IMG_20151106_130808\" width=\"589\" height=\"442\" srcset=\"https:\/\/www.facet.unt.edu.ar\/secgestion\/wp-content\/uploads\/sites\/24\/2015\/12\/IMG_20151106_130808.jpg 4160w, https:\/\/www.facet.unt.edu.ar\/secgestion\/wp-content\/uploads\/sites\/24\/2015\/12\/IMG_20151106_130808-300x225.jpg 300w, https:\/\/www.facet.unt.edu.ar\/secgestion\/wp-content\/uploads\/sites\/24\/2015\/12\/IMG_20151106_130808-1024x768.jpg 1024w\" sizes=\"(max-width: 589px) 100vw, 589px\" \/><\/a><\/div>\n","protected":false},"excerpt":{"rendered":"<p>Dentro del marco del Proyecto &#8220;FACET en los Barrios&#8221;, estudiantes del nivel medio de escuelas de San Miguel de Tucum\u00e1n realizaron un viaje a Tecnopolis, acompa\u00f1ados por estudiantes, docentes y personal de apoyo de la FACET. El proyecto estuvo destinado a propiciar las vocaciones tempranas cient\u00edfico tecnol\u00f3gicas en adolescentes de barrios del Gran San Miguel [&hellip;]<\/p>\n","protected":false},"author":6,"featured_media":0,"parent":0,"menu_order":0,"comment_status":"closed","ping_status":"closed","template":"","meta":[],"_links":{"self":[{"href":"https:\/\/www.facet.unt.edu.ar\/secgestion\/wp-json\/wp\/v2\/pages\/344"}],"collection":[{"href":"https:\/\/www.facet.unt.edu.ar\/secgestion\/wp-json\/wp\/v2\/pages"}],"about":[{"href":"https:\/\/www.facet.unt.edu.ar\/secgestion\/wp-json\/wp\/v2\/types\/page"}],"author":[{"embeddable":true,"href":"https:\/\/www.facet.unt.edu.ar\/secgestion\/wp-json\/wp\/v2\/users\/6"}],"replies":[{"embeddable":true,"href":"https:\/\/www.facet.unt.edu.ar\/secgestion\/wp-json\/wp\/v2\/comments?post=344"}],"version-history":[{"count":6,"href":"https:\/\/www.facet.unt.edu.ar\/secgestion\/wp-json\/wp\/v2\/pages\/344\/revisions"}],"predecessor-version":[{"id":355,"href":"https:\/\/www.facet.unt.edu.ar\/secgestion\/wp-json\/wp\/v2\/pages\/344\/revisions\/355"}],"wp:attachment":[{"href":"https:\/\/www.facet.unt.edu.ar\/secgestion\/wp-json\/wp\/v2\/media?parent=344"}],"curies":[{"name":"wp","href":"https:\/\/api.w.org\/{rel}","templated":true}]}}