{"id":108,"date":"2016-03-15T19:17:13","date_gmt":"2016-03-15T22:17:13","guid":{"rendered":"https:\/\/www.facet.unt.edu.ar\/syso\/?page_id=108"},"modified":"2024-04-17T11:32:01","modified_gmt":"2024-04-17T14:32:01","slug":"comision","status":"publish","type":"page","link":"https:\/\/www.facet.unt.edu.ar\/syso\/comision\/","title":{"rendered":"COMISI\u00d3N"},"content":{"rendered":"<ul>\n<li>Ing. Carlos Ivan &#8211; Presidente<\/li>\n<li>Lic. Gabriel Mauricio D\u00edaz &#8211; Coordinador Ejecutivo<\/li>\n<li>B.U.F: Horacio Brizuela &#8211; Dpto. F\u00edsica<\/li>\n<li>Lic. Gabriel Trimarco &#8211; Dpto. Matem\u00e1tica<\/li>\n<li>Ing. Silvina Grupalli &#8211; Dpto. Electricidad, Electr\u00f3nica y Computaci\u00f3n<\/li>\n<li>Dra. Andrea Rodr\u00edguez &#8211; Dpto. Bioingenier\u00eda<\/li>\n<li>Ing. Juan Carlos Santana S\u00e1nchez &#8211; Dpto. Mec\u00e1nica<\/li>\n<li>Agr. Ricardo Garc\u00eda &#8211; Dpto. de Ciencias de la Computaci\u00f3n<\/li>\n<li>Ing. Sergio Contino &#8211; Dpto. Construcciones y Obras Civiles<\/li>\n<li>Ing. Ariel Viera &#8211; Dpto. Ingenier\u00eda de Procesos y Gesti\u00f3n Industrial<\/li>\n<li>Ing. V\u00edctor Hugo Arreyes &#8211; Dpto. Luminotecnia, Luz y Visi\u00f3n<\/li>\n<li>Lic. Leticia Romano Nanni &#8211; Dpto. Azucarera<\/li>\n<\/ul>\n","protected":false},"excerpt":{"rendered":"<p>Ing. Carlos Ivan &#8211; Presidente Lic. Gabriel Mauricio D\u00edaz &#8211; Coordinador Ejecutivo B.U.F: Horacio Brizuela &#8211; Dpto. F\u00edsica Lic. Gabriel Trimarco &#8211; Dpto. Matem\u00e1tica Ing. Silvina Grupalli &#8211; Dpto. Electricidad, Electr\u00f3nica y Computaci\u00f3n Dra. Andrea Rodr\u00edguez &#8211; Dpto. Bioingenier\u00eda Ing. Juan Carlos Santana S\u00e1nchez &#8211; Dpto. Mec\u00e1nica Agr. Ricardo Garc\u00eda &#8211; Dpto. de Ciencias de [&hellip;]<\/p>\n","protected":false},"author":6,"featured_media":0,"parent":0,"menu_order":0,"comment_status":"closed","ping_status":"closed","template":"","meta":[],"_links":{"self":[{"href":"https:\/\/www.facet.unt.edu.ar\/syso\/wp-json\/wp\/v2\/pages\/108"}],"collection":[{"href":"https:\/\/www.facet.unt.edu.ar\/syso\/wp-json\/wp\/v2\/pages"}],"about":[{"href":"https:\/\/www.facet.unt.edu.ar\/syso\/wp-json\/wp\/v2\/types\/page"}],"author":[{"embeddable":true,"href":"https:\/\/www.facet.unt.edu.ar\/syso\/wp-json\/wp\/v2\/users\/6"}],"replies":[{"embeddable":true,"href":"https:\/\/www.facet.unt.edu.ar\/syso\/wp-json\/wp\/v2\/comments?post=108"}],"version-history":[{"count":7,"href":"https:\/\/www.facet.unt.edu.ar\/syso\/wp-json\/wp\/v2\/pages\/108\/revisions"}],"predecessor-version":[{"id":330,"href":"https:\/\/www.facet.unt.edu.ar\/syso\/wp-json\/wp\/v2\/pages\/108\/revisions\/330"}],"wp:attachment":[{"href":"https:\/\/www.facet.unt.edu.ar\/syso\/wp-json\/wp\/v2\/media?parent=108"}],"curies":[{"name":"wp","href":"https:\/\/api.w.org\/{rel}","templated":true}]}}