{"id":118,"date":"2016-03-15T19:30:50","date_gmt":"2016-03-15T22:30:50","guid":{"rendered":"https:\/\/www.facet.unt.edu.ar\/syso\/?page_id=118"},"modified":"2016-03-28T14:27:04","modified_gmt":"2016-03-28T17:27:04","slug":"resoluciones-u-n-t","status":"publish","type":"page","link":"https:\/\/www.facet.unt.edu.ar\/syso\/resoluciones-u-n-t\/","title":{"rendered":"RESOLUCIONES U.N.T."},"content":{"rendered":"<p>&#8211; <a href=\"https:\/\/www.facet.unt.edu.ar\/syso\/wp-content\/uploads\/sites\/36\/2016\/03\/Resolucion-Rectorado-N\u00ba-1106-2012.pdf\" target=\"_blank\">Resoluci\u00f3n Rectorado Nro. 1106-2012<\/a><\/p>\n<p>&#8211; <a href=\"https:\/\/www.facet.unt.edu.ar\/syso\/wp-content\/uploads\/sites\/36\/2016\/03\/Resolucion-Rectorado-N\u00ba-2117-2012.pdf\" target=\"_blank\">Resoluci\u00f3n Rectorado Nro. 2117-2012<\/a><\/p>\n<p>&#8211; <a href=\"https:\/\/www.facet.unt.edu.ar\/syso\/wp-content\/uploads\/sites\/36\/2016\/03\/IMG1.pdf\" target=\"_blank\">Resoluci\u00f3n Rectorado Nro. 2649-2013<\/a><\/p>\n","protected":false},"excerpt":{"rendered":"<p>&#8211; Resoluci\u00f3n Rectorado Nro. 1106-2012 &#8211; Resoluci\u00f3n Rectorado Nro. 2117-2012 &#8211; Resoluci\u00f3n Rectorado Nro. 2649-2013<\/p>\n","protected":false},"author":6,"featured_media":0,"parent":0,"menu_order":0,"comment_status":"closed","ping_status":"closed","template":"","meta":[],"_links":{"self":[{"href":"https:\/\/www.facet.unt.edu.ar\/syso\/wp-json\/wp\/v2\/pages\/118"}],"collection":[{"href":"https:\/\/www.facet.unt.edu.ar\/syso\/wp-json\/wp\/v2\/pages"}],"about":[{"href":"https:\/\/www.facet.unt.edu.ar\/syso\/wp-json\/wp\/v2\/types\/page"}],"author":[{"embeddable":true,"href":"https:\/\/www.facet.unt.edu.ar\/syso\/wp-json\/wp\/v2\/users\/6"}],"replies":[{"embeddable":true,"href":"https:\/\/www.facet.unt.edu.ar\/syso\/wp-json\/wp\/v2\/comments?post=118"}],"version-history":[{"count":4,"href":"https:\/\/www.facet.unt.edu.ar\/syso\/wp-json\/wp\/v2\/pages\/118\/revisions"}],"predecessor-version":[{"id":173,"href":"https:\/\/www.facet.unt.edu.ar\/syso\/wp-json\/wp\/v2\/pages\/118\/revisions\/173"}],"wp:attachment":[{"href":"https:\/\/www.facet.unt.edu.ar\/syso\/wp-json\/wp\/v2\/media?parent=118"}],"curies":[{"name":"wp","href":"https:\/\/api.w.org\/{rel}","templated":true}]}}