{"id":120,"date":"2016-03-15T19:32:40","date_gmt":"2016-03-15T22:32:40","guid":{"rendered":"https:\/\/www.facet.unt.edu.ar\/syso\/?page_id=120"},"modified":"2016-03-28T17:40:44","modified_gmt":"2016-03-28T20:40:44","slug":"resoluciones-facet","status":"publish","type":"page","link":"https:\/\/www.facet.unt.edu.ar\/syso\/resoluciones-facet\/","title":{"rendered":"RESOLUCIONES FACET"},"content":{"rendered":"<p>&#8211; <a href=\"https:\/\/www.facet.unt.edu.ar\/syso\/wp-content\/uploads\/sites\/36\/2016\/03\/Resolucion-Facultad-N\u00ba-1567-2010.pdf\" target=\"_blank\"> Resoluci\u00f3n Nro. 1567\/2010<\/a><\/p>\n<p>&#8211; <a href=\"https:\/\/www.facet.unt.edu.ar\/syso\/wp-content\/uploads\/sites\/36\/2016\/03\/Resolucion-SySO-por-CD-459-11-Capacitacion.pdf\" target=\"_blank\">Resoluci\u00f3n Nro. 0459\/2011 \u2013 Capacitaci\u00f3n<\/a><\/p>\n<p>&#8211; <a href=\"https:\/\/www.facet.unt.edu.ar\/syso\/wp-content\/uploads\/sites\/36\/2016\/03\/60.278-11-Riesgos-en-talleres-y-laboratorios-1.pdf\" target=\"_blank\">Resoluci\u00f3n Nro. 1297\/2012<\/a><\/p>\n<p>&#8211; <a href=\"https:\/\/www.facet.unt.edu.ar\/syso\/wp-content\/uploads\/sites\/36\/2016\/03\/Resoluci\u00f3n-CD1530-12.pdf\" target=\"_blank\">Resoluci\u00f3n Nro. 1530\/2012<\/a><\/p>\n<p>&#8211; <a href=\"https:\/\/www.facet.unt.edu.ar\/syso\/wp-content\/uploads\/sites\/36\/2016\/03\/Resolucion-1213-14-Prorroga-Designacion-SySO.pdf\" target=\"_blank\">Resoluci\u00f3n 1213\/2014 \u2013 Pr\u00f3rroga Designaci\u00f3n SySO<\/a><\/p>\n<p>&#8211; <a href=\"https:\/\/www.facet.unt.edu.ar\/syso\/wp-content\/uploads\/sites\/36\/2016\/03\/Resolucion-1463-14-Creacion-Unidad-Auditoria-Ambiental.pdf\" target=\"_blank\">Resoluci\u00f3n 1462\/2014 y 1463\/2014 \u2013 Creaci\u00f3n Unidad Auditoria Ambiental<\/a><\/p>\n","protected":false},"excerpt":{"rendered":"<p>&#8211; Resoluci\u00f3n Nro. 1567\/2010 &#8211; Resoluci\u00f3n Nro. 0459\/2011 \u2013 Capacitaci\u00f3n &#8211; Resoluci\u00f3n Nro. 1297\/2012 &#8211; Resoluci\u00f3n Nro. 1530\/2012 &#8211; Resoluci\u00f3n 1213\/2014 \u2013 Pr\u00f3rroga Designaci\u00f3n SySO &#8211; Resoluci\u00f3n 1462\/2014 y 1463\/2014 \u2013 Creaci\u00f3n Unidad Auditoria Ambiental<\/p>\n","protected":false},"author":6,"featured_media":0,"parent":0,"menu_order":0,"comment_status":"closed","ping_status":"closed","template":"","meta":[],"_links":{"self":[{"href":"https:\/\/www.facet.unt.edu.ar\/syso\/wp-json\/wp\/v2\/pages\/120"}],"collection":[{"href":"https:\/\/www.facet.unt.edu.ar\/syso\/wp-json\/wp\/v2\/pages"}],"about":[{"href":"https:\/\/www.facet.unt.edu.ar\/syso\/wp-json\/wp\/v2\/types\/page"}],"author":[{"embeddable":true,"href":"https:\/\/www.facet.unt.edu.ar\/syso\/wp-json\/wp\/v2\/users\/6"}],"replies":[{"embeddable":true,"href":"https:\/\/www.facet.unt.edu.ar\/syso\/wp-json\/wp\/v2\/comments?post=120"}],"version-history":[{"count":4,"href":"https:\/\/www.facet.unt.edu.ar\/syso\/wp-json\/wp\/v2\/pages\/120\/revisions"}],"predecessor-version":[{"id":180,"href":"https:\/\/www.facet.unt.edu.ar\/syso\/wp-json\/wp\/v2\/pages\/120\/revisions\/180"}],"wp:attachment":[{"href":"https:\/\/www.facet.unt.edu.ar\/syso\/wp-json\/wp\/v2\/media?parent=120"}],"curies":[{"name":"wp","href":"https:\/\/api.w.org\/{rel}","templated":true}]}}