{"id":126,"date":"2016-03-15T19:36:39","date_gmt":"2016-03-15T22:36:39","guid":{"rendered":"https:\/\/www.facet.unt.edu.ar\/syso\/?page_id=126"},"modified":"2016-03-28T21:35:23","modified_gmt":"2016-03-29T00:35:23","slug":"documentacion","status":"publish","type":"page","link":"https:\/\/www.facet.unt.edu.ar\/syso\/documentacion\/","title":{"rendered":"DOCUMENTACI\u00d3N"},"content":{"rendered":"<p><a href=\"https:\/\/www.facet.unt.edu.ar\/syso\/wp-content\/uploads\/sites\/36\/2016\/03\/Documentaci\u00f3nMod1.png\" rel=\"attachment wp-att-127\"><img decoding=\"async\" loading=\"lazy\" class=\"aligncenter wp-image-127\" src=\"https:\/\/www.facet.unt.edu.ar\/syso\/wp-content\/uploads\/sites\/36\/2016\/03\/Documentaci\u00f3nMod1.png\" alt=\"Documentaci\u00f3nMod1\" width=\"489\" height=\"325\" srcset=\"https:\/\/www.facet.unt.edu.ar\/syso\/wp-content\/uploads\/sites\/36\/2016\/03\/Documentaci\u00f3nMod1.png 599w, https:\/\/www.facet.unt.edu.ar\/syso\/wp-content\/uploads\/sites\/36\/2016\/03\/Documentaci\u00f3nMod1-300x199.png 300w, https:\/\/www.facet.unt.edu.ar\/syso\/wp-content\/uploads\/sites\/36\/2016\/03\/Documentaci\u00f3nMod1-272x182.png 272w\" sizes=\"(max-width: 489px) 100vw, 489px\" \/><\/a><\/p>\n<ul>\n<ul>\n<ul>\n<li><a href=\"https:\/\/www.facet.unt.edu.ar\/syso\/wp-content\/uploads\/sites\/36\/2016\/03\/Modelo-de-acta-de-capacitaci\u00f3n-Syso.docx\" target=\"_blank\">Acta de Capacitaci\u00f3n Alumnos<\/a><\/li>\n<li><a href=\"https:\/\/www.facet.unt.edu.ar\/syso\/wp-content\/uploads\/sites\/36\/2016\/03\/Planilla-de-Residuos-Toxicos.pdf\" target=\"_blank\">Planilla de Retiro de Residuos T\u00f3xicos<\/a><\/li>\n<li><a href=\"http:\/\/www.youblisher.com\/p\/1136360-Procedimientos-ante-Accidentes\/\" target=\"_blank\">Procedimientos ante Accidentes<\/a><\/li>\n<li><a href=\"https:\/\/www.facet.unt.edu.ar\/syso\/wp-content\/uploads\/sites\/36\/2016\/03\/Tarjeta-de-Bloqueo-de-Uso-de-Equipos.pdf\" target=\"_blank\">Protocolo de Tarjeta de Bloqueo de Equipos<\/a><\/li>\n<li><a href=\"https:\/\/www.facet.unt.edu.ar\/syso\/wp-content\/uploads\/sites\/36\/2016\/03\/Protocolo-de-Verificaci\u00f3n-de-Luces-de-Emergencia.doc\" target=\"_blank\">Protocolo de Verificaci\u00f3n de Funcionamiento de Luces de Emergencia<\/a><\/li>\n<li><a href=\"https:\/\/www.facet.unt.edu.ar\/syso\/wp-content\/uploads\/sites\/36\/2016\/03\/Protocolo-de-Verificaci\u00f3n-Disyuntores.doc\" target=\"_blank\">Protocolo de Verificaci\u00f3n de Funcionamiento de Disyuntores<\/a><\/li>\n<li><a href=\"https:\/\/www.facet.unt.edu.ar\/syso\/wp-content\/uploads\/sites\/36\/2016\/03\/Protocolo-de-Verificaci\u00f3n-Duchas-y-Lavaojos.doc\" target=\"_blank\">Protocolo de Verificaci\u00f3n de Funcionamiento de Equipamiento de Duchas y Lavaojos\u00a0en Laboratorios<\/a><\/li>\n<li><a href=\"https:\/\/www.facet.unt.edu.ar\/syso\/wp-content\/uploads\/sites\/36\/2016\/03\/Puntos-de-Encuentro.pdf\" target=\"_blank\">Ubicaci\u00f3n de Puntos de Encuentros para Evacuaci\u00f3n de la FACET<\/a><\/li>\n<\/ul>\n<\/ul>\n<\/ul>\n<p><strong>Ruta de Evacuaci\u00f3n y Ubicaci\u00f3n de Extintores<\/strong><\/p>\n<table border=\"0\">\n<tbody>\n<tr>\n<td><strong>Ala Este<\/strong><\/td>\n<td><a href=\"https:\/\/www.facet.unt.edu.ar\/syso\/wp-content\/uploads\/sites\/36\/2016\/03\/Ala-E1-Laboratorio-Hidr\u00e1ulica-P1.pdf\" target=\"_blank\">Ala E1-Laboratorio Hidr\u00e1ulica P1<\/a><\/p>\n<p><a href=\"https:\/\/www.facet.unt.edu.ar\/syso\/wp-content\/uploads\/sites\/36\/2016\/03\/Ala-E1-Laboratorio-Hidr\u00e1ulica-P2.pdf\" target=\"_blank\">Ala E1-Laboratorio Hidr\u00e1ulica P2<\/a><\/p>\n<p><a href=\"https:\/\/www.facet.unt.edu.ar\/syso\/wp-content\/uploads\/sites\/36\/2016\/03\/Ala-E1-Laboratorio-Hidr\u00e1ulica-PB.pdf\">Ala E1-Laboratorio Hidr\u00e1ulica PB<\/a><\/p>\n<p><a href=\"https:\/\/www.facet.unt.edu.ar\/syso\/wp-content\/uploads\/sites\/36\/2016\/03\/Ala-E1-Laboratorio-Hidr\u00e1ulica-Subsuelo.pdf\" target=\"_blank\">Ala E1-Laboratorio Hidr\u00e1ulica Subsuelo<\/a><\/p>\n<p><a href=\"https:\/\/www.facet.unt.edu.ar\/syso\/wp-content\/uploads\/sites\/36\/2016\/03\/Ala-E2-Lab.-Tec.-Satelitales.pdf\" target=\"_blank\">Ala E2 -Lab. Tec. Satelitales<\/a><\/p>\n<p><a href=\"https:\/\/www.facet.unt.edu.ar\/syso\/wp-content\/uploads\/sites\/36\/2016\/03\/Alas-E3-E4-Lab.-T\u00e9cnicas-Satelitales-Talleres-Mec\u00e1nica-Potencia-PB.pdf\" target=\"_blank\">Alas E3 \u2013 E4-Lab. T\u00e9cnicas Satelitales \u2013 Talleres Mec\u00e1nica \u2013 Potencia- PB<\/a><\/p>\n<p><a href=\"https:\/\/www.facet.unt.edu.ar\/syso\/wp-content\/uploads\/sites\/36\/2016\/03\/Alas-E3-E4-Potencia-P1.pdf\" target=\"_blank\">Alas E3 \u2013 E4-Potencia P1<\/a><\/td>\n<\/tr>\n<tr>\n<td><strong>Ala Norte<\/strong><\/td>\n<td><a href=\"https:\/\/www.facet.unt.edu.ar\/syso\/wp-content\/uploads\/sites\/36\/2016\/03\/Ala-N1-Planta-Piloto-P1.pdf\" target=\"_blank\">Ala N1-Planta Piloto P1<\/a><\/p>\n<p><a href=\"https:\/\/www.facet.unt.edu.ar\/syso\/wp-content\/uploads\/sites\/36\/2016\/03\/Ala-N1-Planta-Piloto-P2.pdf\" target=\"_blank\">Ala N1-Planta Piloto P2<\/a><\/p>\n<p><a href=\"https:\/\/www.facet.unt.edu.ar\/syso\/wp-content\/uploads\/sites\/36\/2016\/03\/Ala-N1-Planta-Piloto-PB.pdf\" target=\"_blank\">Ala N1-Planta Piloto PB<\/a><\/p>\n<p><a href=\"https:\/\/www.facet.unt.edu.ar\/syso\/wp-content\/uploads\/sites\/36\/2016\/03\/Alas-N2-y-N3-Lab.-Suelos-V\u00edas-y-Materiales-PB.pdf\" target=\"_blank\">Alas N2 y N3-Lab. Suelos \u2013 V\u00edas y Materiales PB<\/a><\/p>\n<p><a href=\"https:\/\/www.facet.unt.edu.ar\/syso\/wp-content\/uploads\/sites\/36\/2016\/03\/Ala-N4-Inst.-de-Estructuras-P1.pdf\" target=\"_blank\">Ala N4-Inst. de Estructuras \u2013 P1<\/a><\/p>\n<p><a href=\"https:\/\/www.facet.unt.edu.ar\/syso\/wp-content\/uploads\/sites\/36\/2016\/03\/Ala-N4-Inst.-de-Estructuras-P2.pdf\" target=\"_blank\">Ala N4-Inst. de Estructuras \u2013 P2<\/a><\/p>\n<p><a href=\"https:\/\/www.facet.unt.edu.ar\/syso\/wp-content\/uploads\/sites\/36\/2016\/03\/Ala-N4-Inst.-de-Estructuras-PB.pdf\" target=\"_blank\">Ala N4-Inst. de Estructuras \u2013 PB<\/a><\/td>\n<\/tr>\n<tr>\n<td><strong>Ala Oeste<\/strong><\/td>\n<td><a href=\"https:\/\/www.facet.unt.edu.ar\/syso\/wp-content\/uploads\/sites\/36\/2016\/03\/Ala-O1-Anfiteatros-B1-B2-B3-B4.pdf\" target=\"_blank\">\u00a0Ala O1-Anfiteatros B1-B2-B3-B4<\/a><\/td>\n<\/tr>\n<tr>\n<td><strong>Ala Sur<\/strong><\/td>\n<td><a href=\"https:\/\/www.facet.unt.edu.ar\/syso\/wp-content\/uploads\/sites\/36\/2016\/03\/Ala-S1-Dpto.-Luminotecnia-P1.pdf\" target=\"_blank\">Ala S1-Dpto. Luminotecnia \u2013 P1<\/a><\/p>\n<p><a href=\"https:\/\/www.facet.unt.edu.ar\/syso\/wp-content\/uploads\/sites\/36\/2016\/03\/Ala-S1-Dpto.-Luminotecnia-PB.pdf\" target=\"_blank\">Ala S1-Dpto. Luminotecnia \u2013 PB<\/a><\/p>\n<p><a href=\"https:\/\/www.facet.unt.edu.ar\/syso\/wp-content\/uploads\/sites\/36\/2016\/03\/Ala-S2-Ala-S2-PB.pdf\" target=\"_blank\">Ala S2-Ala S2 \u2013 PB<\/a><\/p>\n<p><a href=\"https:\/\/www.facet.unt.edu.ar\/syso\/wp-content\/uploads\/sites\/36\/2016\/03\/Ala-S3-Anfiteatros-A1-y-A2-Sanitarios.pdf\" target=\"_blank\">Ala S3-Anfiteatros A1 y A2 \u2013 Sanitarios<\/a><\/td>\n<\/tr>\n<tr>\n<td><strong>Block 1<\/strong><\/p>\n<p>(Docencia)<\/td>\n<td><a href=\"https:\/\/www.facet.unt.edu.ar\/syso\/wp-content\/uploads\/sites\/36\/2016\/03\/Block-1-Docencia-Block-1-P-1.pdf\" target=\"_blank\">Block 1 P1<\/a><\/p>\n<p><a href=\"https:\/\/www.facet.unt.edu.ar\/syso\/wp-content\/uploads\/sites\/36\/2016\/03\/Block-1-Docencia-Block-1-P-2.pdf\" target=\"_blank\">Block 1 P2<\/a><\/p>\n<p><a href=\"https:\/\/www.facet.unt.edu.ar\/syso\/wp-content\/uploads\/sites\/36\/2016\/03\/Block-1-Docencia-Block-1-P-3.pdf\" target=\"_blank\">Block 1 P3<\/a><\/p>\n<p><a href=\"https:\/\/www.facet.unt.edu.ar\/syso\/wp-content\/uploads\/sites\/36\/2016\/03\/Block-1-Docencia-Block-1-P-4.pdf\" target=\"_blank\">Block 1 P4<\/a><\/p>\n<p><a href=\"https:\/\/www.facet.unt.edu.ar\/syso\/wp-content\/uploads\/sites\/36\/2016\/03\/Block-1-Docencia-Block-1-PB.pdf\" target=\"_blank\">Block 1 PB<\/a><\/td>\n<\/tr>\n<tr>\n<td><strong>Block 2<\/strong><\/p>\n<p>(Investigacion)<\/td>\n<td><a href=\"https:\/\/www.facet.unt.edu.ar\/syso\/wp-content\/uploads\/sites\/36\/2016\/03\/Block-2-Investigacion-Block-2-E1.pdf\" target=\"_blank\">Block 2 E1<\/a><\/p>\n<p><a href=\"https:\/\/www.facet.unt.edu.ar\/syso\/wp-content\/uploads\/sites\/36\/2016\/03\/Block-2-Investigacion-Block-2-E2.pdf\" target=\"_blank\">Block 2 E2<\/a><\/p>\n<p><a href=\"https:\/\/www.facet.unt.edu.ar\/syso\/wp-content\/uploads\/sites\/36\/2016\/03\/Block-2-Investigacion-Block-2-P1.pdf\" target=\"_blank\">Block 2 P1<\/a><\/p>\n<p><a href=\"https:\/\/www.facet.unt.edu.ar\/syso\/wp-content\/uploads\/sites\/36\/2016\/03\/Block-2-Investigacion-Block-2-P2.pdf\" target=\"_blank\">Block 2 P2<\/a><\/p>\n<p><a href=\"https:\/\/www.facet.unt.edu.ar\/syso\/wp-content\/uploads\/sites\/36\/2016\/03\/Block-2-Investigacion-Block-2-PB.pdf\" target=\"_blank\">Block 2 PB<\/a><\/td>\n<\/tr>\n<tr>\n<td><strong><strong>Block 3<\/strong><\/strong><\/p>\n<p>(Decanato \u2013 Mec\u00e1nica)<strong><strong><br \/>\n<\/strong><\/strong><\/td>\n<td><a href=\"https:\/\/www.facet.unt.edu.ar\/syso\/wp-content\/uploads\/sites\/36\/2016\/03\/Block-3-Decanato-Mecanica-Block-3-E1.pdf\" target=\"_blank\">Block 3 E1<\/a><\/p>\n<p><a href=\"https:\/\/www.facet.unt.edu.ar\/syso\/wp-content\/uploads\/sites\/36\/2016\/03\/Block-3-Decanato-Mecanica-Block-3-P1.pdf\" target=\"_blank\">Block 3 P1<\/a><\/p>\n<p><a href=\"https:\/\/www.facet.unt.edu.ar\/syso\/wp-content\/uploads\/sites\/36\/2016\/03\/Block-3-Decanato-Mecanica-Block-3-P2.pdf\" target=\"_blank\">Block 3 P2<\/a><\/p>\n<p><a href=\"https:\/\/www.facet.unt.edu.ar\/syso\/wp-content\/uploads\/sites\/36\/2016\/03\/Block-3-Decanato-Mecanica-Block-3-PB.pdf\" target=\"_blank\">Block 3 PB<\/a><\/td>\n<\/tr>\n<tr>\n<td><strong><strong>Block 4<\/strong><\/strong><\/p>\n<p>(Qu\u00edmica- Civil)<\/td>\n<td><a href=\"https:\/\/www.facet.unt.edu.ar\/syso\/wp-content\/uploads\/sites\/36\/2016\/03\/Block-4-Quimica-Civil-Block-4-E1.pdf\" target=\"_blank\">Block 4 E1<\/a><\/p>\n<p><a href=\"https:\/\/www.facet.unt.edu.ar\/syso\/wp-content\/uploads\/sites\/36\/2016\/03\/Block-4-Quimica-Civil-Block-4-E2.pdf\" target=\"_blank\">Block 4 E2<\/a><\/p>\n<p><a href=\"https:\/\/www.facet.unt.edu.ar\/syso\/wp-content\/uploads\/sites\/36\/2016\/03\/Block-4-Quimica-Civil-Block-4-P1.pdf\" target=\"_blank\">Block 4 P1<\/a><\/p>\n<p><a href=\"https:\/\/www.facet.unt.edu.ar\/syso\/wp-content\/uploads\/sites\/36\/2016\/03\/Block-4-Quimica-Civil-Block-4-P2.pdf\" target=\"_blank\">Block 4 P2<\/a><\/p>\n<p><a href=\"https:\/\/www.facet.unt.edu.ar\/syso\/wp-content\/uploads\/sites\/36\/2016\/03\/Block-4-Quimica-Civil-Block-4-PB.pdf\" target=\"_blank\">Block 4 PB<\/a><\/td>\n<\/tr>\n<\/tbody>\n<\/table>\n<p>&nbsp;<\/p>\n","protected":false},"excerpt":{"rendered":"<p>Acta de Capacitaci\u00f3n Alumnos Planilla de Retiro de Residuos T\u00f3xicos Procedimientos ante Accidentes Protocolo de Tarjeta de Bloqueo de Equipos Protocolo de Verificaci\u00f3n de Funcionamiento de Luces de Emergencia Protocolo de Verificaci\u00f3n de Funcionamiento de Disyuntores Protocolo de Verificaci\u00f3n de Funcionamiento de Equipamiento de Duchas y Lavaojos\u00a0en Laboratorios Ubicaci\u00f3n de Puntos de Encuentros para Evacuaci\u00f3n [&hellip;]<\/p>\n","protected":false},"author":6,"featured_media":0,"parent":0,"menu_order":0,"comment_status":"closed","ping_status":"closed","template":"","meta":[],"_links":{"self":[{"href":"https:\/\/www.facet.unt.edu.ar\/syso\/wp-json\/wp\/v2\/pages\/126"}],"collection":[{"href":"https:\/\/www.facet.unt.edu.ar\/syso\/wp-json\/wp\/v2\/pages"}],"about":[{"href":"https:\/\/www.facet.unt.edu.ar\/syso\/wp-json\/wp\/v2\/types\/page"}],"author":[{"embeddable":true,"href":"https:\/\/www.facet.unt.edu.ar\/syso\/wp-json\/wp\/v2\/users\/6"}],"replies":[{"embeddable":true,"href":"https:\/\/www.facet.unt.edu.ar\/syso\/wp-json\/wp\/v2\/comments?post=126"}],"version-history":[{"count":10,"href":"https:\/\/www.facet.unt.edu.ar\/syso\/wp-json\/wp\/v2\/pages\/126\/revisions"}],"predecessor-version":[{"id":250,"href":"https:\/\/www.facet.unt.edu.ar\/syso\/wp-json\/wp\/v2\/pages\/126\/revisions\/250"}],"wp:attachment":[{"href":"https:\/\/www.facet.unt.edu.ar\/syso\/wp-json\/wp\/v2\/media?parent=126"}],"curies":[{"name":"wp","href":"https:\/\/api.w.org\/{rel}","templated":true}]}}