{"id":204,"date":"2016-03-28T20:31:17","date_gmt":"2016-03-28T23:31:17","guid":{"rendered":"https:\/\/www.facet.unt.edu.ar\/syso\/?page_id=204"},"modified":"2016-03-28T20:31:17","modified_gmt":"2016-03-28T23:31:17","slug":"capacitacion-prevencion-de-riesgos-de-accidentes-de-trabajo-en-la-tematica-y-almacenamiento-de-agentes-quimicos-de-uso-frecuente","status":"publish","type":"page","link":"https:\/\/www.facet.unt.edu.ar\/syso\/capacitacion-prevencion-de-riesgos-de-accidentes-de-trabajo-en-la-tematica-y-almacenamiento-de-agentes-quimicos-de-uso-frecuente\/","title":{"rendered":"Capacitaci\u00f3n \u201cPrevenci\u00f3n de Riesgos de Accidentes de Trabajo en la Tem\u00e1tica y Almacenamiento de Agentes Qu\u00edmicos de Uso Frecuente\u201d"},"content":{"rendered":"<p><a href=\"https:\/\/www.facet.unt.edu.ar\/syso\/wp-content\/uploads\/sites\/36\/2016\/03\/IMG-20141007-WA0001.jpg\" rel=\"attachment wp-att-205\"><img decoding=\"async\" loading=\"lazy\" class=\"aligncenter  wp-image-205\" src=\"https:\/\/www.facet.unt.edu.ar\/syso\/wp-content\/uploads\/sites\/36\/2016\/03\/IMG-20141007-WA0001-1024x575.jpg\" alt=\"IMG-20141007-WA0001\" width=\"456\" height=\"256\" srcset=\"https:\/\/www.facet.unt.edu.ar\/syso\/wp-content\/uploads\/sites\/36\/2016\/03\/IMG-20141007-WA0001-1024x575.jpg 1024w, https:\/\/www.facet.unt.edu.ar\/syso\/wp-content\/uploads\/sites\/36\/2016\/03\/IMG-20141007-WA0001-300x169.jpg 300w, https:\/\/www.facet.unt.edu.ar\/syso\/wp-content\/uploads\/sites\/36\/2016\/03\/IMG-20141007-WA0001-768x431.jpg 768w, https:\/\/www.facet.unt.edu.ar\/syso\/wp-content\/uploads\/sites\/36\/2016\/03\/IMG-20141007-WA0001.jpg 1280w\" sizes=\"(max-width: 456px) 100vw, 456px\" \/><\/a><\/p>\n<p style=\"text-align: justify\">La charla de capacitaci\u00f3n: \u201cPrevenci\u00f3n de Riesgos de Accidentes de Trabajo en la Tem\u00e1tica y Almacenamiento de Agentes Qu\u00edmicos de Uso Frecuente\u201d se realiz\u00f3 el d\u00eda 9 de septiembre de 2014 en el Aula Multimedia (4-00-12) de Civil de la Facultad de Ciencias Exactas y Tecnolog\u00eda de la UNT.<\/p>\n<p style=\"text-align: justify\"><span style=\"text-decoration: underline\">Disertante<\/span>: Ing. Roberto Rivero<\/p>\n<p style=\"text-align: justify\">La charla fue organizada por la Comisi\u00f3n de Seguridad y Salud Ocupacional (SySO) como parte de la pol\u00edtica de mejora continua que lleva a cabo dicha comisi\u00f3n, y cont\u00f3 con la presencia de docentes y personal de apoyo de las siguientes dependencias:<\/p>\n<ul>\n<li>\u00c1rea Seguridad y Gesti\u00f3n Institucional<\/li>\n<li>CEMNCI<\/li>\n<li>Dpto. de Ciencias de la Computaci\u00f3n<\/li>\n<li>Direcci\u00f3n Acad\u00e9mica<\/li>\n<li>Direcci\u00f3n Alumnos<\/li>\n<li>Instituto de Estructuras<\/li>\n<li>Intendencia<\/li>\n<li>Jard\u00edn \u201cEl Ladrillito\u201d<\/li>\n<li>Lab. Ensayo de Materiales<\/li>\n<li>Lab. Mec\u00e1nica de Suelos<\/li>\n<li>Lab. V\u00edas de Comunicaci\u00f3n<\/li>\n<\/ul>\n","protected":false},"excerpt":{"rendered":"<p>La charla de capacitaci\u00f3n: \u201cPrevenci\u00f3n de Riesgos de Accidentes de Trabajo en la Tem\u00e1tica y Almacenamiento de Agentes Qu\u00edmicos de Uso Frecuente\u201d se realiz\u00f3 el d\u00eda 9 de septiembre de 2014 en el Aula Multimedia (4-00-12) de Civil de la Facultad de Ciencias Exactas y Tecnolog\u00eda de la UNT. Disertante: Ing. Roberto Rivero La charla [&hellip;]<\/p>\n","protected":false},"author":6,"featured_media":0,"parent":0,"menu_order":0,"comment_status":"closed","ping_status":"closed","template":"","meta":[],"_links":{"self":[{"href":"https:\/\/www.facet.unt.edu.ar\/syso\/wp-json\/wp\/v2\/pages\/204"}],"collection":[{"href":"https:\/\/www.facet.unt.edu.ar\/syso\/wp-json\/wp\/v2\/pages"}],"about":[{"href":"https:\/\/www.facet.unt.edu.ar\/syso\/wp-json\/wp\/v2\/types\/page"}],"author":[{"embeddable":true,"href":"https:\/\/www.facet.unt.edu.ar\/syso\/wp-json\/wp\/v2\/users\/6"}],"replies":[{"embeddable":true,"href":"https:\/\/www.facet.unt.edu.ar\/syso\/wp-json\/wp\/v2\/comments?post=204"}],"version-history":[{"count":1,"href":"https:\/\/www.facet.unt.edu.ar\/syso\/wp-json\/wp\/v2\/pages\/204\/revisions"}],"predecessor-version":[{"id":206,"href":"https:\/\/www.facet.unt.edu.ar\/syso\/wp-json\/wp\/v2\/pages\/204\/revisions\/206"}],"wp:attachment":[{"href":"https:\/\/www.facet.unt.edu.ar\/syso\/wp-json\/wp\/v2\/media?parent=204"}],"curies":[{"name":"wp","href":"https:\/\/api.w.org\/{rel}","templated":true}]}}