{"id":212,"date":"2016-03-28T20:34:55","date_gmt":"2016-03-28T23:34:55","guid":{"rendered":"https:\/\/www.facet.unt.edu.ar\/syso\/?page_id=212"},"modified":"2016-03-28T20:35:56","modified_gmt":"2016-03-28T23:35:56","slug":"curso-primeros-auxilios-en-el-ambito-laboral","status":"publish","type":"page","link":"https:\/\/www.facet.unt.edu.ar\/syso\/curso-primeros-auxilios-en-el-ambito-laboral\/","title":{"rendered":"Curso Primeros Auxilios en el \u00c1mbito Laboral"},"content":{"rendered":"<p style=\"text-align: justify\">El curso \u201cPrimeros Auxilios en el \u00c1mbito Laboral\u201d iniciar\u00e1 el d\u00eda<strong> 16 de Septiembre<\/strong>, a horas 19 en el Anfiteatro A1 de la Facultad de Ciencias Exactas y Tecnolog\u00eda, Av. Independencia 1800.<\/p>\n<p style=\"text-align: justify\"><span style=\"text-decoration: underline\">Disertante<\/span>: <strong>Lic. Santiago Ignacio Farias<\/strong><br \/>\nEnfermero Universitario. Licenciado en Enfermer\u00eda, Matr\u00edcula Profesional: N\u00b0957 Post\u00edtulo en Enfermer\u00eda Laboral. Bombero Voluntario Instructor, Cuartel de Taf\u00ed Viejo. Licenciado Aeroevacuador, Habilitado por Fuerza A\u00e9rea. Enfermer\u00eda Ocupacional Capacitaci\u00f3n de Primeros Auxilio a empresas. Ex Docente de la C\u00e1tedra de Emergentolog\u00eda de la Facultad de Medicina UNT. Instructor de curso internacional trauma Life Soport (ITLS).<\/p>\n<p style=\"text-align: justify\"><span style=\"text-decoration: underline\">Objetivos<\/span>:<br \/>\nConocer las situaciones de Emergencias m\u00e1s comunes que se dan en el \u00e1mbito laboral y reconocer los s\u00edntomas. Aprender aplicar diferentes maniobras y t\u00e9cnicas que ayudan en determinadas situaciones de emergencia. Desarrollar habilidades para prestar los primeros auxilios en situaciones de emergencia. Evitar que el paciente se agrave o se produzca nuevas lesiones. Salvar la vida a un lesionado.<\/p>\n<p style=\"text-align: justify\"><a href=\"https:\/\/www.facet.unt.edu.ar\/syso\/wp-content\/uploads\/sites\/36\/2016\/03\/Curso-Primeros-Auxilios.jpg\" rel=\"attachment wp-att-214\"><img decoding=\"async\" loading=\"lazy\" class=\"aligncenter  wp-image-214\" src=\"https:\/\/www.facet.unt.edu.ar\/syso\/wp-content\/uploads\/sites\/36\/2016\/03\/Curso-Primeros-Auxilios.jpg\" alt=\"Curso-Primeros-Auxilios\" width=\"618\" height=\"898\" srcset=\"https:\/\/www.facet.unt.edu.ar\/syso\/wp-content\/uploads\/sites\/36\/2016\/03\/Curso-Primeros-Auxilios.jpg 661w, https:\/\/www.facet.unt.edu.ar\/syso\/wp-content\/uploads\/sites\/36\/2016\/03\/Curso-Primeros-Auxilios-207x300.jpg 207w\" sizes=\"(max-width: 618px) 100vw, 618px\" \/><\/a><\/p>\n","protected":false},"excerpt":{"rendered":"<p>El curso \u201cPrimeros Auxilios en el \u00c1mbito Laboral\u201d iniciar\u00e1 el d\u00eda 16 de Septiembre, a horas 19 en el Anfiteatro A1 de la Facultad de Ciencias Exactas y Tecnolog\u00eda, Av. Independencia 1800. Disertante: Lic. Santiago Ignacio Farias Enfermero Universitario. Licenciado en Enfermer\u00eda, Matr\u00edcula Profesional: N\u00b0957 Post\u00edtulo en Enfermer\u00eda Laboral. Bombero Voluntario Instructor, Cuartel de Taf\u00ed [&hellip;]<\/p>\n","protected":false},"author":6,"featured_media":0,"parent":0,"menu_order":0,"comment_status":"closed","ping_status":"closed","template":"","meta":[],"_links":{"self":[{"href":"https:\/\/www.facet.unt.edu.ar\/syso\/wp-json\/wp\/v2\/pages\/212"}],"collection":[{"href":"https:\/\/www.facet.unt.edu.ar\/syso\/wp-json\/wp\/v2\/pages"}],"about":[{"href":"https:\/\/www.facet.unt.edu.ar\/syso\/wp-json\/wp\/v2\/types\/page"}],"author":[{"embeddable":true,"href":"https:\/\/www.facet.unt.edu.ar\/syso\/wp-json\/wp\/v2\/users\/6"}],"replies":[{"embeddable":true,"href":"https:\/\/www.facet.unt.edu.ar\/syso\/wp-json\/wp\/v2\/comments?post=212"}],"version-history":[{"count":2,"href":"https:\/\/www.facet.unt.edu.ar\/syso\/wp-json\/wp\/v2\/pages\/212\/revisions"}],"predecessor-version":[{"id":215,"href":"https:\/\/www.facet.unt.edu.ar\/syso\/wp-json\/wp\/v2\/pages\/212\/revisions\/215"}],"wp:attachment":[{"href":"https:\/\/www.facet.unt.edu.ar\/syso\/wp-json\/wp\/v2\/media?parent=212"}],"curies":[{"name":"wp","href":"https:\/\/api.w.org\/{rel}","templated":true}]}}