{"id":65,"date":"2014-08-04T09:14:33","date_gmt":"2014-08-04T12:14:33","guid":{"rendered":"https:\/\/www.facet.unt.edu.ar\/syso\/home\/"},"modified":"2016-03-15T20:22:12","modified_gmt":"2016-03-15T23:22:12","slug":"home","status":"publish","type":"page","link":"https:\/\/www.facet.unt.edu.ar\/syso\/","title":{"rendered":"INICIO"},"content":{"rendered":"<div id=\"pl-65\"  class=\"panel-layout\" ><div id=\"pg-65-0\"  class=\"panel-grid panel-no-style\" ><div id=\"pgc-65-0-0\"  class=\"panel-grid-cell\" ><div id=\"panel-65-0-0-0\" class=\"so-panel widget widget_text panel-first-child panel-last-child\" data-index=\"0\" ><h3 class=\"widget-title\">Bienvenidos<\/h3>\t\t\t<div class=\"textwidget\"><p>En virtud de que se encuentra vigente la Ley Nacional de Higiene y Seguridad del Trabajo Nro. 19.587, como as\u00ed tambi\u00e9n sus decretos reglamentarios, la Facultad de Ciencias Exactas y Tecnolog\u00eda de la Universidad Nacional de Tucum\u00e1n se encuentra obligada a promover el cumplimiento de las mismas.<\/p>\n<p>En tal sentido, ha creado con fecha 28 de Diciembre de 2010 la Comisi\u00f3n de Seguridad y Salud Ocupacional de la misma (SySO \u2013 FACET), como as\u00ed tambi\u00e9n ha comenzado a realizar distintas tareas inherentes al esp\u00edritu de aquellas.<\/p>\n<p>En esta p\u00e1gina, Ud. podr\u00e1 encontrar recomendaciones, procedimientos, legislaci\u00f3n, material de apoyo, links de utilidad, noticias, como as\u00ed tambi\u00e9n resoluciones de la UNT y de la FACET relacionadas con la Seguridad y Salud Ocupacional.<\/p>\n<p style=\"text-align: center\">LEMA<\/p>\n<p><a href=\"https:\/\/www.facet.unt.edu.ar\/syso\/wp-content\/uploads\/sites\/36\/2016\/03\/FOTO-INICIO1.png\" rel=\"attachment wp-att-83\"><img class=\"aligncenter size-full wp-image-83\" src=\"https:\/\/www.facet.unt.edu.ar\/syso\/wp-content\/uploads\/sites\/36\/2016\/03\/FOTO-INICIO1.png\" alt=\"FOTO-INICIO1\" width=\"599\" height=\"412\" \/><\/a><\/p>\n<\/div>\n\t\t<\/div><\/div><div id=\"pgc-65-0-1\"  class=\"panel-grid-cell\" ><div id=\"panel-65-0-1-0\" class=\"so-panel widget widget_text panel-first-child\" data-index=\"1\" >\t\t\t<div class=\"textwidget\"><p><a href=\"https:\/\/www.facet.unt.edu.ar\/syso\/numeros-de-emergencia\/\" target=\"_blank\" rel=\"noopener\"><img class=\"aligncenter size-full wp-image-1251\" title=\"CLICK AQU\u00cd\" src=\"https:\/\/www.facet.unt.edu.ar\/syso\/wp-content\/uploads\/sites\/36\/2016\/03\/TELEFONOS-DE-EMERGENCIA.png\" alt=\"\" width=\"305\" height=\"132\" \/><\/a><\/p>\n<\/div>\n\t\t<\/div><div id=\"panel-65-0-1-1\" class=\"so-panel widget widget_text\" data-index=\"2\" >\t\t\t<div class=\"textwidget\"><p style=\"text-align: center\">Recomendaciones de Seguridad<\/p>\n<a href=\"http:\/\/www.youblisher.com\/p\/1376854-Recomendaciones-de-Seguridad\/\" target=\"_blank\" rel=\"noopener\"><img class=\"aligncenter size-full wp-image-1251\" title=\"Click para Ver\" src=\"https:\/\/www.facet.unt.edu.ar\/syso\/wp-content\/uploads\/sites\/36\/2016\/03\/Recomendaciones-de-Seguridad.png\" alt=\"\" width=\"305\" height=\"230\" \/>\n        <\/a><\/div>\n\t\t<\/div><div id=\"panel-65-0-1-2\" class=\"so-panel widget widget_text\" data-index=\"3\" >\t\t\t<div class=\"textwidget\"><p style=\"text-align: center\">Elementos de Protecci\u00f3n Personal<\/p>\n <a href=\"http:\/\/www.youblisher.com\/p\/638165-Conociendo-a-los-Elementos-de-Proteccion-Personal\/\" target=\"_blank\" rel=\"noopener\"><img class=\"aligncenter size-full wp-image-1251\" title=\"Click para Ver\" src=\"https:\/\/www.facet.unt.edu.ar\/syso\/wp-content\/uploads\/sites\/36\/2016\/03\/epp.png\" alt=\"\" width=\"305\" height=\"230\" \/>\n        <\/a><\/div>\n\t\t<\/div><div id=\"panel-65-0-1-3\" class=\"so-panel widget widget_text panel-last-child\" data-index=\"4\" >\t\t\t<div class=\"textwidget\"><p style=\"text-align: center\">Accidentes e Incidentes Laborales<\/p>\n<a href=\"http:\/\/www.youblisher.com\/p\/715436-Accidentes\/\" target=\"_blank\" rel=\"noopener\"><img class=\"aligncenter size-full wp-image-1251\" title=\"Click para Ver\" src=\"https:\/\/www.facet.unt.edu.ar\/syso\/wp-content\/uploads\/sites\/36\/2016\/03\/Accidentes-e-Incidentes-Laborales.png\" alt=\"\" width=\"305\" height=\"230\" \/>\n        <\/a><\/div>\n\t\t<\/div><\/div><\/div><\/div>","protected":false},"excerpt":{"rendered":"<p>En virtud de que se encuentra vigente la Ley Nacional de Higiene y Seguridad del Trabajo Nro. 19.587, como as\u00ed tambi\u00e9n sus decretos reglamentarios, la Facultad de Ciencias Exactas y Tecnolog\u00eda de la Universidad Nacional de Tucum\u00e1n se encuentra obligada a promover el cumplimiento de las mismas. En tal sentido, ha creado con fecha 28 [&hellip;]<\/p>\n","protected":false},"author":1,"featured_media":0,"parent":0,"menu_order":0,"comment_status":"closed","ping_status":"closed","template":"home-panels.php","meta":[],"_links":{"self":[{"href":"https:\/\/www.facet.unt.edu.ar\/syso\/wp-json\/wp\/v2\/pages\/65"}],"collection":[{"href":"https:\/\/www.facet.unt.edu.ar\/syso\/wp-json\/wp\/v2\/pages"}],"about":[{"href":"https:\/\/www.facet.unt.edu.ar\/syso\/wp-json\/wp\/v2\/types\/page"}],"author":[{"embeddable":true,"href":"https:\/\/www.facet.unt.edu.ar\/syso\/wp-json\/wp\/v2\/users\/1"}],"replies":[{"embeddable":true,"href":"https:\/\/www.facet.unt.edu.ar\/syso\/wp-json\/wp\/v2\/comments?post=65"}],"version-history":[{"count":3,"href":"https:\/\/www.facet.unt.edu.ar\/syso\/wp-json\/wp\/v2\/pages\/65\/revisions"}],"predecessor-version":[{"id":146,"href":"https:\/\/www.facet.unt.edu.ar\/syso\/wp-json\/wp\/v2\/pages\/65\/revisions\/146"}],"wp:attachment":[{"href":"https:\/\/www.facet.unt.edu.ar\/syso\/wp-json\/wp\/v2\/media?parent=65"}],"curies":[{"name":"wp","href":"https:\/\/api.w.org\/{rel}","templated":true}]}}