{"id":85,"date":"2016-03-15T18:19:09","date_gmt":"2016-03-15T21:19:09","guid":{"rendered":"https:\/\/www.facet.unt.edu.ar\/syso\/?page_id=85"},"modified":"2016-03-15T18:19:09","modified_gmt":"2016-03-15T21:19:09","slug":"numeros-de-emergencia","status":"publish","type":"page","link":"https:\/\/www.facet.unt.edu.ar\/syso\/numeros-de-emergencia\/","title":{"rendered":"N\u00fameros de Emergencia"},"content":{"rendered":"<table border=\"0\">\n<tbody>\n<tr>\n<td><strong>Bomberos<\/strong><\/td>\n<td>100<\/td>\n<\/tr>\n<tr>\n<td><strong>Defensa Civil<\/strong><\/td>\n<td>103<\/td>\n<\/tr>\n<tr>\n<td><strong>Emergencia M\u00e9dica <a href=\"http:\/\/soremer.com\/main\/\" target=\"_blank\">SOREMER<\/a><\/strong><\/td>\n<td>(0381) 4218846<\/p>\n<p>(0381) 4311446<\/td>\n<\/tr>\n<tr>\n<td><strong>SRT-Servicio Gratuito de Orientaci\u00f3n Telef\u00f3nica<\/strong><\/td>\n<td>0800-666-6778<\/td>\n<\/tr>\n<tr>\n<td><strong>Policia<\/strong><\/td>\n<td>101<\/td>\n<\/tr>\n<tr>\n<td><strong>Provincia ART (Actual Prestador UNT)<br \/>\n<\/strong><\/td>\n<td>0800-333-1333<\/td>\n<\/tr>\n<\/tbody>\n<\/table>\n","protected":false},"excerpt":{"rendered":"<p>Bomberos 100 Defensa Civil 103 Emergencia M\u00e9dica SOREMER (0381) 4218846 (0381) 4311446 SRT-Servicio Gratuito de Orientaci\u00f3n Telef\u00f3nica 0800-666-6778 Policia 101 Provincia ART (Actual Prestador UNT) 0800-333-1333<\/p>\n","protected":false},"author":6,"featured_media":0,"parent":0,"menu_order":0,"comment_status":"closed","ping_status":"closed","template":"","meta":[],"_links":{"self":[{"href":"https:\/\/www.facet.unt.edu.ar\/syso\/wp-json\/wp\/v2\/pages\/85"}],"collection":[{"href":"https:\/\/www.facet.unt.edu.ar\/syso\/wp-json\/wp\/v2\/pages"}],"about":[{"href":"https:\/\/www.facet.unt.edu.ar\/syso\/wp-json\/wp\/v2\/types\/page"}],"author":[{"embeddable":true,"href":"https:\/\/www.facet.unt.edu.ar\/syso\/wp-json\/wp\/v2\/users\/6"}],"replies":[{"embeddable":true,"href":"https:\/\/www.facet.unt.edu.ar\/syso\/wp-json\/wp\/v2\/comments?post=85"}],"version-history":[{"count":1,"href":"https:\/\/www.facet.unt.edu.ar\/syso\/wp-json\/wp\/v2\/pages\/85\/revisions"}],"predecessor-version":[{"id":86,"href":"https:\/\/www.facet.unt.edu.ar\/syso\/wp-json\/wp\/v2\/pages\/85\/revisions\/86"}],"wp:attachment":[{"href":"https:\/\/www.facet.unt.edu.ar\/syso\/wp-json\/wp\/v2\/media?parent=85"}],"curies":[{"name":"wp","href":"https:\/\/api.w.org\/{rel}","templated":true}]}}