{"id":165,"date":"2018-03-13T02:12:27","date_gmt":"2018-03-13T05:12:27","guid":{"rendered":"https:\/\/www.facet.unt.edu.ar\/tecfisica\/?page_id=165"},"modified":"2021-11-15T17:21:47","modified_gmt":"2021-11-15T20:21:47","slug":"contenidos-minimos","status":"publish","type":"page","link":"https:\/\/www.facet.unt.edu.ar\/tecfisica\/contenidos-minimos\/","title":{"rendered":"Contenidos M\u00ednimos"},"content":{"rendered":"<p><strong>Mec\u00e1nica<\/strong><\/p>\n<p>Cinem\u00e1tica de un punto material en una, dos y tres dimensiones. Leyes de Newton. Trabajo y Energ\u00eda. Sistemas de part\u00edculas y conservaci\u00f3n del momento. Din\u00e1mica del cuerpo r\u00edgido. Equilibrio est\u00e1tico del cuerpo r\u00edgido. Gravitaci\u00f3n. Elasticidad. Mec\u00e1nica de fluidos.<\/p>\n<hr \/>\n<p><strong>\u00a0<\/strong><strong>C\u00e1lculo Nivel I<br \/>\n<\/strong>N\u00fameros reales. Representaci\u00f3n decimal. Funciones polin\u00f3micas, racionales y radicales. Gr\u00e1ficos. Funcion inversa. Definici\u00f3n de l\u00edmite: teoremas. Continuidad: teoremas. Derivada de una funci\u00f3n. Derivadas de orden superior. Aplicaciones. M\u00e1ximos y m\u00ednimos. Funciones primitivas.<\/p>\n<hr \/>\n<p><strong>\u00a0<\/strong><strong>Algebra y Geometr\u00eda Anal\u00edtica I<br \/>\n<\/strong>Vectores. Operaciones con vectores. Desigualdad de Cauchy-Schwarz. Aplicaciones de vectores a la geometr\u00eda anal\u00edtica. C\u00f3nicas. Ecuaciones can\u00f3nicas. Cu\u00e1dricas. N\u00fameros complejos. Operaciones. F\u00f3rmula de Moivre.<\/p>\n<hr \/>\n<p><strong>Laboratorio I<\/strong><\/p>\n<p>Introducci\u00f3n a la metodolog\u00eda cient\u00edfica. Problemas sencillos de medici\u00f3n. Instrumentacion b\u00e1sica. Movimiento de cuerpos. Oscilaciones. Momento de inercia.<\/p>\n<hr \/>\n<p><strong>Ondas y Termodin\u00e1mica<\/strong><\/p>\n<p>Oscilaciones. Ondas mec\u00e1nicas. Sonido. Temperatura. Calor y primera ley de la termodin\u00e1mica. Segunda ley de la termodin\u00e1mica. Entrop\u00eda.<\/p>\n<hr \/>\n<p><strong>\u00a0<\/strong><strong>Laboratorio II<\/strong><\/p>\n<p>Elasticidad, tracci\u00f3n y torsi\u00f3n. Conservaci\u00f3n del momento angular. Tensi\u00f3n superficial. Viscosidad. Calorimetr\u00eda y termodin\u00e1mica.<\/p>\n<hr \/>\n<p><strong>\u00a0<\/strong><strong>Algebra y Geometr\u00eda Anal\u00edtica II<br \/>\n<\/strong>Matrices. Algebra de matrices. Sistema de ecuaciones lineales, soluciones. Espacios vectoriales. Cambios de coordenadas. Bases ortogonales. Transformaciones lineales, representaci\u00f3n matricial. Determinantes. Polinomios. Ecuaciones algebraicas. Ra\u00edces. Autovalores y autovectores. Polinomio caracter\u00edstico.<\/p>\n<hr \/>\n<p><strong>Electricidad y Magnetismo<\/strong><\/p>\n<p>Campo el\u00e9ctrico. Distribuciones discretas y cont\u00ednuas de carga. Potencial el\u00e9ctrico. Capacitancia, diel\u00e9ctricos y energ\u00eda electrost\u00e1tica. Corriente el\u00e9ctrica. Circuitos de corriente cont\u00ednua. Campo magn\u00e9tico. Fuentes de campo magn\u00e9tico. Inducci\u00f3n magn\u00e9tica. Magnetismo y materia. Circuitos de corriente alterna.<\/p>\n<hr \/>\n<p><strong>\u00a0<\/strong><strong>C\u00e1lculo Nivel II<br \/>\n<\/strong>Integral de una funci\u00f3n. \u00c1rea. Teorema fundamental del c\u00e1lculo. Integraci\u00f3n. Aplicaciones: \u00e1rea, volumen, longitud. Funciones trigonom\u00e9tricas. Funciones logaritmo y exponencial. T\u00e9cnicas de integraci\u00f3n. Integraci\u00f3n num\u00e9rica. Integraci\u00f3n de funciones racionales. Teorema de Taylor. Sucesiones. Series<\/p>\n<hr \/>\n<p><strong>\u00a0<\/strong><strong>Ondas Electromagn\u00e9ticas y Optica<\/strong><\/p>\n<p>Ecuaciones de Maxwell. Ondas electromagn\u00e9ticas. Luz. Optica geom\u00e9trica. Instrumentos \u00f3pticos. Interferencia y difracci\u00f3n. Polarizaci\u00f3n.<\/p>\n<hr \/>\n<p><strong>Laboratorio III<\/strong><\/p>\n<p>Teor\u00eda de errores de medici\u00f3n. Teor\u00eda de Gauss. Elementos de probabilidades y estad\u00edstica. Mecanismos de conducci\u00f3n de la corriente el\u00e9ctrica. Efectos termoel\u00e9ctricos. Galvan\u00f3metro bal\u00edstico. Movimiento de part\u00edculas cargadas en campos electromagn\u00e9ticos.<\/p>\n<hr \/>\n<p><strong>\u00a0<\/strong><strong>C\u00e1lculo Nivel III<\/strong><\/p>\n<p>Funciones de varias variables. Curvas y superficies. Vectores y campos vectoriales. Operaciones diferenciales con vectores. Derivada direccional. Teorema de Taylor. Funciones impl\u00edcitas. Extremos de funciones de varias variables.<\/p>\n<hr \/>\n<p><strong>Laboratorio IV<\/strong><\/p>\n<p>Circuitos de corriente alterna. Transitorios. Reflexi\u00f3n y refracci\u00f3n de la luz. Lentes, espejos, instrumentos \u00f3pticos. Dispersi\u00f3n: prisma, redes, espectroscop\u00eda. Interferencia y difracci\u00f3n. Laser, holograf\u00eda, filtrado de frecuencias espaciales. Polarizaci\u00f3n, polarimetr\u00eda.<\/p>\n<hr \/>\n<p><strong>C\u00e1lculo Nivel IV<\/strong><\/p>\n<p>Integrales param\u00e9tricas. Integrales dobles y triples. Integrales curvil\u00edneas y de superficie. Teoremas de Gauss-Green, Gauss-Ostrogradski y de Stokes.<\/p>\n<hr \/>\n<p><strong>\u00a0<\/strong><strong>F\u00edsica Moderna y Contempor\u00e1nea<\/strong><\/p>\n<p>Introducci\u00f3n de la relatividad. Los origenes de la mec\u00e1nica cu\u00e1ntica: radiaci\u00f3n de cuerpo negro; el efecto fotoel\u00e9ctrico; rayos X; dispersi\u00f3n Compton; modelos at\u00f3micos; dualidad onda-corp\u00fasculo. Mec\u00e1nica cu\u00e1ntica: ecuaci\u00f3n de Schroedinger, el \u00e1tomo de hidr\u00f3geno. Atomos: momentos magn\u00e9ticos y spin del electr\u00f3n. Tabla peri\u00f3dica. Introducci\u00f3n a la f\u00edsica nuclear. Part\u00edculas elementales. Introducci\u00f3n a la astrof\u00edsica.<\/p>\n<hr \/>\n<p><strong>Qu\u00edmica<\/strong><\/p>\n<p>Introducci\u00f3n a la qu\u00edmica inorg\u00e1nica y org\u00e1nica. L\u00edquidos, soluciones, propiedades coligativas. Equilibrio qu\u00edmico, constantes de equilibrio. Equilibrio i\u00f3nico, \u00e1cido-base, disociaci\u00f3n, pH. Termodin\u00e1mica qu\u00edmica. Propiedades peri\u00f3dicas de los elementos.<\/p>\n<hr \/>\n<p><strong>Laboratorio de F\u00edsica Moderna y Contempor\u00e1nea<\/strong><\/p>\n<p>Radiaci\u00f3n T\u00e9rmica: ley de la cuarta potencia; Constante de Stefan- Boltzmann; Pirometr\u00eda. Espectroscop\u00eda \u00f3ptica: l\u00edneas espectrales; Potenciales de ionizaci\u00f3n del H y de alcalinos; Defectos cu\u00e1nticos de alcalinos. Part\u00edculas cargadas en campos. Fotoelectricidad. Carga del electr\u00f3n.<\/p>\n<hr \/>\n<p><strong>Epistemolog\u00eda e Historia de la F\u00edsica<\/strong><\/p>\n<p>Conocimiento com\u00fan y cient\u00edfico. Ciencias f\u00e1cticas y formales. Estructuras sustanciales. Estructuras sint\u00e1cticas. El m\u00e9todo experimental. Las disciplinas cient\u00edficas. La estructura del conocimiento. An\u00e1lisis epistemol\u00f3gico de la historia de la f\u00edsica.<\/p>\n<hr \/>\n<p>&nbsp;<\/p>\n<p>&nbsp;<\/p>\n<p>&nbsp;<\/p>\n<p>&nbsp;<\/p>\n","protected":false},"excerpt":{"rendered":"<p>Mec\u00e1nica Cinem\u00e1tica de un punto material en una, dos y tres dimensiones. Leyes de Newton. Trabajo y Energ\u00eda. Sistemas de part\u00edculas y conservaci\u00f3n del momento. Din\u00e1mica del cuerpo r\u00edgido. Equilibrio est\u00e1tico del cuerpo r\u00edgido. Gravitaci\u00f3n. Elasticidad. Mec\u00e1nica de fluidos. \u00a0C\u00e1lculo Nivel I N\u00fameros reales. Representaci\u00f3n decimal. Funciones polin\u00f3micas, racionales y radicales. Gr\u00e1ficos. Funcion inversa. Definici\u00f3n [&hellip;]<\/p>\n","protected":false},"author":101036,"featured_media":0,"parent":0,"menu_order":3,"comment_status":"closed","ping_status":"closed","template":"","meta":[],"_links":{"self":[{"href":"https:\/\/www.facet.unt.edu.ar\/tecfisica\/wp-json\/wp\/v2\/pages\/165"}],"collection":[{"href":"https:\/\/www.facet.unt.edu.ar\/tecfisica\/wp-json\/wp\/v2\/pages"}],"about":[{"href":"https:\/\/www.facet.unt.edu.ar\/tecfisica\/wp-json\/wp\/v2\/types\/page"}],"author":[{"embeddable":true,"href":"https:\/\/www.facet.unt.edu.ar\/tecfisica\/wp-json\/wp\/v2\/users\/101036"}],"replies":[{"embeddable":true,"href":"https:\/\/www.facet.unt.edu.ar\/tecfisica\/wp-json\/wp\/v2\/comments?post=165"}],"version-history":[{"count":3,"href":"https:\/\/www.facet.unt.edu.ar\/tecfisica\/wp-json\/wp\/v2\/pages\/165\/revisions"}],"predecessor-version":[{"id":224,"href":"https:\/\/www.facet.unt.edu.ar\/tecfisica\/wp-json\/wp\/v2\/pages\/165\/revisions\/224"}],"wp:attachment":[{"href":"https:\/\/www.facet.unt.edu.ar\/tecfisica\/wp-json\/wp\/v2\/media?parent=165"}],"curies":[{"name":"wp","href":"https:\/\/api.w.org\/{rel}","templated":true}]}}