{"id":167,"date":"2018-03-13T02:13:52","date_gmt":"2018-03-13T05:13:52","guid":{"rendered":"https:\/\/www.facet.unt.edu.ar\/tecfisica\/?page_id=167"},"modified":"2021-06-01T17:25:02","modified_gmt":"2021-06-01T20:25:02","slug":"otra-informacion-relevante","status":"publish","type":"page","link":"https:\/\/www.facet.unt.edu.ar\/tecfisica\/otra-informacion-relevante\/","title":{"rendered":"Otra Informaci\u00f3n Relevante"},"content":{"rendered":"<p><strong>Articulaci\u00f3n con otros planes de estudio<\/strong><\/p>\n<p>Las asignaturas:<br \/>\n&#8220;Algebra y Geometr\u00eda Anal\u00edtica I&#8221;<\/p>\n<p>&#8220;Algebra y Geometr\u00eda Anal\u00edtica II&#8221;<br \/>\ncorresponden al Ciclo B\u00e1sico Unificado de la Facultad de Ciencias Exactas y Tecnolog\u00eda.<\/p>\n<p>El conjunto de las asignaturas<br \/>\n&#8220;C\u00e1lculo Nivel I&#8221;<br \/>\n&#8220;C\u00e1lculo Nivel II&#8221;<br \/>\nsupera los contenidos de la asignatura<br \/>\n&#8220;C\u00e1lculo I&#8221;<br \/>\ndel Ciclo B\u00e1sico Unificado de la Facultad de Ciencias Exactas y Tecnolog\u00eda.<\/p>\n<p>La asignatura<br \/>\n&#8220;C\u00e1lculo Nivel III&#8221;<br \/>\nsupera los contenidos de la asignatura<br \/>\n&#8220;C\u00e1lculo II&#8221;<br \/>\ndel Ciclo B\u00e1sico Unificado de la Facultad de Ciencias Exactas y Tecnolog\u00eda.<\/p>\n<p>El conjunto de las asignaturas:<br \/>\n&#8220;Mec\u00e1nica&#8221;<br \/>\n&#8220;Ondas y Termodin\u00e1mica&#8221;<br \/>\n&#8220;Laboratorio I&#8221;<br \/>\n&#8220;Electricidad y Magnetismo&#8221;<br \/>\n&#8220;Laboratorio II&#8221;<br \/>\n&#8220;Ondas Electromagn\u00e9ticas y Optica&#8221;<br \/>\n&#8220;Laboratorio III&#8221;<br \/>\nsupera ampliamente los contenidos del conjunto de las asignaturas &#8220;F\u00edsica I&#8221;, &#8220;F\u00edsica II&#8221; y &#8220;F\u00edsica III&#8221; del Ciclo B\u00e1sico Unificado de la Facultad de Ciencias Exactas y Tecnolog\u00eda.<\/p>\n<p><strong>R\u00e9gimen de equivalencias con planes anteriores o con planes de otras carreras que se dicten en la misma unidad acad\u00e9mica de la Universidad<\/strong><\/p>\n<p><u>Existe equivalencia autom\u00e1tica entre todas las asignaturas comunes de las carreras de T\u00e9cnico Universitario en F\u00edsica y Licenciado en F\u00edsica.<br \/>\n<\/u><br \/>\nLas equivalencias autom\u00e1ticas entre las asignaturas son:<\/p>\n<p>&#8220;An\u00e1lisis Matem\u00e1tico I&#8221; con &#8220;C\u00e1lculo Nivel I&#8221; y &#8220;C\u00e1lculo Nivel II&#8221;.<br \/>\n&#8220;Elementos de Algebra Lineal y Geometr\u00eda Anal\u00edtica&#8221; con<br \/>\n&#8220;Algebra y Geometr\u00eda Anal\u00edtica I&#8221; y &#8220;Algebra y Geometr\u00eda Anal\u00edtica II&#8221;.<br \/>\n&#8220;F\u00edsica Experimental I&#8221; con &#8220;Mec\u00e1nica&#8221; y &#8220;Ondas y Termodin\u00e1mica&#8221;.<br \/>\n&#8220;Laboratorio I&#8221; con &#8220;Laboratorio I&#8221;.<br \/>\n&#8220;Qu\u00edmica General&#8221; con &#8220;Qu\u00edmica&#8221;.<br \/>\n&#8220;An\u00e1lisis Matem\u00e1tico II&#8221; con &#8220;C\u00e1lculo Nivel III&#8221;.<br \/>\n&#8220;F\u00edsica Experimental II&#8221; con &#8220;Electricidad y Magnetismo&#8221; y &#8220;Ondas \u00a0\u00a0\u00a0\u00a0\u00a0\u00a0 Electromagn\u00e9ticas y Optica&#8221;.<br \/>\n&#8220;Laboratorio II&#8221; con &#8220;Laboratorio II&#8221; y &#8220;Laboratorio III&#8221;.<br \/>\n&#8220;F\u00edsica Moderna&#8221; con &#8220;F\u00edsica Moderna y Contempor\u00e1nea&#8221;.<br \/>\n&#8220;F\u00edsica Experimental III&#8221; con &#8220;Laboratorio de F\u00edsica Moderna y Contempor\u00e1nea&#8221;.<strong><br \/>\n<\/strong>&#8220;Elementos de Epistemolog\u00eda e Historia de la F\u00edsica&#8221; con &#8220;Epistemolog\u00eda e Historia de la F\u00edsica&#8221;.<br \/>\n<strong>Requisitos para la titulaci\u00f3n<\/strong><\/p>\n<p>Aprobar todas las asignaturas del Plan de Estudios.<\/p>\n","protected":false},"excerpt":{"rendered":"<p>Articulaci\u00f3n con otros planes de estudio Las asignaturas: &#8220;Algebra y Geometr\u00eda Anal\u00edtica I&#8221; &#8220;Algebra y Geometr\u00eda Anal\u00edtica II&#8221; corresponden al Ciclo B\u00e1sico Unificado de la Facultad de Ciencias Exactas y Tecnolog\u00eda. El conjunto de las asignaturas &#8220;C\u00e1lculo Nivel I&#8221; &#8220;C\u00e1lculo Nivel II&#8221; supera los contenidos de la asignatura &#8220;C\u00e1lculo I&#8221; del Ciclo B\u00e1sico Unificado de [&hellip;]<\/p>\n","protected":false},"author":101036,"featured_media":0,"parent":0,"menu_order":4,"comment_status":"closed","ping_status":"closed","template":"","meta":[],"_links":{"self":[{"href":"https:\/\/www.facet.unt.edu.ar\/tecfisica\/wp-json\/wp\/v2\/pages\/167"}],"collection":[{"href":"https:\/\/www.facet.unt.edu.ar\/tecfisica\/wp-json\/wp\/v2\/pages"}],"about":[{"href":"https:\/\/www.facet.unt.edu.ar\/tecfisica\/wp-json\/wp\/v2\/types\/page"}],"author":[{"embeddable":true,"href":"https:\/\/www.facet.unt.edu.ar\/tecfisica\/wp-json\/wp\/v2\/users\/101036"}],"replies":[{"embeddable":true,"href":"https:\/\/www.facet.unt.edu.ar\/tecfisica\/wp-json\/wp\/v2\/comments?post=167"}],"version-history":[{"count":2,"href":"https:\/\/www.facet.unt.edu.ar\/tecfisica\/wp-json\/wp\/v2\/pages\/167\/revisions"}],"predecessor-version":[{"id":174,"href":"https:\/\/www.facet.unt.edu.ar\/tecfisica\/wp-json\/wp\/v2\/pages\/167\/revisions\/174"}],"wp:attachment":[{"href":"https:\/\/www.facet.unt.edu.ar\/tecfisica\/wp-json\/wp\/v2\/media?parent=167"}],"curies":[{"name":"wp","href":"https:\/\/api.w.org\/{rel}","templated":true}]}}