{"id":169,"date":"2018-03-13T02:14:59","date_gmt":"2018-03-13T05:14:59","guid":{"rendered":"https:\/\/www.facet.unt.edu.ar\/tecfisica\/?page_id=169"},"modified":"2021-06-01T18:09:11","modified_gmt":"2021-06-01T21:09:11","slug":"programas-materias","status":"publish","type":"page","link":"https:\/\/www.facet.unt.edu.ar\/tecfisica\/programas-materias\/","title":{"rendered":"Programas Materias"},"content":{"rendered":"<p>Primer A\u00f1o:<\/p>\n<ul>\n<li><a href=\"https:\/\/www.facet.unt.edu.ar\/licfisica\/wp-content\/uploads\/sites\/57\/2018\/03\/MECANICA-breve-2017.pdf\" target=\"_blank\" rel=\"noopener noreferrer\">Mec\u00e1nica<\/a><\/li>\n<li><a href=\"https:\/\/www.facet.unt.edu.ar\/licfisica\/wp-content\/uploads\/sites\/57\/2018\/11\/LABORATORIO-I.pdf\" target=\"_blank\" rel=\"noopener noreferrer\">Laboratorio I<\/a><\/li>\n<li><a href=\"https:\/\/www.facet.unt.edu.ar\/licfisica\/wp-content\/uploads\/sites\/57\/2018\/11\/C\u00e1lculo-I.pdf\" target=\"_blank\" rel=\"noopener noreferrer\">C\u00e1lculo Nivel I<\/a><\/li>\n<li><a href=\"https:\/\/www.facet.unt.edu.ar\/licfisica\/wp-content\/uploads\/sites\/57\/2018\/11\/Algebra-y-Geometria-Analitica-I.pdf\" target=\"_blank\" rel=\"noopener noreferrer\">Algebra y Geometria Analitica I<\/a><\/li>\n<li><a href=\"https:\/\/www.facet.unt.edu.ar\/licfisica\/wp-content\/uploads\/sites\/57\/2018\/03\/Programa-Ondas-y-Termodin\u00e1mica.pdf\" target=\"_blank\" rel=\"noopener noreferrer\">Ondas y Termodin\u00e1mica<\/a><\/li>\n<li><a href=\"https:\/\/www.facet.unt.edu.ar\/licfisica\/wp-content\/uploads\/sites\/57\/2018\/11\/LABORATORIO-II.pdf\" target=\"_blank\" rel=\"noopener noreferrer\">Laboratorio II<\/a><\/li>\n<li><a href=\"https:\/\/www.facet.unt.edu.ar\/licfisica\/wp-content\/uploads\/sites\/57\/2018\/03\/2015Programa-C\u00e1lculo-II-.pdf\" target=\"_blank\" rel=\"noopener noreferrer\">C\u00e1lculo Nivel II<\/a><\/li>\n<li><a href=\"https:\/\/www.facet.unt.edu.ar\/licfisica\/wp-content\/uploads\/sites\/57\/2018\/11\/Algebra-y-Geometria-Analitica-II.pdf\" target=\"_blank\" rel=\"noopener noreferrer\">\u00c1lgebra y Geometr\u00eda Anal\u00edtica II<\/a><\/li>\n<\/ul>\n<p>Segundo A\u00f1o:<\/p>\n<ul>\n<li><a href=\"https:\/\/www.facet.unt.edu.ar\/licfisica\/wp-content\/uploads\/sites\/57\/2018\/03\/Lic-BUF-y-Prof-Fisica-programa-EyM.pdf\" target=\"_blank\" rel=\"noopener noreferrer\">Electricidad y Magnetismo<\/a><\/li>\n<li><a href=\"https:\/\/www.facet.unt.edu.ar\/licfisica\/wp-content\/uploads\/sites\/57\/2018\/03\/PROGRAMA-LABORATORIOIII-Lic.-y-Bach.-F\u00edsica-2017-1.pdf\" target=\"_blank\" rel=\"noopener noreferrer\">Laboratorio III<\/a><\/li>\n<li><a href=\"https:\/\/www.facet.unt.edu.ar\/licfisica\/wp-content\/uploads\/sites\/57\/2018\/03\/C\u00e1lculo-Nivel-III-1.pdf\" target=\"_blank\" rel=\"noopener noreferrer\">C\u00e1lculo Nivel III<\/a><\/li>\n<li><a href=\"https:\/\/www.facet.unt.edu.ar\/licfisica\/wp-content\/uploads\/sites\/57\/2018\/03\/Lic-BUF-y-Prof-Fisica-programa-Ondas-EM-y-Optica.pdf\" target=\"_blank\" rel=\"noopener noreferrer\">Ondas Electromagn\u00e9ticas y \u00d3ptica<\/a><\/li>\n<li><a href=\"https:\/\/www.facet.unt.edu.ar\/licfisica\/wp-content\/uploads\/sites\/57\/2018\/03\/Programa-Laboratorio-IV-Lic-y-Bach-Univ-F\u00edsica-2017.pdf\" target=\"_blank\" rel=\"noopener noreferrer\">Laboratorio IV<\/a><\/li>\n<li><a href=\"https:\/\/www.facet.unt.edu.ar\/licfisica\/wp-content\/uploads\/sites\/57\/2018\/03\/C\u00e1lculo-Nivel-IV.pdf\" target=\"_blank\" rel=\"noopener noreferrer\">C\u00e1lculo Nivel IV<\/a><\/li>\n<\/ul>\n<p>Tercer A\u00f1o:<\/p>\n<ul>\n<li><a href=\"https:\/\/www.facet.unt.edu.ar\/licfisica\/wp-content\/uploads\/sites\/57\/2018\/03\/Programa-Fis-Mod-y-Cont-2017.pdf\" target=\"_blank\" rel=\"noopener noreferrer\">F\u00edsica Moderna y Contempor\u00e1nea<\/a><\/li>\n<li><a href=\"https:\/\/www.facet.unt.edu.ar\/licfisica\/wp-content\/uploads\/sites\/57\/2018\/11\/QUIMICA.pdf\" target=\"_blank\" rel=\"noopener noreferrer\">Qu\u00edmica<\/a><\/li>\n<li><a href=\"https:\/\/www.facet.unt.edu.ar\/licfisica\/wp-content\/uploads\/sites\/57\/2018\/03\/Programa-Lab-Fis-Mod-y-Cont-2017-1.pdf\" target=\"_blank\" rel=\"noopener noreferrer\">Laboratorio de F\u00edsica Moderna y Contempor\u00e1nea<\/a><\/li>\n<li><a href=\"https:\/\/www.facet.unt.edu.ar\/licfisica\/wp-content\/uploads\/sites\/57\/2018\/11\/EPISTEMOLOG\u00cdA-E-HISTORIA-DE-LA-F\u00cdSICA.pdf\" target=\"_blank\" rel=\"noopener noreferrer\">Epistemolog\u00eda e Historia de la F\u00edsica<\/a><\/li>\n<\/ul>\n<p>&nbsp;<\/p>\n","protected":false},"excerpt":{"rendered":"<p>Primer A\u00f1o: Mec\u00e1nica Laboratorio I C\u00e1lculo Nivel I Algebra y Geometria Analitica I Ondas y Termodin\u00e1mica Laboratorio II C\u00e1lculo Nivel II \u00c1lgebra y Geometr\u00eda Anal\u00edtica II Segundo A\u00f1o: Electricidad y Magnetismo Laboratorio III C\u00e1lculo Nivel III Ondas Electromagn\u00e9ticas y \u00d3ptica Laboratorio IV C\u00e1lculo Nivel IV Tercer A\u00f1o: F\u00edsica Moderna y Contempor\u00e1nea Qu\u00edmica Laboratorio de F\u00edsica [&hellip;]<\/p>\n","protected":false},"author":101036,"featured_media":0,"parent":0,"menu_order":5,"comment_status":"closed","ping_status":"closed","template":"","meta":[],"_links":{"self":[{"href":"https:\/\/www.facet.unt.edu.ar\/tecfisica\/wp-json\/wp\/v2\/pages\/169"}],"collection":[{"href":"https:\/\/www.facet.unt.edu.ar\/tecfisica\/wp-json\/wp\/v2\/pages"}],"about":[{"href":"https:\/\/www.facet.unt.edu.ar\/tecfisica\/wp-json\/wp\/v2\/types\/page"}],"author":[{"embeddable":true,"href":"https:\/\/www.facet.unt.edu.ar\/tecfisica\/wp-json\/wp\/v2\/users\/101036"}],"replies":[{"embeddable":true,"href":"https:\/\/www.facet.unt.edu.ar\/tecfisica\/wp-json\/wp\/v2\/comments?post=169"}],"version-history":[{"count":4,"href":"https:\/\/www.facet.unt.edu.ar\/tecfisica\/wp-json\/wp\/v2\/pages\/169\/revisions"}],"predecessor-version":[{"id":197,"href":"https:\/\/www.facet.unt.edu.ar\/tecfisica\/wp-json\/wp\/v2\/pages\/169\/revisions\/197"}],"wp:attachment":[{"href":"https:\/\/www.facet.unt.edu.ar\/tecfisica\/wp-json\/wp\/v2\/media?parent=169"}],"curies":[{"name":"wp","href":"https:\/\/api.w.org\/{rel}","templated":true}]}}