{"id":176,"date":"2018-04-16T16:53:59","date_gmt":"2018-04-16T19:53:59","guid":{"rendered":"https:\/\/www.facet.unt.edu.ar\/tecfisica\/?page_id=176"},"modified":"2021-06-01T19:40:46","modified_gmt":"2021-06-01T22:40:46","slug":"contacto","status":"publish","type":"page","link":"https:\/\/www.facet.unt.edu.ar\/tecfisica\/contacto\/","title":{"rendered":"Contacto"},"content":{"rendered":"<p><strong>Domicilio del Departamento de F\u00edsica<\/strong><\/p>\n<div><a href=\"https:\/\/maps.google.com\/?q=Av.+Independencia+1800&amp;entry=gmail&amp;source=g\">Av. Independencia 1800<\/a>\u00a0Block 2 Planta Baja<\/div>\n<div>CP: 4000 &#8211; San Miguel de Tucum\u00e1n, Tucum\u00e1n<\/div>\n<div><a href=\"https:\/\/www.facet.unt.edu.ar\/licfisica\/wp-content\/uploads\/sites\/57\/2018\/04\/Mapita.png\"><img decoding=\"async\" loading=\"lazy\" class=\"alignnone size-full wp-image-189\" src=\"https:\/\/www.facet.unt.edu.ar\/licfisica\/wp-content\/uploads\/sites\/57\/2018\/04\/Mapita.png\" alt=\"\" width=\"655\" height=\"598\" \/><\/a><\/div>\n<div><\/div>\n<div><strong>Tel\u00e9fono Secretar\u00eda F\u00edsica<\/strong><\/div>\n<div>(54) (0381) 4364093 Int. 7575<\/div>\n<div><\/div>\n<div>\n<div style=\"text-align: left;\"><strong>Cualquier consulta, no dudes en contactarte por <a href=\"https:\/\/docs.google.com\/forms\/d\/e\/1FAIpQLSdrFHDyVxo1xKjHuXKBndqy7oFQsUW7MM3JmL-FpMFNu13cdw\/viewform\" target=\"_blank\" rel=\"noopener noreferrer\">aqu\u00ed<\/a><\/strong><\/div>\n<div><\/div>\n<\/div>\n","protected":false},"excerpt":{"rendered":"<p>Domicilio del Departamento de F\u00edsica Av. Independencia 1800\u00a0Block 2 Planta Baja CP: 4000 &#8211; San Miguel de Tucum\u00e1n, Tucum\u00e1n Tel\u00e9fono Secretar\u00eda F\u00edsica (54) (0381) 4364093 Int. 7575 Cualquier consulta, no dudes en contactarte por aqu\u00ed<\/p>\n","protected":false},"author":101036,"featured_media":0,"parent":0,"menu_order":7,"comment_status":"closed","ping_status":"closed","template":"","meta":[],"_links":{"self":[{"href":"https:\/\/www.facet.unt.edu.ar\/tecfisica\/wp-json\/wp\/v2\/pages\/176"}],"collection":[{"href":"https:\/\/www.facet.unt.edu.ar\/tecfisica\/wp-json\/wp\/v2\/pages"}],"about":[{"href":"https:\/\/www.facet.unt.edu.ar\/tecfisica\/wp-json\/wp\/v2\/types\/page"}],"author":[{"embeddable":true,"href":"https:\/\/www.facet.unt.edu.ar\/tecfisica\/wp-json\/wp\/v2\/users\/101036"}],"replies":[{"embeddable":true,"href":"https:\/\/www.facet.unt.edu.ar\/tecfisica\/wp-json\/wp\/v2\/comments?post=176"}],"version-history":[{"count":9,"href":"https:\/\/www.facet.unt.edu.ar\/tecfisica\/wp-json\/wp\/v2\/pages\/176\/revisions"}],"predecessor-version":[{"id":200,"href":"https:\/\/www.facet.unt.edu.ar\/tecfisica\/wp-json\/wp\/v2\/pages\/176\/revisions\/200"}],"wp:attachment":[{"href":"https:\/\/www.facet.unt.edu.ar\/tecfisica\/wp-json\/wp\/v2\/media?parent=176"}],"curies":[{"name":"wp","href":"https:\/\/api.w.org\/{rel}","templated":true}]}}