{"id":2,"date":"2013-11-27T14:05:50","date_gmt":"2013-11-27T17:05:50","guid":{"rendered":"https:\/\/www.facet.unt.edu.ar\/tecfisica\/?page_id=2"},"modified":"2021-11-15T17:04:33","modified_gmt":"2021-11-15T20:04:33","slug":"info","status":"publish","type":"page","link":"https:\/\/www.facet.unt.edu.ar\/tecfisica\/info\/","title":{"rendered":"Informaci\u00f3n de la Carrera"},"content":{"rendered":"<p><strong>T\u00edtulo<br \/>\n<\/strong><strong>Alcances del T\u00edtulo<\/strong><\/p>\n<ul>\n<li>Colaborar en proyectos, programas y otras actividades de investigaci\u00f3n y desarrollo<\/li>\n<li>Colaborar en tareas de innovaci\u00f3n tecnol\u00f3gica y procesos industriales en contextos diversos p\u00fablicos y privados<\/li>\n<li>Actuar como T\u00e9cnico de Laboratorio en el \u00e1mbito de la disciplina en contextos diversos p\u00fablicos y privados<\/li>\n<li>Colaborar en la realizaci\u00f3n de arbitrajes, pericias y tasaciones relacionadas con la disciplina en contextos diversos p\u00fablicos y privados.<\/li>\n<\/ul>\n<p><strong>Perfil profesional de los egresados<\/strong><\/p>\n<p>El egresado posee una s\u00f3lida formaci\u00f3n en F\u00edsica B\u00e1sica y en t\u00e9cnicas de Laboratorio de F\u00edsica y una buena formaci\u00f3n en Matem\u00e1tica, complementada con Qu\u00edmica General y Epistemolog\u00eda. Esto le permite desempe\u00f1arse aut\u00f3nomamente en Laboratorios relacionados con la disciplina, pudi\u00e9ndose insertar en la industria o colaborar en actividades de desarrollo e innovaci\u00f3n tecnol\u00f3gica. El egresado adem\u00e1s podr\u00e1 completar sus estudios para alcanzar un t\u00edtulo de grado.<\/p>\n<p><strong>Duraci\u00f3n de la Carrera<\/strong><\/p>\n<p>3 a\u00f1os, con dedicaci\u00f3n de medio tiempo en el tercer a\u00f1o.<\/p>\n<p><strong>R\u00e9gimen de cursado<\/strong><\/p>\n<p>Cuatro materias por semestre como m\u00e1ximo, para que el n\u00famero de ex\u00e1menes (o evaluaciones del tipo que corresponda) no sea excesivo y que \u00e9stos puedan ser efectivamente aprobados en el transcurso de cada a\u00f1o.<\/p>\n<p>Todas las materias de los dos primeros a\u00f1os se dictar\u00e1n en ambos semestres para minimizar el atraso de los estudiantes que desaprueben alguna materia.<\/p>\n<p>Todos los Laboratorios del Plan de Estudios son promocionales.<\/p>\n<p><strong>Carga horaria<\/strong><\/p>\n<div>\n<p>21 horas semanales presenciales el primer a\u00f1o, 20 el segundo y\u00a0 10 durante el tercero.<\/p>\n<p>Carga horaria total: 1632 horas.<\/p>\n<p>Los horarios de casi todas las clases presenciales est\u00e1n agrupados en bloques de 4 horas diarias por la ma\u00f1ana, para minimizar el tiempo de traslado a la Universidad y para que los estudiantes que precisen trabajar puedan tener un empleo de medio d\u00eda.<\/p>\n<\/div>\n","protected":false},"excerpt":{"rendered":"<p>T\u00edtulo Alcances del T\u00edtulo Colaborar en proyectos, programas y otras actividades de investigaci\u00f3n y desarrollo Colaborar en tareas de innovaci\u00f3n tecnol\u00f3gica y procesos industriales en contextos diversos p\u00fablicos y privados Actuar como T\u00e9cnico de Laboratorio en el \u00e1mbito de la disciplina en contextos diversos p\u00fablicos y privados Colaborar en la realizaci\u00f3n de arbitrajes, pericias y [&hellip;]<\/p>\n","protected":false},"author":101036,"featured_media":0,"parent":0,"menu_order":1,"comment_status":"closed","ping_status":"closed","template":"","meta":[],"_links":{"self":[{"href":"https:\/\/www.facet.unt.edu.ar\/tecfisica\/wp-json\/wp\/v2\/pages\/2"}],"collection":[{"href":"https:\/\/www.facet.unt.edu.ar\/tecfisica\/wp-json\/wp\/v2\/pages"}],"about":[{"href":"https:\/\/www.facet.unt.edu.ar\/tecfisica\/wp-json\/wp\/v2\/types\/page"}],"author":[{"embeddable":true,"href":"https:\/\/www.facet.unt.edu.ar\/tecfisica\/wp-json\/wp\/v2\/users\/101036"}],"replies":[{"embeddable":true,"href":"https:\/\/www.facet.unt.edu.ar\/tecfisica\/wp-json\/wp\/v2\/comments?post=2"}],"version-history":[{"count":11,"href":"https:\/\/www.facet.unt.edu.ar\/tecfisica\/wp-json\/wp\/v2\/pages\/2\/revisions"}],"predecessor-version":[{"id":218,"href":"https:\/\/www.facet.unt.edu.ar\/tecfisica\/wp-json\/wp\/v2\/pages\/2\/revisions\/218"}],"wp:attachment":[{"href":"https:\/\/www.facet.unt.edu.ar\/tecfisica\/wp-json\/wp\/v2\/media?parent=2"}],"curies":[{"name":"wp","href":"https:\/\/api.w.org\/{rel}","templated":true}]}}