{"id":65,"date":"2014-08-04T09:14:33","date_gmt":"2014-08-04T12:14:33","guid":{"rendered":"https:\/\/www.facet.unt.edu.ar\/tecfisica\/home\/"},"modified":"2021-11-15T16:57:24","modified_gmt":"2021-11-15T19:57:24","slug":"inicio","status":"publish","type":"page","link":"https:\/\/www.facet.unt.edu.ar\/tecfisica\/","title":{"rendered":"Inicio"},"content":{"rendered":"<div id=\"pl-65\"  class=\"panel-layout\" ><div id=\"pg-65-0\"  class=\"panel-grid panel-has-style\" ><div class=\"wide-grey panel-row-style panel-row-style-for-65-0\" ><div id=\"pgc-65-0-0\"  class=\"panel-grid-cell\" ><div id=\"panel-65-0-0-0\" class=\"so-panel widget widget_black-studio-tinymce widget_black_studio_tinymce panel-first-child panel-last-child\" data-index=\"0\" ><div class=\"textwidget\"><h1 style=\"text-align: center;\">Tecnicatura Universitaria en F\u00edsica<\/h1>\n<hr \/>\n<p style=\"text-align: center;\">El egresado posee una s\u00f3lida formaci\u00f3n en F\u00edsica B\u00e1sica y en t\u00e9cnicas de Laboratorio de F\u00edsica y una buena formaci\u00f3n en Matem\u00e1tica, complementada con Qu\u00edmica General y Epistemolog\u00eda. Esto le permite desempe\u00f1arse aut\u00f3nomamente en Laboratorios relacionados con la disciplina, pudi\u00e9ndose insertar en la industria o colaborar en actividades de desarrollo e innovaci\u00f3n tecnol\u00f3gica. El egresado adem\u00e1s podr\u00e1 completar sus estudios para alcanzar un t\u00edtulo de grado.<\/p>\n<\/div><\/div><\/div><\/div><\/div><\/div>","protected":false},"excerpt":{"rendered":"<p>Tecnicatura Universitaria en F\u00edsica El egresado posee una s\u00f3lida formaci\u00f3n en F\u00edsica B\u00e1sica y en t\u00e9cnicas de Laboratorio de F\u00edsica y una buena formaci\u00f3n en Matem\u00e1tica, complementada con Qu\u00edmica General y Epistemolog\u00eda. Esto le permite desempe\u00f1arse aut\u00f3nomamente en Laboratorios relacionados con la disciplina, pudi\u00e9ndose insertar en la industria o colaborar en actividades de desarrollo e [&hellip;]<\/p>\n","protected":false},"author":1,"featured_media":0,"parent":0,"menu_order":0,"comment_status":"closed","ping_status":"closed","template":"home-panels.php","meta":[],"_links":{"self":[{"href":"https:\/\/www.facet.unt.edu.ar\/tecfisica\/wp-json\/wp\/v2\/pages\/65"}],"collection":[{"href":"https:\/\/www.facet.unt.edu.ar\/tecfisica\/wp-json\/wp\/v2\/pages"}],"about":[{"href":"https:\/\/www.facet.unt.edu.ar\/tecfisica\/wp-json\/wp\/v2\/types\/page"}],"author":[{"embeddable":true,"href":"https:\/\/www.facet.unt.edu.ar\/tecfisica\/wp-json\/wp\/v2\/users\/1"}],"replies":[{"embeddable":true,"href":"https:\/\/www.facet.unt.edu.ar\/tecfisica\/wp-json\/wp\/v2\/comments?post=65"}],"version-history":[{"count":17,"href":"https:\/\/www.facet.unt.edu.ar\/tecfisica\/wp-json\/wp\/v2\/pages\/65\/revisions"}],"predecessor-version":[{"id":217,"href":"https:\/\/www.facet.unt.edu.ar\/tecfisica\/wp-json\/wp\/v2\/pages\/65\/revisions\/217"}],"wp:attachment":[{"href":"https:\/\/www.facet.unt.edu.ar\/tecfisica\/wp-json\/wp\/v2\/media?parent=65"}],"curies":[{"name":"wp","href":"https:\/\/api.w.org\/{rel}","templated":true}]}}