{"id":153,"date":"2018-03-13T01:37:29","date_gmt":"2018-03-13T04:37:29","guid":{"rendered":"https:\/\/www.facet.unt.edu.ar\/tecfisicaambiental\/?page_id=153"},"modified":"2025-04-03T14:18:02","modified_gmt":"2025-04-03T17:18:02","slug":"estructura-curricular","status":"publish","type":"page","link":"https:\/\/www.facet.unt.edu.ar\/tecfisicaambiental\/estructura-curricular\/","title":{"rendered":"Estructura curricular"},"content":{"rendered":"<p>El r\u00e9gimen de correlativas para poder cursar es el siguiente:<\/p>\n<h2>Obligatorias<\/h2>\n<p><strong>C\u00e1lculo Nivel I: <\/strong>sin correlativas.<\/p>\n<p><strong>Elementos de Algebra Lineal \u00a0y Geometr\u00eda Anal\u00edtica : <\/strong>sin correlativas.<\/p>\n<p><strong>An\u00e1lisis Geoambiental: <\/strong>sin correlativas.<\/p>\n<p><strong>Qu\u00edmica General: <\/strong>sin correlativas.<\/p>\n<p><strong>F\u00edsica I:<\/strong><span style=\"color: #000000;\"> sin correlativa (Res. FACET 644\/2021 y Res. FACET 1411\/2025).<\/span><\/p>\n<p><strong>C\u00e1lculo Nivel II: <\/strong>C\u00e1lculo Nivel I, F\u00edsica I.<\/p>\n<p><strong>Qu\u00edmica Inorg\u00e1nica y Org\u00e1nica: <\/strong>Qu\u00edmica General.<\/p>\n<p><strong>Inform\u00e1tica: <\/strong>C\u00e1lculo Nivel I.<\/p>\n<p><strong>F\u00edsica II: <\/strong>F\u00edsica I, C\u00e1lculo I.<\/p>\n<p><strong>C\u00e1lculo Nivel III:<\/strong> C\u00e1lculo Nivel II, F\u00edsica I.<\/p>\n<p><strong>Sistemas Hidrol\u00f3gicos: <\/strong>F\u00edsica I.<\/p>\n<p><strong>Impacto y Gesti\u00f3n Ambiental: <\/strong>An\u00e1lisis Geoambiental.<\/p>\n<p><strong>F\u00edsica III: <\/strong>F\u00edsica II, C\u00e1lculo Nivel II.<\/p>\n<p><strong>Contaminaci\u00f3n Atmosf\u00e9rica: <\/strong>F\u00edsica II, Qu\u00edmica Inorg\u00e1nica y Org\u00e1nica.<\/p>\n<p><strong>Microbiolog\u00eda General y Aplicada: <\/strong>Qu\u00edmica Inorg\u00e1nica y Org\u00e1nica.<\/p>\n<p><strong>Introducci\u00f3n a la Ac\u00fastica y Psicoac\u00fastica: <\/strong>F\u00edsica II.<\/p>\n<p><strong>Mec\u00e1nica de Fluidos: <\/strong>F\u00edsica II, C\u00e1lculo Nivel III.<\/p>\n<p><strong>Meteorolog\u00eda y Climatolog\u00eda: <\/strong>F\u00edsica III<strong>, <\/strong>C\u00e1lculo Nivel III.<\/p>\n<p><strong>Introducci\u00f3n a la Teledetecci\u00f3n: <\/strong>F\u00edsica II.<\/p>\n<p><strong>Contaminaci\u00f3n Electromagn\u00e9tica y Medio Ambiente: <\/strong>F\u00edsica III, C\u00e1lculo Nivel III.<\/p>\n<h2>Optativas generales<\/h2>\n<p><strong>Higiene y Seguridad Laboral: <\/strong>\u00a0Contaminaci\u00f3n Atmosf\u00e9rica, Impacto y Gesti\u00f3n Ambiental.<\/p>\n<p><strong>Residuos S\u00f3lidos Urbanos: <\/strong>\u00a0Qu\u00edmica Inorg\u00e1nica y Org\u00e1nica,\u00a0 Microbiolog\u00eda General y Aplicada.<\/p>\n<p><strong>Toxicolog\u00eda Industrial: <\/strong>Microbiolog\u00eda General y Aplicada, Contaminaci\u00f3n Atmosf\u00e9rica.<\/p>\n<p><strong>F\u00edsica Nuclear: <\/strong>F\u00edsica III, C\u00e1lculo III,\u00a0 Impacto y Gesti\u00f3n Ambiental.<\/p>\n<p><strong>Control de Ruido: <\/strong>F\u00edsica II, C\u00e1lculo III, Introducci\u00f3n a la Ac\u00fastica y Psicoac\u00fastica.<\/p>\n<p><strong>Contaminaci\u00f3n de Aguas:<\/strong> F\u00edsica I, Mec\u00e1nica de Fluidos, Sistemas Hidrol\u00f3gicos.<\/p>\n<p><strong>Principios de Comunicaciones Opticas: <\/strong>F\u00edsica III, C\u00e1lculo III, Contaminaci\u00f3n Electromagn\u00e9tica y Medio Ambiente.<\/p>\n<p><strong>Introducci\u00f3n a los Sistemas de Informaci\u00f3n Geogr\u00e1fica (SIG): <\/strong>F\u00edsica III, C\u00e1lculo III, Introducci\u00f3n a la Teledetecci\u00f3n.<\/p>\n","protected":false},"excerpt":{"rendered":"<p>El r\u00e9gimen de correlativas para poder cursar es el siguiente: Obligatorias C\u00e1lculo Nivel I: sin correlativas. Elementos de Algebra Lineal \u00a0y Geometr\u00eda Anal\u00edtica : sin correlativas. An\u00e1lisis Geoambiental: sin correlativas. Qu\u00edmica General: sin correlativas. F\u00edsica I: sin correlativa (Res. FACET 644\/2021 y Res. FACET 1411\/2025). C\u00e1lculo Nivel II: C\u00e1lculo Nivel I, F\u00edsica I. Qu\u00edmica Inorg\u00e1nica [&hellip;]<\/p>\n","protected":false},"author":101036,"featured_media":0,"parent":0,"menu_order":4,"comment_status":"closed","ping_status":"closed","template":"","meta":[],"_links":{"self":[{"href":"https:\/\/www.facet.unt.edu.ar\/tecfisicaambiental\/wp-json\/wp\/v2\/pages\/153"}],"collection":[{"href":"https:\/\/www.facet.unt.edu.ar\/tecfisicaambiental\/wp-json\/wp\/v2\/pages"}],"about":[{"href":"https:\/\/www.facet.unt.edu.ar\/tecfisicaambiental\/wp-json\/wp\/v2\/types\/page"}],"author":[{"embeddable":true,"href":"https:\/\/www.facet.unt.edu.ar\/tecfisicaambiental\/wp-json\/wp\/v2\/users\/101036"}],"replies":[{"embeddable":true,"href":"https:\/\/www.facet.unt.edu.ar\/tecfisicaambiental\/wp-json\/wp\/v2\/comments?post=153"}],"version-history":[{"count":16,"href":"https:\/\/www.facet.unt.edu.ar\/tecfisicaambiental\/wp-json\/wp\/v2\/pages\/153\/revisions"}],"predecessor-version":[{"id":543,"href":"https:\/\/www.facet.unt.edu.ar\/tecfisicaambiental\/wp-json\/wp\/v2\/pages\/153\/revisions\/543"}],"wp:attachment":[{"href":"https:\/\/www.facet.unt.edu.ar\/tecfisicaambiental\/wp-json\/wp\/v2\/media?parent=153"}],"curies":[{"name":"wp","href":"https:\/\/api.w.org\/{rel}","templated":true}]}}