{"id":163,"date":"2018-03-13T01:49:33","date_gmt":"2018-03-13T04:49:33","guid":{"rendered":"https:\/\/www.facet.unt.edu.ar\/tecfisicaambiental\/?page_id=163"},"modified":"2025-09-19T12:12:59","modified_gmt":"2025-09-19T15:12:59","slug":"enlaces-de-interes","status":"publish","type":"page","link":"https:\/\/www.facet.unt.edu.ar\/tecfisicaambiental\/enlaces-de-interes\/","title":{"rendered":"Enlaces de Inter\u00e9s"},"content":{"rendered":"<p><a href=\"http:\/\/departamentodefisica.herrera.unt.edu.ar\/\" target=\"_blank\" rel=\"noopener noreferrer\">P\u00e1gina del Departamento de F\u00edsica &#8211; FACET &#8211; UNT<\/a><\/p>\n<p><a href=\"https:\/\/www.facet.unt.edu.ar\/licfisica\/\" target=\"_blank\" rel=\"noopener noreferrer\">P\u00e1gina de la Licenciatura en F\u00edsica<\/a><\/p>\n<p><a href=\"https:\/\/www.instagram.com\/tec.fisicaambiental.facet.unt?utm_source=ig_web_button_share_sheet&amp;igsh=ZDNlZDc0MzIxNw==\">Instagram de los alumnos<\/a><\/p>\n<p>&nbsp;<\/p>\n","protected":false},"excerpt":{"rendered":"<p>P\u00e1gina del Departamento de F\u00edsica &#8211; FACET &#8211; UNT P\u00e1gina de la Licenciatura en F\u00edsica Instagram de los alumnos &nbsp;<\/p>\n","protected":false},"author":101036,"featured_media":0,"parent":0,"menu_order":6,"comment_status":"closed","ping_status":"closed","template":"","meta":[],"_links":{"self":[{"href":"https:\/\/www.facet.unt.edu.ar\/tecfisicaambiental\/wp-json\/wp\/v2\/pages\/163"}],"collection":[{"href":"https:\/\/www.facet.unt.edu.ar\/tecfisicaambiental\/wp-json\/wp\/v2\/pages"}],"about":[{"href":"https:\/\/www.facet.unt.edu.ar\/tecfisicaambiental\/wp-json\/wp\/v2\/types\/page"}],"author":[{"embeddable":true,"href":"https:\/\/www.facet.unt.edu.ar\/tecfisicaambiental\/wp-json\/wp\/v2\/users\/101036"}],"replies":[{"embeddable":true,"href":"https:\/\/www.facet.unt.edu.ar\/tecfisicaambiental\/wp-json\/wp\/v2\/comments?post=163"}],"version-history":[{"count":7,"href":"https:\/\/www.facet.unt.edu.ar\/tecfisicaambiental\/wp-json\/wp\/v2\/pages\/163\/revisions"}],"predecessor-version":[{"id":551,"href":"https:\/\/www.facet.unt.edu.ar\/tecfisicaambiental\/wp-json\/wp\/v2\/pages\/163\/revisions\/551"}],"wp:attachment":[{"href":"https:\/\/www.facet.unt.edu.ar\/tecfisicaambiental\/wp-json\/wp\/v2\/media?parent=163"}],"curies":[{"name":"wp","href":"https:\/\/api.w.org\/{rel}","templated":true}]}}