{"id":263,"date":"2021-09-20T13:50:22","date_gmt":"2021-09-20T16:50:22","guid":{"rendered":"https:\/\/www.facet.unt.edu.ar\/tecfisicaambiental\/?page_id=263"},"modified":"2025-04-03T13:25:44","modified_gmt":"2025-04-03T16:25:44","slug":"reglamentos","status":"publish","type":"page","link":"https:\/\/www.facet.unt.edu.ar\/tecfisicaambiental\/reglamentos\/","title":{"rendered":"Reglamentos"},"content":{"rendered":"<ul>\n<li>Resoluci\u00f3n ministerial de validez nacional del t\u00edtulo:<br \/>\n<a href=\"https:\/\/www.facet.unt.edu.ar\/tecfisicaambiental\/wp-content\/uploads\/sites\/56\/2021\/09\/RESOL-1275-18-TECNICO-UNIVERSITARIO-EN-FISICA-AMBIENTAL.pdf\">RESOL 1275-18 T\u00c9CNICO UNIVERSITARIO EN F\u00cdSICA AMBIENTAL<\/a><\/li>\n<li>Resoluci\u00f3n de facultad sobre el cursado de F\u00edsica I<br \/>\n<a href=\"https:\/\/www.facet.unt.edu.ar\/tecfisicaambiental\/wp-content\/uploads\/sites\/56\/2022\/10\/Res_0644_21-TUFA-fisica1.pdf\">Res_0644_21 TUFA fisica1<\/a><\/li>\n<li>Resoluci\u00f3n FACET sobre materias correlativas<br \/>\n<a href=\"https:\/\/www.facet.unt.edu.ar\/tecfisicaambiental\/wp-content\/uploads\/sites\/56\/2025\/04\/10_13-03-2025_Resolucion_RES_FACET__DDAC_1411_2025.pdf\">Res. 1411\/2025<\/a><\/li>\n<\/ul>\n","protected":false},"excerpt":{"rendered":"<p>Resoluci\u00f3n ministerial de validez nacional del t\u00edtulo: RESOL 1275-18 T\u00c9CNICO UNIVERSITARIO EN F\u00cdSICA AMBIENTAL Resoluci\u00f3n de facultad sobre el cursado de F\u00edsica I Res_0644_21 TUFA fisica1 Resoluci\u00f3n FACET sobre materias correlativas Res. 1411\/2025<\/p>\n","protected":false},"author":123460,"featured_media":0,"parent":0,"menu_order":0,"comment_status":"closed","ping_status":"closed","template":"","meta":[],"_links":{"self":[{"href":"https:\/\/www.facet.unt.edu.ar\/tecfisicaambiental\/wp-json\/wp\/v2\/pages\/263"}],"collection":[{"href":"https:\/\/www.facet.unt.edu.ar\/tecfisicaambiental\/wp-json\/wp\/v2\/pages"}],"about":[{"href":"https:\/\/www.facet.unt.edu.ar\/tecfisicaambiental\/wp-json\/wp\/v2\/types\/page"}],"author":[{"embeddable":true,"href":"https:\/\/www.facet.unt.edu.ar\/tecfisicaambiental\/wp-json\/wp\/v2\/users\/123460"}],"replies":[{"embeddable":true,"href":"https:\/\/www.facet.unt.edu.ar\/tecfisicaambiental\/wp-json\/wp\/v2\/comments?post=263"}],"version-history":[{"count":8,"href":"https:\/\/www.facet.unt.edu.ar\/tecfisicaambiental\/wp-json\/wp\/v2\/pages\/263\/revisions"}],"predecessor-version":[{"id":535,"href":"https:\/\/www.facet.unt.edu.ar\/tecfisicaambiental\/wp-json\/wp\/v2\/pages\/263\/revisions\/535"}],"wp:attachment":[{"href":"https:\/\/www.facet.unt.edu.ar\/tecfisicaambiental\/wp-json\/wp\/v2\/media?parent=263"}],"curies":[{"name":"wp","href":"https:\/\/api.w.org\/{rel}","templated":true}]}}