{"id":307,"date":"2022-09-29T12:59:12","date_gmt":"2022-09-29T15:59:12","guid":{"rendered":"https:\/\/www.facet.unt.edu.ar\/tecfisicaambiental\/?page_id=307"},"modified":"2025-02-24T09:58:34","modified_gmt":"2025-02-24T12:58:34","slug":"autoridades","status":"publish","type":"page","link":"https:\/\/www.facet.unt.edu.ar\/tecfisicaambiental\/autoridades\/","title":{"rendered":"Autoridades"},"content":{"rendered":"<p style=\"text-align: left;\"><strong>Director de Carrera:<\/strong><\/p>\n<p style=\"padding-left: 40px;\"><strong><em>Lic. Francisco Rub\u00e9n Soria<\/em><\/strong><\/p>\n<p><strong>Comisi\u00f3n Acad\u00e9mica:<\/strong><\/p>\n<p style=\"padding-left: 40px;\"><strong>Profesores:<\/strong><\/p>\n<p style=\"padding-left: 80px;\"><em><strong>Geo. Juan \u00c1ngel Garc\u00eda<\/strong><\/em><br \/>\n<em><strong>Lic. Mar\u00eda Laura Molina<\/strong><\/em><br \/>\n<em><strong>Lic. Axel Hemsy<br \/>\nIng. Diego Alejandro Gonz\u00e1lez<br \/>\nLic. N\u00e9stor Sebasti\u00e1n Leal (Suplente)<br \/>\nLic. Juan Pablo Vazquez (Suplente)<\/strong><\/em><\/p>\n<p style=\"padding-left: 40px;\"><strong>Estudiantes:<\/strong><\/p>\n<p style=\"padding-left: 80px;\"><em><strong>Sr. Roque Sebasti\u00e1n \u00c1lvarez<br \/>\nSrta. Nerea Vanesa Medina (Suplente)<\/strong><\/em><\/p>\n<p>&nbsp;<\/p>\n","protected":false},"excerpt":{"rendered":"<p>Director de Carrera: Lic. Francisco Rub\u00e9n Soria Comisi\u00f3n Acad\u00e9mica: Profesores: Geo. Juan \u00c1ngel Garc\u00eda Lic. Mar\u00eda Laura Molina Lic. Axel Hemsy Ing. Diego Alejandro Gonz\u00e1lez Lic. N\u00e9stor Sebasti\u00e1n Leal (Suplente) Lic. Juan Pablo Vazquez (Suplente) Estudiantes: Sr. Roque Sebasti\u00e1n \u00c1lvarez Srta. Nerea Vanesa Medina (Suplente) &nbsp;<\/p>\n","protected":false},"author":123485,"featured_media":0,"parent":0,"menu_order":0,"comment_status":"closed","ping_status":"closed","template":"","meta":[],"_links":{"self":[{"href":"https:\/\/www.facet.unt.edu.ar\/tecfisicaambiental\/wp-json\/wp\/v2\/pages\/307"}],"collection":[{"href":"https:\/\/www.facet.unt.edu.ar\/tecfisicaambiental\/wp-json\/wp\/v2\/pages"}],"about":[{"href":"https:\/\/www.facet.unt.edu.ar\/tecfisicaambiental\/wp-json\/wp\/v2\/types\/page"}],"author":[{"embeddable":true,"href":"https:\/\/www.facet.unt.edu.ar\/tecfisicaambiental\/wp-json\/wp\/v2\/users\/123485"}],"replies":[{"embeddable":true,"href":"https:\/\/www.facet.unt.edu.ar\/tecfisicaambiental\/wp-json\/wp\/v2\/comments?post=307"}],"version-history":[{"count":3,"href":"https:\/\/www.facet.unt.edu.ar\/tecfisicaambiental\/wp-json\/wp\/v2\/pages\/307\/revisions"}],"predecessor-version":[{"id":529,"href":"https:\/\/www.facet.unt.edu.ar\/tecfisicaambiental\/wp-json\/wp\/v2\/pages\/307\/revisions\/529"}],"wp:attachment":[{"href":"https:\/\/www.facet.unt.edu.ar\/tecfisicaambiental\/wp-json\/wp\/v2\/media?parent=307"}],"curies":[{"name":"wp","href":"https:\/\/api.w.org\/{rel}","templated":true}]}}