{"id":376,"date":"2024-06-07T12:57:27","date_gmt":"2024-06-07T15:57:27","guid":{"rendered":"https:\/\/www.facet.unt.edu.ar\/tecfisicaambiental\/?page_id=376"},"modified":"2024-06-07T13:43:38","modified_gmt":"2024-06-07T16:43:38","slug":"pasantias-ymad","status":"publish","type":"page","link":"https:\/\/www.facet.unt.edu.ar\/tecfisicaambiental\/pasantias-ymad\/","title":{"rendered":"Pasantias YMAD"},"content":{"rendered":"<h1><em><strong>Experiencia de campo de los alumnos de la Tecnicatura Universitaria en F\u00edsica Ambiental (TUFA) en Yacimientos Mineros Agua de Dionisio (YMAD)<\/strong><\/em><\/h1>\n<div id=\"metaslider-id-444\" style=\"width: 100%; margin: 0 auto;\" class=\"ml-slider-3-27-5 metaslider metaslider-flex metaslider-444 ml-slider nav-hidden\">\n    <div id=\"metaslider_container_444\">\n        <div id=\"metaslider_444\">\n            <ul aria-live=\"polite\" class=\"slides\">\n                <li style=\"display: none; width: 100%;\" class=\"slide-465 ms-image\"><img src=\"https:\/\/www.facet.unt.edu.ar\/tecfisicaambiental\/wp-content\/uploads\/sites\/56\/2024\/06\/IMG-20240409-WA0012.jpg\" height=\"300\" width=\"300\" alt=\"\" class=\"slider-444 slide-465\" title=\"IMG-20240409-WA0012\" \/><\/li>\n                <li style=\"display: none; width: 100%;\" class=\"slide-449 ms-image\"><img src=\"https:\/\/www.facet.unt.edu.ar\/tecfisicaambiental\/wp-content\/uploads\/sites\/56\/2024\/06\/IMG-20240410-WA0011.jpg\" height=\"300\" width=\"300\" alt=\"\" class=\"slider-444 slide-449\" title=\"IMG-20240410-WA0011\" \/><\/li>\n                <li style=\"display: none; width: 100%;\" class=\"slide-451 ms-image\"><img src=\"https:\/\/www.facet.unt.edu.ar\/tecfisicaambiental\/wp-content\/uploads\/sites\/56\/2024\/06\/IMG-20240409-WA0013.jpg\" height=\"300\" width=\"300\" alt=\"\" class=\"slider-444 slide-451\" title=\"IMG-20240409-WA0013\" \/><\/li>\n                <li style=\"display: none; width: 100%;\" class=\"slide-463 ms-image\"><img src=\"https:\/\/www.facet.unt.edu.ar\/tecfisicaambiental\/wp-content\/uploads\/sites\/56\/2024\/06\/IMG-20240410-WA0036.jpg\" height=\"300\" width=\"300\" alt=\"\" class=\"slider-444 slide-463\" title=\"IMG-20240410-WA0036\" \/><\/li>\n                <li style=\"display: none; width: 100%;\" class=\"slide-450 ms-image\"><img src=\"https:\/\/www.facet.unt.edu.ar\/tecfisicaambiental\/wp-content\/uploads\/sites\/56\/2024\/06\/unnamed.jpg\" height=\"300\" width=\"300\" alt=\"\" class=\"slider-444 slide-450\" title=\"unnamed\" \/><\/li>\n            <\/ul>\n        <\/div>\n        \n    <\/div>\n<\/div>\n<p>Se desarroll\u00f3 entre los meses de noviembre del 2023 y febrero del 2024 coordinados por el Prof. Juan \u00c1ngel Garc\u00eda, docente de la carrera. Participaron una docente, Mg. Mar\u00eda Laura Molina y 8 alumnos de la FACET, distribuidos entre 7 de TUFA y 1 de Ing. Qu\u00edmica.<\/p>\n<p>Las experiencias se desarrollaron en el \u00c1rea de Medio Ambiente de la Mina Farall\u00f3n Negro y fueron de una duraci\u00f3n de entre 7 y 14 d\u00edas.<\/p>\n<h5>Objetivos Generales:<\/h5>\n<ul>\n<li>Poner en pr\u00e1ctica los conocimientos adquiridos durante el cursado de la carrera.<\/li>\n<li>Conocer y desarrollar las distintas tareas que realiza un t\u00e9cnico ambiental.<\/li>\n<li>Adquirir entrenamiento en t\u00e9cnicas y metodolog\u00edas relacionadas con tareas de campo y laboratorio.<\/li>\n<\/ul>\n<h5>Objetivos espec\u00edficos:<\/h5>\n<ul>\n<li>Adquirir h\u00e1bitos sobre las medidas de higiene y seguridad para cada una de las \u00e1reas intervinientes.<\/li>\n<li>Reconocer los componentes ambientales regionales y locales que reciben el impacto directo y\/o indirecto de la explotaci\u00f3n minera de la mina Farall\u00f3n Negro.<\/li>\n<li>Controlar el cumplimiento de las leyes y\/o normativas de protecci\u00f3n ambiental en las distintas \u00e1reas de YMAD.<\/li>\n<li>Realizar monitoreos de calidad de agua de consumo humano y de efluentes.<\/li>\n<li>Manejo de equipos para determinaci\u00f3n de par\u00e1metros f\u00edsico-qu\u00edmico de aguas.<\/li>\n<li>Controlar la disposici\u00f3n adecuada de Residuos S\u00f3lidos Urbanos (RSU) y Residuos Peligrosos, que se generan cotidianamente.<\/li>\n<\/ul>\n<h5>Tareas de Campo:<\/h5>\n<ul>\n<li>Participaci\u00f3n activa en controles y auditor\u00edas ambientales, ejecutadas en diferentes componentes del yacimiento.<\/li>\n<li>Planta tratamiento de efluentes.<\/li>\n<li>Control ambiental en piletas de recuperaci\u00f3n de efluentes tratados.<\/li>\n<li>Control de planta potabilizadora.<\/li>\n<li>Verificaci\u00f3n de bebederos para animales.<\/li>\n<li>Vaciadero semi controlado de RSU.<\/li>\n<li>Pileta de lodos de perforaci\u00f3n.<\/li>\n<li>Medici\u00f3n de gas cianh\u00eddrico en los distintos puntos del proceso de planta de beneficio, playas y laboratorios.<\/li>\n<li>Muestreo de agua para consumo, determinaci\u00f3n de cloro activo libre y turbidez.<\/li>\n<li>Toma de muestras de efluentes para determinaci\u00f3n de cloro reactivo libre, en planta de tratamiento de efluentes cloacales.<\/li>\n<li>Inspecciones ambientales de rutina en sectores planta, producci\u00f3n y campamento.<\/li>\n<li>Salidas de campa\u00f1a a Agua de Dionisio.<\/li>\n<li>Relevamiento de estados de islas de residuos. Separaci\u00f3n en origen.<\/li>\n<\/ul>\n<h5>Programa de control ambiental:<\/h5>\n<ul>\n<li>Capacitaciones PCA: mediciones de gas cianh\u00eddrico, monitoreo de calidad de aire, manejo de sustancias peligrosas.<\/li>\n<li>Participaci\u00f3n en auditor\u00edas ambientales externas realizadas por auditor externo de grado 2<sup>a,<\/sup> para cumplimiento de compromiso t\u00e9cnicos administrativos, correspondiente a las etapas de exploraci\u00f3n y explotaci\u00f3n Mina Farall\u00f3n Negro-Alto la Blenda.<\/li>\n<li>Monitoreo de efluentes l\u00edquidos.<\/li>\n<li>Monitoreo de gas cianh\u00eddrico.<\/li>\n<li>Monitoreo de aguas superficiales.<\/li>\n<li>Monitoreo de planta potabilizadora.<\/li>\n<\/ul>\n<h5>Actividades de gabinete y laboratorio:<\/h5>\n<ul>\n<li>Redacci\u00f3n de informes de actividades realizadas.<\/li>\n<li>Elaboraci\u00f3n de check list para c\u00e1mara P2.<\/li>\n<li>Elaboraci\u00f3n de check list para vaciadero RSU.<\/li>\n<li>Medici\u00f3n de gas cianh\u00eddrico.<\/li>\n<li>Recopilaci\u00f3n y organizaci\u00f3n de informes.<\/li>\n<li>Trabajos varios administrativos.<\/li>\n<\/ul>\n<p>&nbsp;<\/p>\n<h3><strong>Informes de las experiencias de alumnos<\/strong><\/h3>\n<p><a href=\"https:\/\/www.facet.unt.edu.ar\/tecfisicaambiental\/wp-content\/uploads\/sites\/56\/2024\/06\/DOC-20240130-WA0023.-1.pdf\">Informe de Bit\u00e1cora<\/a><\/p>\n<p><a href=\"https:\/\/www.facet.unt.edu.ar\/tecfisicaambiental\/wp-content\/uploads\/sites\/56\/2024\/06\/DOC-20240129-WA0051.-1.pdf\">Monitoreo Ambiental agua superficial- Efluente y agua de consumo<\/a><\/p>\n<p><a href=\"https:\/\/www.facet.unt.edu.ar\/tecfisicaambiental\/wp-content\/uploads\/sites\/56\/2024\/06\/DOC-20240129-WA0019.-1.pdf\">Monitoreo gas cianh\u00eddrico<\/a><\/p>\n<p>&nbsp;<\/p>\n","protected":false},"excerpt":{"rendered":"<p>Experiencia de campo de los alumnos de la Tecnicatura Universitaria en F\u00edsica Ambiental (TUFA) en Yacimientos Mineros Agua de Dionisio (YMAD) Se desarroll\u00f3 entre los meses de noviembre del 2023 y febrero del 2024 coordinados por el Prof. Juan \u00c1ngel Garc\u00eda, docente de la carrera. Participaron una docente, Mg. Mar\u00eda Laura Molina y 8 alumnos [&hellip;]<\/p>\n","protected":false},"author":123519,"featured_media":0,"parent":0,"menu_order":0,"comment_status":"closed","ping_status":"closed","template":"","meta":[],"_links":{"self":[{"href":"https:\/\/www.facet.unt.edu.ar\/tecfisicaambiental\/wp-json\/wp\/v2\/pages\/376"}],"collection":[{"href":"https:\/\/www.facet.unt.edu.ar\/tecfisicaambiental\/wp-json\/wp\/v2\/pages"}],"about":[{"href":"https:\/\/www.facet.unt.edu.ar\/tecfisicaambiental\/wp-json\/wp\/v2\/types\/page"}],"author":[{"embeddable":true,"href":"https:\/\/www.facet.unt.edu.ar\/tecfisicaambiental\/wp-json\/wp\/v2\/users\/123519"}],"replies":[{"embeddable":true,"href":"https:\/\/www.facet.unt.edu.ar\/tecfisicaambiental\/wp-json\/wp\/v2\/comments?post=376"}],"version-history":[{"count":18,"href":"https:\/\/www.facet.unt.edu.ar\/tecfisicaambiental\/wp-json\/wp\/v2\/pages\/376\/revisions"}],"predecessor-version":[{"id":453,"href":"https:\/\/www.facet.unt.edu.ar\/tecfisicaambiental\/wp-json\/wp\/v2\/pages\/376\/revisions\/453"}],"wp:attachment":[{"href":"https:\/\/www.facet.unt.edu.ar\/tecfisicaambiental\/wp-json\/wp\/v2\/media?parent=376"}],"curies":[{"name":"wp","href":"https:\/\/api.w.org\/{rel}","templated":true}]}}