{"id":65,"date":"2014-08-04T09:14:33","date_gmt":"2014-08-04T12:14:33","guid":{"rendered":"https:\/\/www.facet.unt.edu.ar\/tecfisicaambiental\/home\/"},"modified":"2024-06-10T15:49:24","modified_gmt":"2024-06-10T18:49:24","slug":"home__trashed","status":"publish","type":"page","link":"https:\/\/www.facet.unt.edu.ar\/tecfisicaambiental\/","title":{"rendered":"Home"},"content":{"rendered":"<div id=\"pl-65\"  class=\"panel-layout\" ><div id=\"pg-65-0\"  class=\"panel-grid panel-has-style\" ><div class=\"wide-grey panel-row-style panel-row-style-for-65-0\" ><div id=\"pgc-65-0-0\"  class=\"panel-grid-cell\" ><div id=\"panel-65-0-0-0\" class=\"so-panel widget widget_metaslider_widget panel-first-child\" data-index=\"0\" ><div id=\"metaslider-id-5\" style=\"width: 100%; margin: 0 auto;\" class=\"ml-slider-3-27-5 metaslider metaslider-flex metaslider-5 ml-slider nav-hidden\">\n    <div id=\"metaslider_container_5\">\n        <div id=\"metaslider_5\">\n            <ul aria-live=\"polite\" class=\"slides\">\n                <li style=\"display: none; width: 100%;\" class=\"slide-243 ms-image\"><img src=\"https:\/\/www.facet.unt.edu.ar\/tecfisicaambiental\/wp-content\/uploads\/sites\/56\/2018\/03\/fotolab2012.jpg\" height=\"300\" width=\"300\" alt=\"\" class=\"slider-5 slide-243\" title=\"fotolab2012\" \/><\/li>\n                <li style=\"display: none; width: 100%;\" class=\"slide-242 ms-image\"><img src=\"https:\/\/www.facet.unt.edu.ar\/tecfisicaambiental\/wp-content\/uploads\/sites\/56\/2021\/04\/ambiente-cuadrada.jpg\" height=\"300\" width=\"300\" alt=\"\" class=\"slider-5 slide-242\" \/><\/li>\n                <li style=\"display: none; width: 100%;\" class=\"slide-422 ms-image\"><img src=\"https:\/\/www.facet.unt.edu.ar\/tecfisicaambiental\/wp-content\/uploads\/sites\/56\/2024\/06\/unnamed-6.jpg\" height=\"300\" width=\"300\" alt=\"\" class=\"slider-5 slide-422\" title=\"unnamed (6)\" \/><\/li>\n                <li style=\"display: none; width: 100%;\" class=\"slide-415 ms-image\"><img src=\"https:\/\/www.facet.unt.edu.ar\/tecfisicaambiental\/wp-content\/uploads\/sites\/56\/2024\/06\/unnamed-3.jpg\" height=\"300\" width=\"300\" alt=\"\" class=\"slider-5 slide-415\" title=\"unnamed (3)\" \/><\/li>\n                <li style=\"display: none; width: 100%;\" class=\"slide-408 ms-image\"><img src=\"https:\/\/www.facet.unt.edu.ar\/tecfisicaambiental\/wp-content\/uploads\/sites\/56\/2024\/06\/unnamed.jpg\" height=\"300\" width=\"300\" alt=\"\" class=\"slider-5 slide-408\" title=\"unnamed\" \/><\/li>\n                <li style=\"display: none; width: 100%;\" class=\"slide-485 ms-image\"><img src=\"https:\/\/www.facet.unt.edu.ar\/tecfisicaambiental\/wp-content\/uploads\/sites\/56\/2024\/06\/unnamed-1-1.jpg\" height=\"300\" width=\"300\" alt=\"\" class=\"slider-5 slide-485\" title=\"unnamed (1)\" \/><\/li>\n                <li style=\"display: none; width: 100%;\" class=\"slide-286 ms-image\"><img src=\"https:\/\/www.facet.unt.edu.ar\/tecfisicaambiental\/wp-content\/uploads\/sites\/56\/2021\/10\/concepto-ecosistema-contaminacion-globo_23-2147897071.jpg\" height=\"300\" width=\"300\" alt=\"\" class=\"slider-5 slide-286\" title=\"concepto-ecosistema-contaminacion-globo_23-2147897071\" \/><\/li>\n                <li style=\"display: none; width: 100%;\" class=\"slide-413 ms-image\"><img src=\"https:\/\/www.facet.unt.edu.ar\/tecfisicaambiental\/wp-content\/uploads\/sites\/56\/2024\/06\/unnamed-1.jpg\" height=\"300\" width=\"300\" alt=\"\" class=\"slider-5 slide-413\" title=\"unnamed (1)\" \/><\/li>\n                <li style=\"display: none; width: 100%;\" class=\"slide-484 ms-image\"><img src=\"https:\/\/www.facet.unt.edu.ar\/tecfisicaambiental\/wp-content\/uploads\/sites\/56\/2024\/06\/unnamed-2-1.jpg\" height=\"300\" width=\"300\" alt=\"\" class=\"slider-5 slide-484\" title=\"unnamed (2)\" \/><\/li>\n                <li style=\"display: none; width: 100%;\" class=\"slide-416 ms-image\"><img src=\"https:\/\/www.facet.unt.edu.ar\/tecfisicaambiental\/wp-content\/uploads\/sites\/56\/2024\/06\/unnamed-4.jpg\" height=\"300\" width=\"300\" alt=\"\" class=\"slider-5 slide-416\" title=\"unnamed\" \/><\/li>\n                <li style=\"display: none; width: 100%;\" class=\"slide-124 ms-image\"><img src=\"https:\/\/www.facet.unt.edu.ar\/tecfisicaambiental\/wp-content\/uploads\/sites\/56\/2018\/03\/IMG_6245.jpg\" height=\"300\" width=\"300\" alt=\"\" class=\"slider-5 slide-124\" title=\"IMG_6245\" \/><\/li>\n                <li style=\"display: none; width: 100%;\" class=\"slide-421 ms-image\"><img src=\"https:\/\/www.facet.unt.edu.ar\/tecfisicaambiental\/wp-content\/uploads\/sites\/56\/2024\/06\/unnamed-5.jpg\" height=\"300\" width=\"300\" alt=\"\" class=\"slider-5 slide-421\" title=\"unnamed (5)\" \/><\/li>\n                <li style=\"display: none; width: 100%;\" class=\"slide-414 ms-image\"><img src=\"https:\/\/www.facet.unt.edu.ar\/tecfisicaambiental\/wp-content\/uploads\/sites\/56\/2024\/06\/unnamed-2.jpg\" height=\"300\" width=\"300\" alt=\"\" class=\"slider-5 slide-414\" title=\"unnamed (2)\" \/><\/li>\n            <\/ul>\n        <\/div>\n        \n    <\/div>\n<\/div><\/div><div id=\"panel-65-0-0-1\" class=\"so-panel widget widget_headline-widget\" data-index=\"1\" >\t\t<h1>Tecnicatura Universitaria en F\u00edsica Ambiental<\/h1>\n\t\t<div class=\"decoration\"><div class=\"decoration-inside\"><\/div><\/div>\n\t\t<h3>Alcances del t\u00edtulo:   * Colaborar con otros profesionales en la realizaci\u00f3n del an\u00e1lisis de los diferentes aspectos que influyen en el medio ambiente, evaluando y controlando los efectos que producen los impactos ambientales desde la \u00f3ptica de la f\u00edsica ambiental.   * Colaborar en la programaci\u00f3n de alternativas de prevenci\u00f3n, protecci\u00f3n y conservaci\u00f3n de los diferentes ecosistemas en lo referente a la f\u00edsica ambiental.   * Colaborar mediante acciones de an\u00e1lisis, evaluaci\u00f3n y apoyatura en tareas emprendidas por organismos destinados a la fijaci\u00f3n de pol\u00edticas y a la administraci\u00f3n del medio ambiente.  * Participar en la evaluaci\u00f3n del riesgo ambiental en empresas a fin de adecuar la acci\u00f3n de las mismas a los requisitos exigibles en ese campo.<\/h3>\n\t\t<\/div><div id=\"panel-65-0-0-2\" class=\"so-panel widget widget_sow-button\" data-index=\"2\" ><div\n\t\t\t\n\t\t\tclass=\"so-widget-sow-button so-widget-sow-button-atom-796e85928334-65\"\n\t\t\t\n\t\t><div class=\"ow-button-base ow-button-align-center\">\n\t<a href=\"https:\/\/www.facet.unt.edu.ar\/ingreso-facet\/\" class=\"ow-icon-placement-left ow-button-hover\" \t\t>\n\t\t<span>\n\t\t\t\n\t\t\tINGRESO FACET\t\t<\/span>\n\t<\/a>\n<\/div>\n<\/div><\/div><div id=\"panel-65-0-0-3\" class=\"so-panel widget widget_siteorigin-panels-postloop panel-last-child\" data-index=\"3\" ><h3 class=\"widget-title\">Posts<\/h3>\n\n\t\t\n\t\t\n<article id=\"post-559\" class=\"post-559 post type-post status-publish format-standard hentry category-uncategorized\">\n\n\t\n\t<div class=\"entry-main\">\n\n\t\t\n\t\t<header class=\"entry-header\">\n\t\t\t\n\t\t\t<h1 class=\"entry-title\"><a href=\"https:\/\/www.facet.unt.edu.ar\/tecfisicaambiental\/2025\/10\/13\/estudiantes-y-docentes-de-la-facet-y-de-la-facultad-de-ciencias-naturales-realizaron-una-travesia-academica-por-las-montanas-tucumanas\/\" title=\"Enlace permanente a Estudiantes y docentes de la FACET y de la Facultad de Ciencias Naturales realizaron una traves\u00eda acad\u00e9mica por las monta\u00f1as tucumanas\" rel=\"bookmark\">Estudiantes y docentes de la FACET y de la Facultad de Ciencias Naturales realizaron una traves\u00eda acad\u00e9mica por las monta\u00f1as tucumanas<\/a><\/h1>\n\n\t\t\t\t\t\t\t<div class=\"entry-meta\">\n\t\t\t\t\tPublicado el <a href=\"https:\/\/www.facet.unt.edu.ar\/tecfisicaambiental\/2025\/10\/13\/estudiantes-y-docentes-de-la-facet-y-de-la-facultad-de-ciencias-naturales-realizaron-una-travesia-academica-por-las-montanas-tucumanas\/\" title=\"11:11\" rel=\"bookmark\"><time class=\"entry-date\" datetime=\"2025-10-13T11:11:52-03:00\">13 octubre, 2025<\/time><\/a><time class=\"updated\" datetime=\"2025-10-13T11:20:10-03:00\">13 octubre, 2025<\/time> <span class=\"byline\"> por <span class=\"author vcard\"><a class=\"url fn n\" href=\"https:\/\/www.facet.unt.edu.ar\/tecfisicaambiental\/author\/ahemsyherrera-unt-edu-ar\/\" title=\"Ver todos los art\u00edculos de ahemsy@herrera.unt.edu.ar\" rel=\"author\">ahemsy@herrera.unt.edu.ar<\/a><\/span><\/span> \t\t\t\t<\/div><!-- .entry-meta -->\n\t\t\t\n\t\t<\/header><!-- .entry-header -->\n\n\t\t\t\t\t<div class=\"entry-content\">\n\t\t\t\t<div id=\"metaslider-id-563\" style=\"width: 100%; margin: 0 auto;\" class=\"ml-slider-3-27-5 metaslider metaslider-flex metaslider-563 ml-slider nav-hidden nav-hidden\">\n    <div id=\"metaslider_container_563\">\n        <div id=\"metaslider_563\">\n            <ul aria-live=\"polite\" class=\"slides\">\n                <li style=\"display: none; width: 100%;\" class=\"slide-566 ms-image\"><img src=\"https:\/\/www.facet.unt.edu.ar\/tecfisicaambiental\/wp-content\/uploads\/sites\/56\/2025\/10\/PHOTO-2025-10-08-11-12-47.jpg\" height=\"300\" width=\"300\" alt=\"\" class=\"slider-563 slide-566\" title=\"PHOTO-2025-10-08-11-12-47\" \/><\/li>\n                <li style=\"display: none; width: 100%;\" class=\"slide-567 ms-image\"><img src=\"https:\/\/www.facet.unt.edu.ar\/tecfisicaambiental\/wp-content\/uploads\/sites\/56\/2025\/10\/PHOTO-2025-10-08-11-12-48.jpg\" height=\"300\" width=\"300\" alt=\"\" class=\"slider-563 slide-567\" title=\"PHOTO-2025-10-08-11-12-48\" \/><\/li>\n                <li style=\"display: none; width: 100%;\" class=\"slide-578 ms-image\"><img src=\"https:\/\/www.facet.unt.edu.ar\/tecfisicaambiental\/wp-content\/uploads\/sites\/56\/2025\/10\/PHOTO-2025-10-08-11-12-33.jpg\" height=\"300\" width=\"300\" alt=\"\" class=\"slider-563 slide-578\" title=\"PHOTO-2025-10-08-11-12-33\" \/><\/li>\n                <li style=\"display: none; width: 100%;\" class=\"slide-575 ms-image\"><img src=\"https:\/\/www.facet.unt.edu.ar\/tecfisicaambiental\/wp-content\/uploads\/sites\/56\/2025\/10\/PHOTO-2025-10-08-11-12-42.jpg\" height=\"300\" width=\"300\" alt=\"\" class=\"slider-563 slide-575\" title=\"PHOTO-2025-10-08-11-12-42\" \/><\/li>\n                <li style=\"display: none; width: 100%;\" class=\"slide-580 ms-image\"><img src=\"https:\/\/www.facet.unt.edu.ar\/tecfisicaambiental\/wp-content\/uploads\/sites\/56\/2025\/10\/PHOTO-2025-10-08-11-12-36.jpg\" height=\"300\" width=\"300\" alt=\"\" class=\"slider-563 slide-580\" title=\"PHOTO-2025-10-08-11-12-36\" \/><\/li>\n                <li style=\"display: none; width: 100%;\" class=\"slide-576 ms-image\"><img src=\"https:\/\/www.facet.unt.edu.ar\/tecfisicaambiental\/wp-content\/uploads\/sites\/56\/2025\/10\/PHOTO-2025-10-08-11-12-44.jpg\" height=\"300\" width=\"300\" alt=\"\" class=\"slider-563 slide-576\" title=\"PHOTO-2025-10-08-11-12-44\" \/><\/li>\n                <li style=\"display: none; width: 100%;\" class=\"slide-590 ms-image\"><img src=\"https:\/\/www.facet.unt.edu.ar\/tecfisicaambiental\/wp-content\/uploads\/sites\/56\/2025\/10\/PHOTO-2025-10-08-11-12-21-2.jpg\" height=\"300\" width=\"300\" alt=\"\" class=\"slider-563 slide-590\" title=\"PHOTO-2025-10-08-11-12-21 2\" \/><\/li>\n                <li style=\"display: none; width: 100%;\" class=\"slide-589 ms-image\"><img src=\"https:\/\/www.facet.unt.edu.ar\/tecfisicaambiental\/wp-content\/uploads\/sites\/56\/2025\/10\/PHOTO-2025-10-08-11-12-37-2.jpg\" height=\"300\" width=\"300\" alt=\"\" class=\"slider-563 slide-589\" title=\"PHOTO-2025-10-08-11-12-37 2\" \/><\/li>\n            <\/ul>\n        <\/div>\n        \n    <\/div>\n<\/div>\n<p>En una experiencia que combin\u00f3 historia, geolog\u00eda, ingenier\u00eda y trabajo de campo, un grupo de alumnos y docentes de la Facultad de Ciencias Exactas y Tecnolog\u00eda (FACET) y de la Facultad de Ciencias Naturales e Instituto Miguel Lillo (FCN e IML) de la Universidad Nacional de Tucum\u00e1n, realizaron una traves\u00eda por las monta\u00f1as tucumanas, recorriendo el trayecto Taf\u00ed del Valle \u2013 Valle de la Ci\u00e9naga \u2013 Anfama \u2013 El Siamb\u00f3n.<\/p>\n<p>La salida acad\u00e9mica, que tuvo una duraci\u00f3n de tres d\u00edas del 3 al 5 de octubre, permiti\u00f3 a los participantes analizar aspectos geot\u00e9cnicos, estructurales e hidrol\u00f3gicos de la regi\u00f3n, as\u00ed como reflexionar sobre la viabilidad de un futuro camino de monta\u00f1a alternativo a la actual Ruta Provincial N\u00b0 307, proyecto de inter\u00e9s estrat\u00e9gico para la provincia.<\/p>\n<p>El recorrido fue coordinado por el\u00a0<strong>Prof. Geol. Juan \u00c1ngel Garc\u00eda<\/strong>, docente de la c\u00e1tedra de Geotecnia (FCN) y de la Tecnicatura en F\u00edsica Ambiental (FACET), quien comparti\u00f3 con los estudiantes su experiencia de investigaci\u00f3n en la zona, iniciada en 1986 durante su trabajo final de grado titulado \u201cEstudio estructural y geot\u00e9cnico de la faja Taf\u00ed del Valle \u2013 Anfama \u2013 El Siamb\u00f3n\u201d.<\/p>\n<p><em>\u201cVolver a transitar estos caminos junto a alumnos y colegas de ambas facultades es profundamente significativo. No solo por el valor acad\u00e9mico del trabajo en terreno, sino tambi\u00e9n por la oportunidad de integrar miradas y construir conocimiento desde distintas disciplinas\u201d<\/em>, expres\u00f3 el Prof. Garc\u00eda.<\/p>\n<p>Durante la traves\u00eda, los estudiantes analizaron el sistema hidrol\u00f3gico de la zona, de vital importancia para el abastecimiento de agua de Yerba Buena y San Miguel de Tucum\u00e1n, donde se encuentra el dique nivelador del R\u00edo Anfama, construido por la UNT a mediados del siglo pasado con la idea de abastecer a la Ciudad Universitaria.<\/p>\n<p>El Prof. Garc\u00eda destac\u00f3 adem\u00e1s el esp\u00edritu de colaboraci\u00f3n y camarader\u00eda entre los participantes:<\/p>\n<p><em>\u201cCaminar ocho horas diarias durante tres d\u00edas, enfrentando lluvia, fr\u00edo y sol, requiere esfuerzo f\u00edsico y mental, pero sobre todo compromiso colectivo. Esta experiencia fue un ejemplo de integraci\u00f3n entre alumnos y docentes de ambas facultades\u201d<\/em>.<\/p>\n<p>De la actividad participaron la Mg. Lic. Mar\u00eda Laura Molina y el Ing. Leandro D\u00edaz por la FACET, y el Dr. Sebasti\u00e1n Moyano por la Facultad de Ciencias Naturales, quienes acompa\u00f1aron a los estudiantes en esta enriquecedora experiencia interdisciplinaria.<\/p>\n<p>&nbsp;<\/p>\n<p>Nota extra\u00edda de: <a href=\"https:\/\/www.facet.unt.edu.ar\/facetinforma\/2025\/10\/09\/estudiantes-y-docentes-de-la-facet-y-de-la-facultad-de-ciencias-naturales-realizaron-una-travesia-academica-por-las-montanas-tucumanas\/\">https:\/\/www.facet.unt.edu.ar\/facetinforma\/2025\/10\/09\/estudiantes-y-docentes-de-la-facet-y-de-la-facultad-de-ciencias-naturales-realizaron-una-travesia-academica-por-las-montanas-tucumanas\/<\/a><\/p>\n<p>&nbsp;<\/p>\n\t\t\t\t\t\t\t\t\t\t\t\t\t\t\t<\/div><!-- .entry-content -->\n\t\t\n\t\t\n\t<\/div>\n\n<\/article><!-- #post-559 -->\n\n\t\n\t\t\n<article id=\"post-507\" class=\"post-507 post type-post status-publish format-standard hentry category-uncategorized\">\n\n\t\n\t<div class=\"entry-main\">\n\n\t\t\n\t\t<header class=\"entry-header\">\n\t\t\t\n\t\t\t<h1 class=\"entry-title\"><a href=\"https:\/\/www.facet.unt.edu.ar\/tecfisicaambiental\/2024\/06\/10\/dia-mundial-del-medio-ambiente-2024-2\/\" title=\"Enlace permanente a D\u00eda Mundial del Medio Ambiente 2024\" rel=\"bookmark\">D\u00eda Mundial del Medio Ambiente 2024<\/a><\/h1>\n\n\t\t\t\t\t\t\t<div class=\"entry-meta\">\n\t\t\t\t\tPublicado el <a href=\"https:\/\/www.facet.unt.edu.ar\/tecfisicaambiental\/2024\/06\/10\/dia-mundial-del-medio-ambiente-2024-2\/\" title=\"15:42\" rel=\"bookmark\"><time class=\"entry-date\" datetime=\"2024-06-10T15:42:38-03:00\">10 junio, 2024<\/time><\/a><time class=\"updated\" datetime=\"2025-10-13T11:12:32-03:00\">13 octubre, 2025<\/time> <span class=\"byline\"> por <span class=\"author vcard\"><a class=\"url fn n\" href=\"https:\/\/www.facet.unt.edu.ar\/tecfisicaambiental\/author\/ahemsyherrera-unt-edu-ar\/\" title=\"Ver todos los art\u00edculos de ahemsy@herrera.unt.edu.ar\" rel=\"author\">ahemsy@herrera.unt.edu.ar<\/a><\/span><\/span> \t\t\t\t<\/div><!-- .entry-meta -->\n\t\t\t\n\t\t<\/header><!-- .entry-header -->\n\n\t\t\t\t\t<div class=\"entry-content\">\n\t\t\t\t<div id=\"metaslider-id-423\" style=\"width: 100%; margin: 0 auto;\" class=\"ml-slider-3-27-5 metaslider metaslider-flex metaslider-423 ml-slider nav-hidden nav-hidden nav-hidden\">\n    <div id=\"metaslider_container_423\">\n        <div id=\"metaslider_423\">\n            <ul aria-live=\"polite\" class=\"slides\">\n                <li style=\"display: none; width: 100%;\" class=\"slide-499 ms-image\"><img src=\"https:\/\/www.facet.unt.edu.ar\/tecfisicaambiental\/wp-content\/uploads\/sites\/56\/2024\/06\/unnamed-3-1.jpg\" height=\"300\" width=\"300\" alt=\"\" class=\"slider-423 slide-499\" title=\"unnamed (3)\" \/><\/li>\n                <li style=\"display: none; width: 100%;\" class=\"slide-500 ms-image\"><img src=\"https:\/\/www.facet.unt.edu.ar\/tecfisicaambiental\/wp-content\/uploads\/sites\/56\/2024\/06\/IMG_2154.jpg\" height=\"300\" width=\"300\" alt=\"\" class=\"slider-423 slide-500\" title=\"IMG_2154\" \/><\/li>\n                <li style=\"display: none; width: 100%;\" class=\"slide-489 ms-image\"><img src=\"https:\/\/www.facet.unt.edu.ar\/tecfisicaambiental\/wp-content\/uploads\/sites\/56\/2024\/06\/unnamed-1-1.jpg\" height=\"300\" width=\"300\" alt=\"\" class=\"slider-423 slide-489\" title=\"unnamed (1)\" \/><\/li>\n                <li style=\"display: none; width: 100%;\" class=\"slide-502 ms-image\"><img src=\"https:\/\/www.facet.unt.edu.ar\/tecfisicaambiental\/wp-content\/uploads\/sites\/56\/2024\/06\/IMG_2136.jpg\" height=\"300\" width=\"300\" alt=\"\" class=\"slider-423 slide-502\" title=\"IMG_2136\" \/><\/li>\n                <li style=\"display: none; width: 100%;\" class=\"slide-488 ms-image\"><img src=\"https:\/\/www.facet.unt.edu.ar\/tecfisicaambiental\/wp-content\/uploads\/sites\/56\/2024\/06\/unnamed-2-1.jpg\" height=\"300\" width=\"300\" alt=\"\" class=\"slider-423 slide-488\" title=\"unnamed (2)\" \/><\/li>\n                <li style=\"display: none; width: 100%;\" class=\"slide-503 ms-image\"><img src=\"https:\/\/www.facet.unt.edu.ar\/tecfisicaambiental\/wp-content\/uploads\/sites\/56\/2024\/06\/IMG_2151.jpg\" height=\"300\" width=\"300\" alt=\"\" class=\"slider-423 slide-503\" title=\"IMG_2151\" \/><\/li>\n            <\/ul>\n        <\/div>\n        \n    <\/div>\n<\/div>\n<p>El s\u00e1bado 8 de junio en el Palacio de los Deportes, ubicado en el Parque 9 de julio, se llev\u00f3 a cabo una jornada de concientizaci\u00f3n, organizada por la Municipalidad de San Miguel de Tucum\u00e1n, en el marco del festejo del D\u00eda Mundial del Medio Ambiente, que se conmemor\u00f3 el 5 de junio. Donde se desarroll\u00f3 una Feria de Ciencia Ambiental y Olimp\u00edadas Ambientales.<\/p>\n<p>El evento fue encabezado por la Intendenta Rossana Chahla, junto a la secretaria de Ambiente y Desarrollo Sustentable, Julieta Migliavacca y el actor y activista ambiental Facundo Arana.<\/p>\n<p>Convocados por el Municipio, m\u00e1s de 100 estudiantes de escuelas p\u00fablicas y privadas de nivel primario, secundario y universitario participaron de las Olimp\u00edadas y demostraron sus conocimientos en temas como recursos naturales, reciclaje y tiempo de degradaci\u00f3n de los distintos tipos de residuos, entre otros.<\/p>\n<p>La FACET estuvo presente en la jornada, desde la Tecnicatura Universitaria en F\u00edsica Ambiental (TUFA) presentaron un stand promocionando la carrera, acompa\u00f1ados por nuestra Secretaria de Gesti\u00f3n y Extensi\u00f3n, Ing. Nora Perotti, y los docentes de la carrera; la Mg. Lic. Mar\u00eda Laura Molina y el Lic. Axel Hemsy.\u00a0 Tambi\u00e9n el alumno Hugo Ardiles present\u00f3 un proyecto en la Feria de Ciencias titulado \u201cAutomatizaci\u00f3n de Reciclaje: clasificador de basura\u201d por el que sali\u00f3 premiado en primer lugar, en nivel universitario.<\/p>\n<p>Adem\u00e1s, participaron en las Olimp\u00edadas los alumnos; Nerea Medina, Roque \u00c1lvarez y Hugo Ardiles, saliendo \u00e9ste en segundo lugar.<\/p>\n<p>&nbsp;<\/p>\n<p>Nota extra\u00edda de:\u00a0<a href=\"https:\/\/www.facet.unt.edu.ar\/facetinforma\/2024\/06\/10\/orgullo-facet-dia-mundial-del-medio-ambiente\/\">https:\/\/www.facet.unt.edu.ar\/facetinforma\/2024\/06\/10\/orgullo-facet-dia-mundial-del-medio-ambiente\/<\/a><\/p>\n\t\t\t\t\t\t\t\t\t\t\t\t\t\t\t<\/div><!-- .entry-content -->\n\t\t\n\t\t\n\t<\/div>\n\n<\/article><!-- #post-507 -->\n\n\t\n\t\t\n<article id=\"post-505\" class=\"post-505 post type-post status-publish format-standard hentry category-uncategorized\">\n\n\t\n\t<div class=\"entry-main\">\n\n\t\t\n\t\t<header class=\"entry-header\">\n\t\t\t\n\t\t\t<h1 class=\"entry-title\"><a href=\"https:\/\/www.facet.unt.edu.ar\/tecfisicaambiental\/2024\/06\/10\/experiencia-de-campo-de-los-alumnos-de-la-tufa-en-ymad-yacimientos-mineros-agua-de-dionisio\/\" title=\"Enlace permanente a Experiencia de campo de los alumnos de la TUFA en Yacimientos Mineros Agua de Dionisio (YMAD)\" rel=\"bookmark\">Experiencia de campo de los alumnos de la TUFA en Yacimientos Mineros Agua de Dionisio (YMAD)<\/a><\/h1>\n\n\t\t\t\t\t\t\t<div class=\"entry-meta\">\n\t\t\t\t\tPublicado el <a href=\"https:\/\/www.facet.unt.edu.ar\/tecfisicaambiental\/2024\/06\/10\/experiencia-de-campo-de-los-alumnos-de-la-tufa-en-ymad-yacimientos-mineros-agua-de-dionisio\/\" title=\"15:41\" rel=\"bookmark\"><time class=\"entry-date\" datetime=\"2024-06-10T15:41:12-03:00\">10 junio, 2024<\/time><\/a><time class=\"updated\" datetime=\"2024-06-10T15:44:18-03:00\">10 junio, 2024<\/time> <span class=\"byline\"> por <span class=\"author vcard\"><a class=\"url fn n\" href=\"https:\/\/www.facet.unt.edu.ar\/tecfisicaambiental\/author\/ahemsyherrera-unt-edu-ar\/\" title=\"Ver todos los art\u00edculos de ahemsy@herrera.unt.edu.ar\" rel=\"author\">ahemsy@herrera.unt.edu.ar<\/a><\/span><\/span> \t\t\t\t<\/div><!-- .entry-meta -->\n\t\t\t\n\t\t<\/header><!-- .entry-header -->\n\n\t\t\t\t\t<div class=\"entry-content\">\n\t\t\t\t<div id=\"metaslider-id-511\" style=\"width: 100%; margin: 0 auto;\" class=\"ml-slider-3-27-5 metaslider metaslider-flex metaslider-511 ml-slider nav-hidden nav-hidden nav-hidden nav-hidden\">\n    <div id=\"metaslider_container_511\">\n        <div id=\"metaslider_511\">\n            <ul aria-live=\"polite\" class=\"slides\">\n                <li style=\"display: none; width: 100%;\" class=\"slide-515 ms-image\"><img src=\"https:\/\/www.facet.unt.edu.ar\/tecfisicaambiental\/wp-content\/uploads\/sites\/56\/2024\/06\/Captura3.jpg\" height=\"300\" width=\"300\" alt=\"\" class=\"slider-511 slide-515\" title=\"Captura3\" \/><\/li>\n                <li style=\"display: none; width: 100%;\" class=\"slide-516 ms-image\"><img src=\"https:\/\/www.facet.unt.edu.ar\/tecfisicaambiental\/wp-content\/uploads\/sites\/56\/2024\/06\/Captura2.jpg\" height=\"300\" width=\"300\" alt=\"\" class=\"slider-511 slide-516\" title=\"Captura2\" \/><\/li>\n                <li style=\"display: none; width: 100%;\" class=\"slide-517 ms-image\"><img src=\"https:\/\/www.facet.unt.edu.ar\/tecfisicaambiental\/wp-content\/uploads\/sites\/56\/2024\/06\/Captura1.jpg\" height=\"300\" width=\"300\" alt=\"\" class=\"slider-511 slide-517\" title=\"Captura1\" \/><\/li>\n            <\/ul>\n        <\/div>\n        \n    <\/div>\n<\/div>\n<p>\ud83d\udce2 Organizado por la Tecnicatura Universitaria en F\u00edsica Ambiental (TUFA) entre los meses de noviembre del 2023 y febrero del 2024 se llev\u00f3 a cabo la experiencia de campo de los alumnos de la FACET. Cont\u00f3 con la participaci\u00f3n de la docente Mg. Mar\u00eda Laura Molina y de 8 alumnos (7 de TUFA y 1 de Ing. Qu\u00edmica).<\/p>\n<p>\ud83d\udc49Las experiencias se desarrollaron en el \u00c1rea de Medio Ambiente de la Mina Farall\u00f3n Negro (Catamarca) y tuvieron una duraci\u00f3n de entre 7 y 14 d\u00edas.<\/p>\n<p>\ud83d\udc77\u200d\u2640\ufe0fEstas actividades se desarrollan dentro de las instalaciones de la mina bajo supervisi\u00f3n.<\/p>\n<p>\ud83d\udcccEl objetivo general de la experiencia fue que los alumnos puedan poner en pr\u00e1ctica los conocimientos adquiridos en el cursado de la carrera, as\u00ed como conocer y desarrollar las distintas tareas que realiza un t\u00e9cnico ambiental. Tambi\u00e9n se busc\u00f3 el entrenamiento en t\u00e9cnicas y metodolog\u00edas relacionadas con tareas de campo y laboratorio.<\/p>\n<p>&nbsp;<\/p>\n<p>Nota extra\u00edda de: <a href=\"https:\/\/www.instagram.com\/p\/C6P22cXCThd\/?img_index=1\">https:\/\/www.instagram.com\/p\/C6P22cXCThd\/?img_index=1<\/a><\/p>\n\t\t\t\t\t\t\t\t\t\t\t\t\t\t\t<\/div><!-- .entry-content -->\n\t\t\n\t\t\n\t<\/div>\n\n<\/article><!-- #post-505 -->\n\n\t\n\t\n<\/div><\/div><\/div><\/div><\/div>","protected":false},"excerpt":{"rendered":"","protected":false},"author":1,"featured_media":0,"parent":0,"menu_order":0,"comment_status":"closed","ping_status":"closed","template":"home-panels.php","meta":[],"_links":{"self":[{"href":"https:\/\/www.facet.unt.edu.ar\/tecfisicaambiental\/wp-json\/wp\/v2\/pages\/65"}],"collection":[{"href":"https:\/\/www.facet.unt.edu.ar\/tecfisicaambiental\/wp-json\/wp\/v2\/pages"}],"about":[{"href":"https:\/\/www.facet.unt.edu.ar\/tecfisicaambiental\/wp-json\/wp\/v2\/types\/page"}],"author":[{"embeddable":true,"href":"https:\/\/www.facet.unt.edu.ar\/tecfisicaambiental\/wp-json\/wp\/v2\/users\/1"}],"replies":[{"embeddable":true,"href":"https:\/\/www.facet.unt.edu.ar\/tecfisicaambiental\/wp-json\/wp\/v2\/comments?post=65"}],"version-history":[{"count":29,"href":"https:\/\/www.facet.unt.edu.ar\/tecfisicaambiental\/wp-json\/wp\/v2\/pages\/65\/revisions"}],"predecessor-version":[{"id":481,"href":"https:\/\/www.facet.unt.edu.ar\/tecfisicaambiental\/wp-json\/wp\/v2\/pages\/65\/revisions\/481"}],"wp:attachment":[{"href":"https:\/\/www.facet.unt.edu.ar\/tecfisicaambiental\/wp-json\/wp\/v2\/media?parent=65"}],"curies":[{"name":"wp","href":"https:\/\/api.w.org\/{rel}","templated":true}]}}