{"id":12,"date":"2021-11-26T16:52:22","date_gmt":"2021-11-26T16:52:22","guid":{"rendered":"https:\/\/www.facet.unt.edu.ar\/tecnicatura-azucarera\/pagina-de-inicio\/"},"modified":"2023-11-18T01:25:35","modified_gmt":"2023-11-18T01:25:35","slug":"pagina-de-inicio","status":"publish","type":"page","link":"https:\/\/www.facet.unt.edu.ar\/tecnicatura-azucarera\/","title":{"rendered":"P\u00e1gina de inicio"},"content":{"rendered":"<div id=\"pl-12\"  class=\"panel-layout\" ><div id=\"pg-12-0\"  class=\"panel-grid panel-no-style\" ><div id=\"pgc-12-0-0\"  class=\"panel-grid-cell panel-grid-cell-empty\" ><\/div><div id=\"pgc-12-0-1\"  class=\"panel-grid-cell\" ><div id=\"panel-12-0-1-0\" class=\"so-panel widget widget_sow-editor panel-first-child panel-last-child\" data-index=\"0\" ><div\n\t\t\t\n\t\t\tclass=\"so-widget-sow-editor so-widget-sow-editor-base\"\n\t\t\t\n\t\t>\n<div class=\"siteorigin-widget-tinymce textwidget\">\n\t<h2 style=\"text-align: center;\">Bienvenidos<\/h2>\n<ul>\n<li><strong>T\u00edtulo<\/strong>: <strong>T\u00e9cnico Universitario en Tecnolog\u00eda Azucarera e Industrias Derivadas<\/strong><\/li>\n<li><strong>Duraci\u00f3n<\/strong>: 3 a\u00f1os<\/li>\n<li><strong>Plan de Estudios<\/strong>: <strong><a href=\"https:\/\/www.facet.unt.edu.ar\/tecnicatura-azucarera\/wp-content\/uploads\/sites\/80\/2023\/10\/PLAN-DE-ESTUDIOS-TEC-UNIV-EN-TECNOLOGIA-AZUCARERA.pdf\">Descargar Plan<\/a><\/strong><br \/>\n<em><a href=\"https:\/\/www.facet.unt.edu.ar\/tecnicatura-azucarera\/wp-content\/uploads\/sites\/80\/2023\/10\/Resolucion-PLAN-DE-ESTUDIOS-TEC-UNIV-EN-TECNOLOGIA-AZUCARERA-2021.pdf\" target=\"_blank\" rel=\"noopener\">Resoluci\u00f3n del Plan de Estudios N\u00ba 674\/1999<\/a><\/em><\/li>\n<\/ul>\n<blockquote>\n<p><img decoding=\"async\" loading=\"lazy\" class=\"size-full wp-image-33 alignleft\" src=\"https:\/\/www.facet.unt.edu.ar\/tecnicatura-azucarera\/wp-content\/uploads\/sites\/80\/2021\/11\/Tec-Azucarera.jpg\" alt=\"\" width=\"760\" height=\"315\" \/><\/p>\n<\/blockquote>\n<\/div>\n<\/div><\/div><\/div><\/div><div id=\"pg-12-1\"  class=\"panel-grid panel-no-style\" ><div id=\"pgc-12-1-0\"  class=\"panel-grid-cell\" ><div id=\"panel-12-1-0-0\" class=\"so-panel widget widget_circleicon-widget panel-first-child panel-last-child\" data-index=\"1\" >\t\t<div class=\"circle-icon-box circle-icon-position-top circle-icon-hide-box circle-icon-size-large\">\n\t\t\t<div class=\"circle-icon-wrapper\">\n\t\t\t\t\t\t\t\t<div class=\"circle-icon icon-style-set\" style=\"background-image: url(https:\/\/www.facet.unt.edu.ar\/);background-color: #1e73be\">\n\t\t\t\t\t<div class=\"fa fa-university icon-color-set\" ><\/div>\t\t\t\t<\/div>\n\t\t\t\t\t\t\t<\/div>\n\n\t\t\t\t\t\t\t\t\t\n\t\t\t\t\t\t\t\t\t\t<a href=\"https:\/\/www.facet.unt.edu.ar\/\" class=\"more-button\" target=\"_blank\">SITIO FACET <i><\/i><\/a>\n\t\t\t\t\t<\/div>\n\t\t<\/div><\/div><div id=\"pgc-12-1-1\"  class=\"panel-grid-cell\" ><div id=\"panel-12-1-1-0\" class=\"so-panel widget widget_circleicon-widget panel-first-child panel-last-child\" data-index=\"2\" >\t\t<div class=\"circle-icon-box circle-icon-position-top circle-icon-hide-box circle-icon-size-large\">\n\t\t\t<div class=\"circle-icon-wrapper\">\n\t\t\t\t\t\t\t\t<div class=\"circle-icon icon-style-set\" style=\"background-image: url(https:\/\/guarani.unt.edu.ar\/autogestion\/);background-color: #1e73be\">\n\t\t\t\t\t<div class=\"fa fa-hashtag icon-color-set\" ><\/div>\t\t\t\t<\/div>\n\t\t\t\t\t\t\t<\/div>\n\n\t\t\t\t\t\t\t\t\t\n\t\t\t\t\t\t\t\t\t\t<a href=\"https:\/\/guarani.unt.edu.ar\/autogestion\/\" class=\"more-button\" target=\"_blank\">SIU GUARANI <i><\/i><\/a>\n\t\t\t\t\t<\/div>\n\t\t<\/div><\/div><div id=\"pgc-12-1-2\"  class=\"panel-grid-cell\" ><div id=\"panel-12-1-2-0\" class=\"so-panel widget widget_circleicon-widget panel-first-child panel-last-child\" data-index=\"3\" >\t\t<div class=\"circle-icon-box circle-icon-position-top circle-icon-hide-box circle-icon-size-large\">\n\t\t\t<div class=\"circle-icon-wrapper\">\n\t\t\t\t\t\t\t\t<div class=\"circle-icon icon-style-set\" style=\"background-image: url(https:\/\/www.facet.unt.edu.ar\/ingreso-facet\/);background-color: #1e73be\">\n\t\t\t\t\t<div class=\"fa fa-home icon-color-set\" ><\/div>\t\t\t\t<\/div>\n\t\t\t\t\t\t\t<\/div>\n\n\t\t\t\t\t\t\t\t\t\n\t\t\t\t\t\t\t\t\t\t<a href=\"https:\/\/www.facet.unt.edu.ar\/ingreso-facet\/\" class=\"more-button\" target=\"_blank\">INGRESO FACET <i><\/i><\/a>\n\t\t\t\t\t<\/div>\n\t\t<\/div><\/div><div id=\"pgc-12-1-3\"  class=\"panel-grid-cell\" ><div id=\"panel-12-1-3-0\" class=\"so-panel widget widget_circleicon-widget panel-first-child panel-last-child\" data-index=\"4\" >\t\t<div class=\"circle-icon-box circle-icon-position-top circle-icon-hide-box circle-icon-size-large\">\n\t\t\t<div class=\"circle-icon-wrapper\">\n\t\t\t\t\t\t\t\t<div class=\"circle-icon icon-style-set\" style=\"background-image: url(https:\/\/www.facet.unt.edu.ar\/calendario-academico-facet\/);background-color: #1e73be\">\n\t\t\t\t\t<div class=\"fa fa-calendar icon-color-set\" ><\/div>\t\t\t\t<\/div>\n\t\t\t\t\t\t\t<\/div>\n\n\t\t\t\t\t\t\t\t\t\n\t\t\t\t\t\t\t\t\t\t<a href=\"https:\/\/www.facet.unt.edu.ar\/calendario-academico-facet\/\" class=\"more-button\" target=\"_blank\">CALENDARIO ACADEMICO <i><\/i><\/a>\n\t\t\t\t\t<\/div>\n\t\t<\/div><\/div><\/div><\/div>","protected":false},"excerpt":{"rendered":"<p>Bienvenidos T\u00edtulo: T\u00e9cnico Universitario en Tecnolog\u00eda Azucarera e Industrias Derivadas Duraci\u00f3n: 3 a\u00f1os Plan de Estudios: Descargar Plan Resoluci\u00f3n del Plan de Estudios N\u00ba 674\/1999<\/p>\n","protected":false},"author":123470,"featured_media":0,"parent":0,"menu_order":0,"comment_status":"closed","ping_status":"closed","template":"home-panels.php","meta":[],"_links":{"self":[{"href":"https:\/\/www.facet.unt.edu.ar\/tecnicatura-azucarera\/wp-json\/wp\/v2\/pages\/12"}],"collection":[{"href":"https:\/\/www.facet.unt.edu.ar\/tecnicatura-azucarera\/wp-json\/wp\/v2\/pages"}],"about":[{"href":"https:\/\/www.facet.unt.edu.ar\/tecnicatura-azucarera\/wp-json\/wp\/v2\/types\/page"}],"author":[{"embeddable":true,"href":"https:\/\/www.facet.unt.edu.ar\/tecnicatura-azucarera\/wp-json\/wp\/v2\/users\/123470"}],"replies":[{"embeddable":true,"href":"https:\/\/www.facet.unt.edu.ar\/tecnicatura-azucarera\/wp-json\/wp\/v2\/comments?post=12"}],"version-history":[{"count":1,"href":"https:\/\/www.facet.unt.edu.ar\/tecnicatura-azucarera\/wp-json\/wp\/v2\/pages\/12\/revisions"}],"predecessor-version":[{"id":20,"href":"https:\/\/www.facet.unt.edu.ar\/tecnicatura-azucarera\/wp-json\/wp\/v2\/pages\/12\/revisions\/20"}],"wp:attachment":[{"href":"https:\/\/www.facet.unt.edu.ar\/tecnicatura-azucarera\/wp-json\/wp\/v2\/media?parent=12"}],"curies":[{"name":"wp","href":"https:\/\/api.w.org\/{rel}","templated":true}]}}