{"id":102,"date":"2022-06-14T00:59:30","date_gmt":"2022-06-14T03:59:30","guid":{"rendered":"https:\/\/www.facet.unt.edu.ar\/tiitucuman\/?page_id=102"},"modified":"2026-01-16T00:10:22","modified_gmt":"2026-01-16T03:10:22","slug":"talleres","status":"publish","type":"page","link":"https:\/\/www.facet.unt.edu.ar\/tiitucuman\/talleres\/","title":{"rendered":"Talleres"},"content":{"rendered":"<div id=\"pl-102\"  class=\"panel-layout\" ><div id=\"pg-102-0\"  class=\"panel-grid panel-no-style\" ><div id=\"pgc-102-0-0\"  class=\"panel-grid-cell\" ><div id=\"panel-102-0-0-0\" class=\"so-panel widget widget_sow-editor panel-first-child panel-last-child\" data-index=\"0\" ><div\n\t\t\t\n\t\t\tclass=\"so-widget-sow-editor so-widget-sow-editor-base\"\n\t\t\t\n\t\t>\n<div class=\"siteorigin-widget-tinymce textwidget\">\n\t<p style=\"text-align: justify;\"><span style=\"font-family: arial, helvetica, sans-serif;\">Se propone generar oportunidades de inclusi\u00f3n social para personas con discapacidad motriz promoviendo la formaci\u00f3n profesional para ingresar al mercado laboral.<\/span><\/p>\n<p style=\"text-align: justify;\"><span style=\"font-family: arial, helvetica, sans-serif;\">Los siguientes Talleres Tecnol\u00f3gicos se dictar\u00e1n a j\u00f3venes y adultos con discapacidad motriz, en el lapso de tres a\u00f1os y ser\u00e1n gratuitos:<\/span><br \/>\n<span style=\"font-family: arial, helvetica, sans-serif;\">\u2022 Introducci\u00f3n a la Ofim\u00e1tica y la Programaci\u00f3n<\/span><br \/>\n<span style=\"font-family: arial, helvetica, sans-serif;\">\u2022 Introducci\u00f3n a la Impresi\u00f3n 3D<\/span><br \/>\n<span style=\"font-family: arial, helvetica, sans-serif;\">\u2022 Introducci\u00f3n al Dise\u00f1o y Modelado 3D<\/span><br \/>\n<span style=\"font-family: arial, helvetica, sans-serif;\">\u2022 Se\u00f1ales bioel\u00e9ctricas del cuerpo humano: posibilidades para el control de dispositivos.<\/span><br \/>\n<span style=\"font-family: arial, helvetica, sans-serif;\">\u2022 Dom\u00f3tica<\/span><br \/>\n<span style=\"font-family: arial, helvetica, sans-serif;\">\u2022 Sistemas de Comunicaci\u00f3n Aumentativa y Alternativa controlados por Direcci\u00f3n de la Mirada<\/span><br \/>\n<span style=\"font-family: arial, helvetica, sans-serif;\">\u2022 Dise\u00f1o, evaluaci\u00f3n y valoraci\u00f3n de pr\u00f3tesis de miembro inferior<\/span><br \/>\n<span style=\"font-family: arial, helvetica, sans-serif;\">\u2022 Herramientas tecnol\u00f3gicas para la inclusi\u00f3n de personas con discapacidad visual<\/span><\/p>\n<hr \/>\n<p>Compartimos los Registros Fotogr\u00e1ficos de los talleres y actividades realizadas en el proyecto durante estos a\u00f1os, puedes verlos ingresando a cada enlace:<\/p>\n<p><a href=\"https:\/\/docs.google.com\/document\/d\/1crKAss2NvwGYNkqh3w_XRi7VWjRspZfJ\/edit?usp=sharing&amp;ouid=100799823211908731309&amp;rtpof=true&amp;sd=true\">https:\/\/docs.google.com\/document\/d\/1crKAss2NvwGYNkqh3w_XRi7VWjRspZfJ\/edit?usp=sharing&amp;ouid=100799823211908731309&amp;rtpof=true&amp;sd=true<\/a><\/p>\n<p><a href=\"https:\/\/docs.google.com\/document\/d\/12UvyLuEJfaPFXNAmhLgIZjGmuGpMRfXs\/edit?usp=sharing&amp;ouid=100799823211908731309&amp;rtpof=true&amp;sd=true\">https:\/\/docs.google.com\/document\/d\/12UvyLuEJfaPFXNAmhLgIZjGmuGpMRfXs\/edit?usp=sharing&amp;ouid=100799823211908731309&amp;rtpof=true&amp;sd=true<\/a><\/p>\n<p><a href=\"https:\/\/docs.google.com\/document\/d\/1yRIVId5pb6-vLOWPjv_GbnMFZAbjCr_PIkDnqaM40aw\/edit?usp=drive_link\">https:\/\/docs.google.com\/document\/d\/1yRIVId5pb6-vLOWPjv_GbnMFZAbjCr_PIkDnqaM40aw\/edit?usp=drive_link<\/a><\/p>\n<p>&nbsp;<\/p>\n<\/div>\n<\/div><\/div><\/div><\/div><div id=\"pg-102-1\"  class=\"panel-grid panel-no-style\" ><div id=\"pgc-102-1-0\"  class=\"panel-grid-cell panel-grid-cell-empty panel-grid-cell-mobile-last\" ><\/div><div id=\"pgc-102-1-1\"  class=\"panel-grid-cell panel-grid-cell-empty\" ><\/div><\/div><\/div>","protected":false},"excerpt":{"rendered":"<p>Se propone generar oportunidades de inclusi\u00f3n social para personas con discapacidad motriz promoviendo la formaci\u00f3n profesional para ingresar al mercado laboral. Los siguientes Talleres Tecnol\u00f3gicos se dictar\u00e1n a j\u00f3venes y adultos con discapacidad motriz, en el lapso de tres a\u00f1os y ser\u00e1n gratuitos: \u2022 Introducci\u00f3n a la Ofim\u00e1tica y la Programaci\u00f3n \u2022 Introducci\u00f3n a la [&hellip;]<\/p>\n","protected":false},"author":123470,"featured_media":0,"parent":0,"menu_order":0,"comment_status":"closed","ping_status":"closed","template":"","meta":[],"_links":{"self":[{"href":"https:\/\/www.facet.unt.edu.ar\/tiitucuman\/wp-json\/wp\/v2\/pages\/102"}],"collection":[{"href":"https:\/\/www.facet.unt.edu.ar\/tiitucuman\/wp-json\/wp\/v2\/pages"}],"about":[{"href":"https:\/\/www.facet.unt.edu.ar\/tiitucuman\/wp-json\/wp\/v2\/types\/page"}],"author":[{"embeddable":true,"href":"https:\/\/www.facet.unt.edu.ar\/tiitucuman\/wp-json\/wp\/v2\/users\/123470"}],"replies":[{"embeddable":true,"href":"https:\/\/www.facet.unt.edu.ar\/tiitucuman\/wp-json\/wp\/v2\/comments?post=102"}],"version-history":[{"count":13,"href":"https:\/\/www.facet.unt.edu.ar\/tiitucuman\/wp-json\/wp\/v2\/pages\/102\/revisions"}],"predecessor-version":[{"id":596,"href":"https:\/\/www.facet.unt.edu.ar\/tiitucuman\/wp-json\/wp\/v2\/pages\/102\/revisions\/596"}],"wp:attachment":[{"href":"https:\/\/www.facet.unt.edu.ar\/tiitucuman\/wp-json\/wp\/v2\/media?parent=102"}],"curies":[{"name":"wp","href":"https:\/\/api.w.org\/{rel}","templated":true}]}}