{"id":106,"date":"2022-06-14T01:02:03","date_gmt":"2022-06-14T04:02:03","guid":{"rendered":"https:\/\/www.facet.unt.edu.ar\/tiitucuman\/?page_id=106"},"modified":"2022-06-16T01:30:00","modified_gmt":"2022-06-16T04:30:00","slug":"red-de-instituciones-y-organizaciones","status":"publish","type":"page","link":"https:\/\/www.facet.unt.edu.ar\/tiitucuman\/red-de-instituciones-y-organizaciones\/","title":{"rendered":"Red de Instituciones y Organizaciones"},"content":{"rendered":"<p style=\"text-align: justify;\"><span style=\"font-family: arial, helvetica, sans-serif;\">Este programa se realiza con el impulso y apoyo financiero de EuropeAid, un organismo dependiente de la Uni\u00f3n Europea (UE) que tiene la misi\u00f3n de ejecutar instrumentos de ayuda externa en programas de cooperaci\u00f3n y desarrollo social internacional.<\/span><\/p>\n<p style=\"text-align: justify;\"><span style=\"font-family: arial, helvetica, sans-serif;\">La iniciativa tiene como responsable legal e institucional a la Universidad Nacional de Tucum\u00e1n UNT, y cuenta con el apoyo del Superior Gobierno de la Provincia de Tucum\u00e1n. Las instituciones asociadas que participan son: el CONICET, la Fundaci\u00f3n Prana, la Fundaci\u00f3n Inculcando Ciencia y Tecnolog\u00eda, la Fundaci\u00f3n Cultura para todos, y la asistencia t\u00e9cnica de la Cooperativa Generar.<\/span><\/p>\n<p style=\"text-align: justify;\"><span style=\"font-family: arial, helvetica, sans-serif;\">El solicitante es la Universidad Nacional de Tucum\u00e1n (UNT), representada por su m\u00e1xima autoridad el Rector, Sergio Pagani. Dispondr\u00e1 de un espacio f\u00edsico en la Facultad de Ciencias Exactas y Tecnolog\u00eda (FACET) para la instalaci\u00f3n del Laboratorio Interdisciplinario de Biomec\u00e1nica para la Inclusi\u00f3n (LaBIOS). Proveer\u00e1 los recursos humanos docentes para las cursos, trayectos formativos y proyectos tecnol\u00f3gicos integradores que permitir\u00e1n la capacitaci\u00f3n de los becarios del proyecto.<\/span><\/p>\n<p style=\"text-align: justify;\"><span style=\"font-family: arial, helvetica, sans-serif;\">El Gobierno de la Provincia de Tucum\u00e1n, a trav\u00e9s de la Secretar\u00eda General de la Gobernaci\u00f3n articular\u00e1 con los distintos Ministerios y Secretar\u00edas provinciales como tambi\u00e9n con los Gobiernos Locales y las Agencias Nacionales e Internacionales vinculadas a la tem\u00e1tica. Adem\u00e1s facilitar\u00e1 el acceso a los datos estad\u00edsticos disponibles.<\/span><\/p>\n<p style=\"text-align: justify;\"><span style=\"font-family: arial, helvetica, sans-serif;\">El CONICET participa como entidad asociada. Contribuir\u00e1 con Recursos Humanos y conocimiento de base para el desarrollo de tecnolog\u00edas asistivas.<\/span><\/p>\n<p style=\"text-align: justify;\"><span style=\"font-family: arial, helvetica, sans-serif;\">La Fundaci\u00f3n PRANA (Energ\u00eda Vital) orientar\u00e1 desde su experiencia distintos ejes de acci\u00f3n relacionados con soluciones tecnol\u00f3gicas a problem\u00e1ticas emergentes de las discapacidades motoras.<\/span><\/p>\n<p style=\"text-align: justify;\"><span style=\"font-family: arial, helvetica, sans-serif;\">La Fundaci\u00f3n Inculcando Ciencia y Tecnolog\u00eda (INCITEC) aportar\u00e1 su experiencia en divulgaci\u00f3n de la ciencia y la tecnolog\u00eda y participar\u00e1 en distintos ejes de acci\u00f3n.<\/span><\/p>\n<p style=\"text-align: justify;\"><span style=\"font-family: arial, helvetica, sans-serif;\">La Fundaci\u00f3n Cultura para Todos aportar\u00e1 su conocimiento con sectores vulnerables.<\/span><\/p>\n<p style=\"text-align: justify;\"><span style=\"font-family: arial, helvetica, sans-serif;\">La Cooperativa Generar se desempe\u00f1ar\u00e1 coordinando los distintos sectores, articulando actividades, asesorando en la generaci\u00f3n y ejecuci\u00f3n de pol\u00edticas p\u00fablicas y motorizando la comunicaci\u00f3n estrat\u00e9gica del proyecto.<\/span><\/p>\n","protected":false},"excerpt":{"rendered":"<p>Este programa se realiza con el impulso y apoyo financiero de EuropeAid, un organismo dependiente de la Uni\u00f3n Europea (UE) que tiene la misi\u00f3n de ejecutar instrumentos de ayuda externa en programas de cooperaci\u00f3n y desarrollo social internacional. La iniciativa tiene como responsable legal e institucional a la Universidad Nacional de Tucum\u00e1n UNT, y cuenta [&hellip;]<\/p>\n","protected":false},"author":123470,"featured_media":0,"parent":0,"menu_order":0,"comment_status":"closed","ping_status":"closed","template":"","meta":[],"_links":{"self":[{"href":"https:\/\/www.facet.unt.edu.ar\/tiitucuman\/wp-json\/wp\/v2\/pages\/106"}],"collection":[{"href":"https:\/\/www.facet.unt.edu.ar\/tiitucuman\/wp-json\/wp\/v2\/pages"}],"about":[{"href":"https:\/\/www.facet.unt.edu.ar\/tiitucuman\/wp-json\/wp\/v2\/types\/page"}],"author":[{"embeddable":true,"href":"https:\/\/www.facet.unt.edu.ar\/tiitucuman\/wp-json\/wp\/v2\/users\/123470"}],"replies":[{"embeddable":true,"href":"https:\/\/www.facet.unt.edu.ar\/tiitucuman\/wp-json\/wp\/v2\/comments?post=106"}],"version-history":[{"count":7,"href":"https:\/\/www.facet.unt.edu.ar\/tiitucuman\/wp-json\/wp\/v2\/pages\/106\/revisions"}],"predecessor-version":[{"id":174,"href":"https:\/\/www.facet.unt.edu.ar\/tiitucuman\/wp-json\/wp\/v2\/pages\/106\/revisions\/174"}],"wp:attachment":[{"href":"https:\/\/www.facet.unt.edu.ar\/tiitucuman\/wp-json\/wp\/v2\/media?parent=106"}],"curies":[{"name":"wp","href":"https:\/\/api.w.org\/{rel}","templated":true}]}}