{"id":108,"date":"2022-06-14T01:02:41","date_gmt":"2022-06-14T04:02:41","guid":{"rendered":"https:\/\/www.facet.unt.edu.ar\/tiitucuman\/?page_id=108"},"modified":"2022-06-24T01:08:55","modified_gmt":"2022-06-24T04:08:55","slug":"contacto","status":"publish","type":"page","link":"https:\/\/www.facet.unt.edu.ar\/tiitucuman\/contacto\/","title":{"rendered":"Contacto"},"content":{"rendered":"<div id=\"pl-108\"  class=\"panel-layout\" ><div id=\"pg-108-0\"  class=\"panel-grid panel-no-style\" ><div id=\"pgc-108-0-0\"  class=\"panel-grid-cell\" ><div id=\"panel-108-0-0-0\" class=\"so-panel widget widget_sow-editor panel-first-child panel-last-child\" data-index=\"0\" ><div\n\t\t\t\n\t\t\tclass=\"so-widget-sow-editor so-widget-sow-editor-base\"\n\t\t\t\n\t\t>\n<div class=\"siteorigin-widget-tinymce textwidget\">\n\t<p style=\"text-align: justify;\"><span style=\"font-family: arial, helvetica, sans-serif;\">Para mayor informaci\u00f3n e inscripci\u00f3n en los Talleres, escribinos a nuestro correo electr\u00f3nico:<\/span><\/p>\n<p style=\"text-align: justify;\"><a href=\"https:\/\/www.facet.unt.edu.ar\/tiitucuman\/wp-content\/uploads\/sites\/83\/2022\/06\/mail.png\"><img decoding=\"async\" loading=\"lazy\" class=\"alignnone wp-image-137\" src=\"https:\/\/www.facet.unt.edu.ar\/tiitucuman\/wp-content\/uploads\/sites\/83\/2022\/06\/mail.png\" alt=\"\" width=\"40\" height=\"43\" \/><\/a><span style=\"font-family: arial, helvetica, sans-serif;\"><a href=\"mailto:tii@herrera.unt.edu.ar\" target=\"_blank\" rel=\"noopener\">tii@herrera.unt.edu.ar<\/a><\/span><\/p>\n<p style=\"text-align: justify;\"><span style=\"font-family: arial, helvetica, sans-serif;\">Encontranos en nuestras redes sociales:<\/span><\/p>\n<p style=\"text-align: justify;\"><a href=\"https:\/\/www.facet.unt.edu.ar\/tiitucuman\/wp-content\/uploads\/sites\/83\/2022\/06\/Facebook_Logo.png\"><img decoding=\"async\" loading=\"lazy\" class=\"wp-image-138 alignleft\" src=\"https:\/\/www.facet.unt.edu.ar\/tiitucuman\/wp-content\/uploads\/sites\/83\/2022\/06\/Facebook_Logo.png\" alt=\"\" width=\"36\" height=\"38\" \/><\/a> <span style=\"font-family: arial, helvetica, sans-serif;\"><a href=\"https:\/\/www.facebook.com\/tii.tucuman\" target=\"_blank\" rel=\"noopener\">tii.tucuman\u00a0<\/a><\/span><\/p>\n<p>&nbsp;<\/p>\n<p style=\"text-align: justify;\"><a href=\"https:\/\/www.facet.unt.edu.ar\/tiitucuman\/wp-content\/uploads\/sites\/83\/2022\/06\/logo-instagram.png\"><img decoding=\"async\" loading=\"lazy\" class=\"wp-image-139 alignleft\" src=\"https:\/\/www.facet.unt.edu.ar\/tiitucuman\/wp-content\/uploads\/sites\/83\/2022\/06\/logo-instagram.png\" alt=\"\" width=\"40\" height=\"40\" \/> <\/a><span style=\"font-family: arial, helvetica, sans-serif;\"><a href=\"https:\/\/www.instagram.com\/tii.tucuman\" target=\"_blank\" rel=\"noopener\">tii.tucuman<\/a><\/span><\/p>\n<p>&nbsp;<\/p>\n<p style=\"text-align: justify;\"><a href=\"https:\/\/www.facet.unt.edu.ar\/tiitucuman\/wp-content\/uploads\/sites\/83\/2022\/06\/youtube-logo-icone.png\"><img decoding=\"async\" loading=\"lazy\" class=\"wp-image-140 alignleft\" src=\"https:\/\/www.facet.unt.edu.ar\/tiitucuman\/wp-content\/uploads\/sites\/83\/2022\/06\/youtube-logo-icone.png\" alt=\"\" width=\"41\" height=\"41\" \/><\/a><\/p>\n<p><a href=\"http:\/\/www.youtube.com\/channel\/UC998-fbxneW7xhInjbO7YRg\" target=\"_blank\" rel=\"noopener\">tii.tucuman<\/a><\/p>\n<\/div>\n<\/div><\/div><\/div><\/div><\/div>","protected":false},"excerpt":{"rendered":"<p>Para mayor informaci\u00f3n e inscripci\u00f3n en los Talleres, escribinos a nuestro correo electr\u00f3nico: tii@herrera.unt.edu.ar Encontranos en nuestras redes sociales: tii.tucuman\u00a0 &nbsp; tii.tucuman &nbsp; tii.tucuman<\/p>\n","protected":false},"author":123470,"featured_media":0,"parent":0,"menu_order":0,"comment_status":"closed","ping_status":"closed","template":"","meta":[],"_links":{"self":[{"href":"https:\/\/www.facet.unt.edu.ar\/tiitucuman\/wp-json\/wp\/v2\/pages\/108"}],"collection":[{"href":"https:\/\/www.facet.unt.edu.ar\/tiitucuman\/wp-json\/wp\/v2\/pages"}],"about":[{"href":"https:\/\/www.facet.unt.edu.ar\/tiitucuman\/wp-json\/wp\/v2\/types\/page"}],"author":[{"embeddable":true,"href":"https:\/\/www.facet.unt.edu.ar\/tiitucuman\/wp-json\/wp\/v2\/users\/123470"}],"replies":[{"embeddable":true,"href":"https:\/\/www.facet.unt.edu.ar\/tiitucuman\/wp-json\/wp\/v2\/comments?post=108"}],"version-history":[{"count":13,"href":"https:\/\/www.facet.unt.edu.ar\/tiitucuman\/wp-json\/wp\/v2\/pages\/108\/revisions"}],"predecessor-version":[{"id":179,"href":"https:\/\/www.facet.unt.edu.ar\/tiitucuman\/wp-json\/wp\/v2\/pages\/108\/revisions\/179"}],"wp:attachment":[{"href":"https:\/\/www.facet.unt.edu.ar\/tiitucuman\/wp-json\/wp\/v2\/media?parent=108"}],"curies":[{"name":"wp","href":"https:\/\/api.w.org\/{rel}","templated":true}]}}