{"id":65,"date":"2014-08-04T09:14:33","date_gmt":"2014-08-04T12:14:33","guid":{"rendered":"https:\/\/www.facet.unt.edu.ar\/tiitucuman\/home\/"},"modified":"2023-02-06T09:50:38","modified_gmt":"2023-02-06T12:50:38","slug":"home","status":"publish","type":"page","link":"https:\/\/www.facet.unt.edu.ar\/tiitucuman\/","title":{"rendered":"Home"},"content":{"rendered":"<div id=\"pl-65\"  class=\"panel-layout\" ><div id=\"pg-65-0\"  class=\"panel-grid panel-has-style\" ><div style=\"background-color: #c3f2f8; \" class=\"panel-row-style panel-row-style-for-65-0\" ><div id=\"pgc-65-0-0\"  class=\"panel-grid-cell\" ><div id=\"panel-65-0-0-0\" class=\"so-panel widget widget_sow-post-carousel panel-first-child panel-last-child\" data-index=\"0\" ><div\n\t\t\t\n\t\t\tclass=\"so-widget-sow-post-carousel so-widget-sow-post-carousel-base-ee4bc174a584-65\"\n\t\t\t\n\t\t>\t<div\n\t\tclass=\"sow-post-carousel-wrapper sow-post-carousel-theme-base\"\n\t\tstyle=\"overflow: hidden; max-width: 100%; min-height: 300px\"\n\t>\n\t\t<div class=\"sow-carousel-title has-title\">\n\t<h3 class=\"widget-title\">NOTICIAS<\/h3>\t\t<div class=\"sow-carousel-navigation \">\n\t\t\t\t\t\t<a href=\"#\" class=\"sow-carousel-next\" title=\"Siguiente\" aria-label=\"Entradas siguientes\" role=\"button\"><\/a>\n\t\t\t\t\t\t<a href=\"#\" class=\"sow-carousel-previous\" title=\"Anterior\" aria-label=\"Entradas anteriores\" role=\"button\"><\/a>\n\t\t\t\t\t<\/div>\n\t<\/div>\n\n<div class=\"sow-carousel-container \">\n\t\t<div class=\"sow-carousel-wrapper\"\n\t\tdata-dir=\"ltr\"\n\t\tstyle=\"opacity: 0;\"\n\t\tdata-widget=\"post\" data-fetching=\"false\" data-page=\"1\" data-ajax-url=\"https:\/\/www.facet.unt.edu.ar\/tiitucuman\/wp-admin\/admin-ajax.php?_widgets_nonce=0f3fcdef1f\" data-item_count=\"14\" data-carousel_settings=\"{&quot;loop&quot;:true,&quot;animation&quot;:&quot;ease&quot;,&quot;animation_speed&quot;:800,&quot;autoplay&quot;:false,&quot;pauseOnHover&quot;:false,&quot;autoplaySpeed&quot;:8000,&quot;item_overflow&quot;:true,&quot;autoplay_continuous_scroll&quot;:false}\" data-responsive=\"{&quot;desktop_slides_to_scroll&quot;:1,&quot;tablet_landscape_breakpoint&quot;:1366,&quot;tablet_landscape_slides_to_scroll&quot;:2,&quot;tablet_portrait_breakpoint&quot;:1025,&quot;tablet_portrait_slides_to_scroll&quot;:2,&quot;mobile_breakpoint&quot;:480,&quot;mobile_slides_to_scroll&quot;:1}\" data-variable_width=\"true\" \t>\n\t\t<div\n\t\t\tclass=\"sow-carousel-items\"\n\t\t\t\t\t>\n\t\t\t\t<div class=\"sow-carousel-item\" tabindex=\"-1\" style=\"float: left;\">\n\t\t<div class=\"sow-carousel-thumbnail\">\n\t\t\t\t\t\t\t<a\n\t\t\t\thref=\"https:\/\/www.facet.unt.edu.ar\/tiitucuman\/2026\/01\/15\/visualizacion-del-proyecto-en-los-medios-de-comunicacion\/\"\n\t\t\t\t\t\t\t\t\t\tstyle=\"background-image: url( https:\/\/www.facet.unt.edu.ar\/tiitucuman\/wp-content\/uploads\/sites\/83\/2026\/01\/WhatsApp-Image-2024-08-12-at-12.05.38.jpeg )\"\n\t\t\t\t\taria-labelledby=\"sow-carousel-id-589\"\n\t\t\t\t\ttabindex=\"-1\"\n\t\t\t\t>\n\t\t\t\t\t<span class=\"overlay\"><\/span>\n\t\t\t\t<\/a>\n\t\t\t\t\t<\/div>\n\t\t<h3 class=\"sow-carousel-item-title\">\n\t\t\t<a\n\t\t\t\thref=\"https:\/\/www.facet.unt.edu.ar\/tiitucuman\/2026\/01\/15\/visualizacion-del-proyecto-en-los-medios-de-comunicacion\/\"\n\t\t\t\tid=\"sow-carousel-id-589\"\n\t\t\t\t\t\t\t\ttabindex=\"-1\"\n\t\t\t>\n\n\t\t\t\tVisualizaci\u00f3n del proyecto en los medios de comunicaci\u00f3n\t\t\t<\/a>\n\t\t<\/h3>\n\t<\/div>\n\t<div class=\"sow-carousel-item\" tabindex=\"-1\" style=\"float: left;\">\n\t\t<div class=\"sow-carousel-thumbnail\">\n\t\t\t\t\t\t\t<a\n\t\t\t\thref=\"https:\/\/www.facet.unt.edu.ar\/tiitucuman\/2024\/08\/02\/sillas-de-ruedas-mantenimiento-e-innovaciones\/\"\n\t\t\t\t\t\t\t\t\t\tstyle=\"background-image: url( https:\/\/www.facet.unt.edu.ar\/tiitucuman\/wp-content\/uploads\/sites\/83\/2024\/08\/trabajo-silla.jpg )\"\n\t\t\t\t\taria-labelledby=\"sow-carousel-id-574\"\n\t\t\t\t\ttabindex=\"-1\"\n\t\t\t\t>\n\t\t\t\t\t<span class=\"overlay\"><\/span>\n\t\t\t\t<\/a>\n\t\t\t\t\t<\/div>\n\t\t<h3 class=\"sow-carousel-item-title\">\n\t\t\t<a\n\t\t\t\thref=\"https:\/\/www.facet.unt.edu.ar\/tiitucuman\/2024\/08\/02\/sillas-de-ruedas-mantenimiento-e-innovaciones\/\"\n\t\t\t\tid=\"sow-carousel-id-574\"\n\t\t\t\t\t\t\t\ttabindex=\"-1\"\n\t\t\t>\n\n\t\t\t\tSillas de Ruedas: Mantenimiento e Innovaciones\t\t\t<\/a>\n\t\t<\/h3>\n\t<\/div>\n\t<div class=\"sow-carousel-item\" tabindex=\"-1\" style=\"float: left;\">\n\t\t<div class=\"sow-carousel-thumbnail\">\n\t\t\t\t\t\t\t<a\n\t\t\t\thref=\"https:\/\/www.facet.unt.edu.ar\/tiitucuman\/2024\/08\/01\/laboratorio-de-biomecanica-para-la-inclusion\/\"\n\t\t\t\t\t\t\t\t\t\tstyle=\"background-image: url( https:\/\/www.facet.unt.edu.ar\/tiitucuman\/wp-content\/uploads\/sites\/83\/2024\/08\/WhatsApp-Image-2024-04-28-at-21.50.17.jpeg )\"\n\t\t\t\t\taria-labelledby=\"sow-carousel-id-564\"\n\t\t\t\t\ttabindex=\"-1\"\n\t\t\t\t>\n\t\t\t\t\t<span class=\"overlay\"><\/span>\n\t\t\t\t<\/a>\n\t\t\t\t\t<\/div>\n\t\t<h3 class=\"sow-carousel-item-title\">\n\t\t\t<a\n\t\t\t\thref=\"https:\/\/www.facet.unt.edu.ar\/tiitucuman\/2024\/08\/01\/laboratorio-de-biomecanica-para-la-inclusion\/\"\n\t\t\t\tid=\"sow-carousel-id-564\"\n\t\t\t\t\t\t\t\ttabindex=\"-1\"\n\t\t\t>\n\n\t\t\t\tLaboratorio de Biomec\u00e1nica para la Inclusi\u00f3n\t\t\t<\/a>\n\t\t<\/h3>\n\t<\/div>\n\t<div class=\"sow-carousel-item\" tabindex=\"-1\" style=\"float: left;\">\n\t\t<div class=\"sow-carousel-thumbnail\">\n\t\t\t\t\t\t\t<a\n\t\t\t\thref=\"https:\/\/www.facet.unt.edu.ar\/tiitucuman\/2024\/08\/01\/escaneo-e-impresion-3d\/\"\n\t\t\t\t\t\t\t\t\t\tstyle=\"background-image: url( https:\/\/www.facet.unt.edu.ar\/tiitucuman\/wp-content\/uploads\/sites\/83\/2024\/08\/25.jpeg )\"\n\t\t\t\t\taria-labelledby=\"sow-carousel-id-560\"\n\t\t\t\t\ttabindex=\"-1\"\n\t\t\t\t>\n\t\t\t\t\t<span class=\"overlay\"><\/span>\n\t\t\t\t<\/a>\n\t\t\t\t\t<\/div>\n\t\t<h3 class=\"sow-carousel-item-title\">\n\t\t\t<a\n\t\t\t\thref=\"https:\/\/www.facet.unt.edu.ar\/tiitucuman\/2024\/08\/01\/escaneo-e-impresion-3d\/\"\n\t\t\t\tid=\"sow-carousel-id-560\"\n\t\t\t\t\t\t\t\ttabindex=\"-1\"\n\t\t\t>\n\n\t\t\t\tEscaneo e Impresi\u00f3n 3D\t\t\t<\/a>\n\t\t<\/h3>\n\t<\/div>\n\t<div class=\"sow-carousel-item\" tabindex=\"-1\" style=\"float: left;\">\n\t\t<div class=\"sow-carousel-thumbnail\">\n\t\t\t\t\t\t\t<a\n\t\t\t\thref=\"https:\/\/www.facet.unt.edu.ar\/tiitucuman\/2024\/07\/26\/mouse-asistivo\/\"\n\t\t\t\t\t\t\t\t\t\tstyle=\"background-image: url( https:\/\/www.facet.unt.edu.ar\/tiitucuman\/wp-content\/uploads\/sites\/83\/2024\/07\/MOUSE-ASISTIVO-V1.0.jpeg )\"\n\t\t\t\t\taria-labelledby=\"sow-carousel-id-540\"\n\t\t\t\t\ttabindex=\"-1\"\n\t\t\t\t>\n\t\t\t\t\t<span class=\"overlay\"><\/span>\n\t\t\t\t<\/a>\n\t\t\t\t\t<\/div>\n\t\t<h3 class=\"sow-carousel-item-title\">\n\t\t\t<a\n\t\t\t\thref=\"https:\/\/www.facet.unt.edu.ar\/tiitucuman\/2024\/07\/26\/mouse-asistivo\/\"\n\t\t\t\tid=\"sow-carousel-id-540\"\n\t\t\t\t\t\t\t\ttabindex=\"-1\"\n\t\t\t>\n\n\t\t\t\tMouse Asistivo\t\t\t<\/a>\n\t\t<\/h3>\n\t<\/div>\n\t<div class=\"sow-carousel-item\" tabindex=\"-1\" style=\"float: left;\">\n\t\t<div class=\"sow-carousel-thumbnail\">\n\t\t\t\t\t\t\t<a\n\t\t\t\thref=\"https:\/\/www.facet.unt.edu.ar\/tiitucuman\/2024\/07\/26\/los-medios-de-comunicacion-2022-2023\/\"\n\t\t\t\t\t\t\t\t\t\tstyle=\"background-image: url( https:\/\/www.facet.unt.edu.ar\/tiitucuman\/wp-content\/uploads\/sites\/83\/2024\/06\/Entrevista-a-los-cientificos-del-proyecto-1-13-04-23.jpg )\"\n\t\t\t\t\taria-labelledby=\"sow-carousel-id-528\"\n\t\t\t\t\ttabindex=\"-1\"\n\t\t\t\t>\n\t\t\t\t\t<span class=\"overlay\"><\/span>\n\t\t\t\t<\/a>\n\t\t\t\t\t<\/div>\n\t\t<h3 class=\"sow-carousel-item-title\">\n\t\t\t<a\n\t\t\t\thref=\"https:\/\/www.facet.unt.edu.ar\/tiitucuman\/2024\/07\/26\/los-medios-de-comunicacion-2022-2023\/\"\n\t\t\t\tid=\"sow-carousel-id-528\"\n\t\t\t\t\t\t\t\ttabindex=\"-1\"\n\t\t\t>\n\n\t\t\t\tLos medios de comunicaci\u00f3n 2022 &#8211; 2023\t\t\t<\/a>\n\t\t<\/h3>\n\t<\/div>\n\t<div class=\"sow-carousel-item\" tabindex=\"-1\" style=\"float: left;\">\n\t\t<div class=\"sow-carousel-thumbnail\">\n\t\t\t\t\t\t\t<a\n\t\t\t\thref=\"https:\/\/www.facet.unt.edu.ar\/tiitucuman\/2024\/07\/26\/resumen-del-proyecto-tii-en-los-medios\/\"\n\t\t\t\t\t\t\t\t\t\tstyle=\"background-image: url( https:\/\/www.facet.unt.edu.ar\/tiitucuman\/wp-content\/uploads\/sites\/83\/2024\/07\/standscanner.jpeg )\"\n\t\t\t\t\taria-labelledby=\"sow-carousel-id-529\"\n\t\t\t\t\ttabindex=\"-1\"\n\t\t\t\t>\n\t\t\t\t\t<span class=\"overlay\"><\/span>\n\t\t\t\t<\/a>\n\t\t\t\t\t<\/div>\n\t\t<h3 class=\"sow-carousel-item-title\">\n\t\t\t<a\n\t\t\t\thref=\"https:\/\/www.facet.unt.edu.ar\/tiitucuman\/2024\/07\/26\/resumen-del-proyecto-tii-en-los-medios\/\"\n\t\t\t\tid=\"sow-carousel-id-529\"\n\t\t\t\t\t\t\t\ttabindex=\"-1\"\n\t\t\t>\n\n\t\t\t\tRes\u00famen del proyecto TII en los medios 2023 &#8211; 2024\t\t\t<\/a>\n\t\t<\/h3>\n\t<\/div>\n\t<div class=\"sow-carousel-item\" tabindex=\"-1\" style=\"float: left;\">\n\t\t<div class=\"sow-carousel-thumbnail\">\n\t\t\t\t\t\t\t<a\n\t\t\t\thref=\"https:\/\/www.facet.unt.edu.ar\/tiitucuman\/2024\/07\/04\/firma-de-convenio-entre-la-facet-y-la-municipalidad-de-simoca\/\"\n\t\t\t\t\t\t\t\t\t\tstyle=\"background-image: url( https:\/\/www.facet.unt.edu.ar\/tiitucuman\/wp-content\/uploads\/sites\/83\/2024\/07\/firma-convenio-04-07-2024.png )\"\n\t\t\t\t\taria-labelledby=\"sow-carousel-id-515\"\n\t\t\t\t\ttabindex=\"-1\"\n\t\t\t\t>\n\t\t\t\t\t<span class=\"overlay\"><\/span>\n\t\t\t\t<\/a>\n\t\t\t\t\t<\/div>\n\t\t<h3 class=\"sow-carousel-item-title\">\n\t\t\t<a\n\t\t\t\thref=\"https:\/\/www.facet.unt.edu.ar\/tiitucuman\/2024\/07\/04\/firma-de-convenio-entre-la-facet-y-la-municipalidad-de-simoca\/\"\n\t\t\t\tid=\"sow-carousel-id-515\"\n\t\t\t\t\t\t\t\ttabindex=\"-1\"\n\t\t\t>\n\n\t\t\t\tFirma de Convenio entre la FACET y la Municipalidad de Simoca\t\t\t<\/a>\n\t\t<\/h3>\n\t<\/div>\n\t<div class=\"sow-carousel-item\" tabindex=\"-1\" style=\"float: left;\">\n\t\t<div class=\"sow-carousel-thumbnail\">\n\t\t\t\t\t\t\t<a\n\t\t\t\thref=\"https:\/\/www.facet.unt.edu.ar\/tiitucuman\/2023\/10\/19\/talleres-itinerantes-disenados-para-alumnos-con-discapacidad-motriz\/\"\n\t\t\t\t\t\t\t\t\t\tstyle=\"background-image: url( https:\/\/www.facet.unt.edu.ar\/tiitucuman\/wp-content\/uploads\/sites\/83\/2023\/10\/WhatsApp-Image-2023-10-04-at-09.52.41-8.jpeg )\"\n\t\t\t\t\taria-labelledby=\"sow-carousel-id-449\"\n\t\t\t\t\ttabindex=\"-1\"\n\t\t\t\t>\n\t\t\t\t\t<span class=\"overlay\"><\/span>\n\t\t\t\t<\/a>\n\t\t\t\t\t<\/div>\n\t\t<h3 class=\"sow-carousel-item-title\">\n\t\t\t<a\n\t\t\t\thref=\"https:\/\/www.facet.unt.edu.ar\/tiitucuman\/2023\/10\/19\/talleres-itinerantes-disenados-para-alumnos-con-discapacidad-motriz\/\"\n\t\t\t\tid=\"sow-carousel-id-449\"\n\t\t\t\t\t\t\t\ttabindex=\"-1\"\n\t\t\t>\n\n\t\t\t\tTalleres Itinerantes dise\u00f1ados para alumnos con discapacidad motriz\t\t\t<\/a>\n\t\t<\/h3>\n\t<\/div>\n\t<div class=\"sow-carousel-item\" tabindex=\"-1\" style=\"float: left;\">\n\t\t<div class=\"sow-carousel-thumbnail\">\n\t\t\t\t\t\t\t<a\n\t\t\t\thref=\"https:\/\/www.facet.unt.edu.ar\/tiitucuman\/2022\/07\/07\/el-acto-de-presentacion-en-los-medios-de-comunicacion\/\"\n\t\t\t\t\t\t\t\t\t\tstyle=\"background-image: url( https:\/\/www.facet.unt.edu.ar\/tiitucuman\/wp-content\/uploads\/sites\/83\/2022\/07\/20-100.jpg )\"\n\t\t\t\t\taria-labelledby=\"sow-carousel-id-311\"\n\t\t\t\t\ttabindex=\"-1\"\n\t\t\t\t>\n\t\t\t\t\t<span class=\"overlay\"><\/span>\n\t\t\t\t<\/a>\n\t\t\t\t\t<\/div>\n\t\t<h3 class=\"sow-carousel-item-title\">\n\t\t\t<a\n\t\t\t\thref=\"https:\/\/www.facet.unt.edu.ar\/tiitucuman\/2022\/07\/07\/el-acto-de-presentacion-en-los-medios-de-comunicacion\/\"\n\t\t\t\tid=\"sow-carousel-id-311\"\n\t\t\t\t\t\t\t\ttabindex=\"-1\"\n\t\t\t>\n\n\t\t\t\tEl Acto de Presentaci\u00f3n en los Medios de Comunicaci\u00f3n\t\t\t<\/a>\n\t\t<\/h3>\n\t<\/div>\n\t\t<\/div>\n\t\t\t<\/div>\n\n\t<\/div>\n\t\t<input type=\"hidden\" name=\"instance_hash\" value=\"0721ecb6\"\/>\n\t<\/div>\n<\/div><\/div><\/div><\/div><\/div><div id=\"pg-65-1\"  class=\"panel-grid panel-has-style\" ><div style=\"background-color: #c6c6c6; \" class=\"panel-row-style panel-row-style-for-65-1\" ><div id=\"pgc-65-1-0\"  class=\"panel-grid-cell\" ><div id=\"panel-65-1-0-0\" class=\"so-panel widget widget_black-studio-tinymce widget_black_studio_tinymce panel-first-child panel-last-child\" data-index=\"1\" ><h3 class=\"widget-title\">Formulario de Inscripci\u00f3n<\/h3><div class=\"textwidget\"><p><a href=\"https:\/\/docs.google.com\/forms\/d\/e\/1FAIpQLSdET2dbCMwOaBVH3zLnL92A9FGFRc76GouWtKmZ-8gLW5Dggg\/viewform\" target=\"_blank\" rel=\"noopener\"><img class=\"size-full wp-image-321 aligncenter\" src=\"https:\/\/www.facet.unt.edu.ar\/tiitucuman\/wp-content\/uploads\/sites\/83\/2022\/07\/INSCRIPCION-A-TALLER.png\" alt=\"\" width=\"700\" height=\"250\" \/><\/a><\/p>\n<\/div><\/div><\/div><div id=\"pgc-65-1-1\"  class=\"panel-grid-cell\" ><div id=\"panel-65-1-1-0\" class=\"so-panel widget widget_sow-editor panel-first-child\" data-index=\"2\" ><div\n\t\t\t\n\t\t\tclass=\"so-widget-sow-editor so-widget-sow-editor-base\"\n\t\t\t\n\t\t><h3 class=\"widget-title\">Contacto<\/h3>\n<div class=\"siteorigin-widget-tinymce textwidget\">\n\t<p style=\"text-align: justify;\">Para mayor informaci\u00f3n e inscripci\u00f3n en los Talleres, escribinos a nuestro correo electr\u00f3nico:<\/p>\n<p style=\"text-align: justify;\"><a href=\"https:\/\/www.facet.unt.edu.ar\/tiitucuman\/wp-content\/uploads\/sites\/83\/2022\/06\/mail.png\"><img decoding=\"async\" loading=\"lazy\" class=\"alignnone wp-image-137\" src=\"https:\/\/www.facet.unt.edu.ar\/tiitucuman\/wp-content\/uploads\/sites\/83\/2022\/06\/mail.png\" alt=\"\" width=\"40\" height=\"43\" \/><\/a><a href=\"mailto:tii@herrera.unt.edu.ar\" target=\"_blank\" rel=\"noopener\">tii@herrera.unt.edu.ar<\/a><\/p>\n<\/div>\n<\/div><\/div><div id=\"panel-65-1-1-1\" class=\"so-panel widget widget_vantage-social-media panel-last-child\" data-index=\"3\" ><h3 class=\"widget-title\">Redes Sociales<\/h3><a class=\"social-media-icon social-media-icon-facebook social-media-icon-size-large\" href=\"https:\/\/www.facebook.com\/tii.tucuman\" title=\"Tecnolog\u00edas e Innovaci\u00f3n para la Inclusi\u00f3n Facebook\" ><span class=\"fa fa-facebook\"><\/span><\/a><a class=\"social-media-icon social-media-icon-instagram social-media-icon-size-large\" href=\"https:\/\/www.instagram.com\/tii.tucuman\" title=\"Tecnolog\u00edas e Innovaci\u00f3n para la Inclusi\u00f3n Instagram\" ><span class=\"fa fa-instagram\"><\/span><\/a><a class=\"social-media-icon social-media-icon-youtube social-media-icon-size-large\" href=\"http:\/\/www.youtube.com\/channel\/UC998-fbxneW7xhInjbO7YRg\" title=\"Tecnolog\u00edas e Innovaci\u00f3n para la Inclusi\u00f3n YouTube\" ><span class=\"fa fa-youtube\"><\/span><\/a><\/div><\/div><\/div><\/div><\/div>","protected":false},"excerpt":{"rendered":"<p>Los Medios de Comunicaci\u00f3n y los Medios Gubernamentales de la Provincia de Tucum\u00e1n cubrieron el evento de lanzamiento del Proyecto &#8220;Tecnolog\u00edas e Innovaci\u00f3n para la Inclusi\u00f3n&#8221; del d\u00eda 27 de Junio. Compartimos los enlaces de las notas realizadas: http:\/\/prensaactivadigital.com.ar\/manana-se-presentara-el-proyecto-tecnologias-e-innovacion-para-la-inclusion-un-ambicioso-concepto-nuevo-de-inclusion\/ https:\/\/tucuman.mitelefe.com\/local\/la-unt-lanza-el-programa-tecnologias-e-innovacion-para-la-inclusion\/ https:\/\/seri.tucuman.gob.ar\/se-lanzo-un-plan-para-brindar-herramientas-y-asistencia-a-personas-con-discapacidad-motriz\/ https:\/\/msptucuman.gov.ar\/el-ministro-participo-del-acto-protocolar-por-el-lanzamiento-del-proyecto-tecnologias-e-innovacion-para-la-inclusion\/ http:\/\/medios.unt.edu.ar\/noticia\/noticias-unt\/2753\/presentaron-proyecto-tecnologias-e-innovacion-para-inclusion &nbsp; &nbsp;<\/p>\n","protected":false},"author":1,"featured_media":0,"parent":0,"menu_order":0,"comment_status":"closed","ping_status":"closed","template":"home-panels.php","meta":[],"_links":{"self":[{"href":"https:\/\/www.facet.unt.edu.ar\/tiitucuman\/wp-json\/wp\/v2\/pages\/65"}],"collection":[{"href":"https:\/\/www.facet.unt.edu.ar\/tiitucuman\/wp-json\/wp\/v2\/pages"}],"about":[{"href":"https:\/\/www.facet.unt.edu.ar\/tiitucuman\/wp-json\/wp\/v2\/types\/page"}],"author":[{"embeddable":true,"href":"https:\/\/www.facet.unt.edu.ar\/tiitucuman\/wp-json\/wp\/v2\/users\/1"}],"replies":[{"embeddable":true,"href":"https:\/\/www.facet.unt.edu.ar\/tiitucuman\/wp-json\/wp\/v2\/comments?post=65"}],"version-history":[{"count":5,"href":"https:\/\/www.facet.unt.edu.ar\/tiitucuman\/wp-json\/wp\/v2\/pages\/65\/revisions"}],"predecessor-version":[{"id":429,"href":"https:\/\/www.facet.unt.edu.ar\/tiitucuman\/wp-json\/wp\/v2\/pages\/65\/revisions\/429"}],"wp:attachment":[{"href":"https:\/\/www.facet.unt.edu.ar\/tiitucuman\/wp-json\/wp\/v2\/media?parent=65"}],"curies":[{"name":"wp","href":"https:\/\/api.w.org\/{rel}","templated":true}]}}