{"id":108,"date":"2017-08-26T15:22:40","date_gmt":"2017-08-26T18:22:40","guid":{"rendered":"https:\/\/www.facet.unt.edu.ar\/umatucuman2017\/?page_id=108"},"modified":"2018-04-13T16:26:45","modified_gmt":"2018-04-13T19:26:45","slug":"caracteristicas-y-participantes","status":"publish","type":"page","link":"https:\/\/www.facet.unt.edu.ar\/umatucuman2017\/home\/caracteristicas-y-participantes\/","title":{"rendered":"Objetivos y participantes"},"content":{"rendered":"<p>El objetivo central de este encuentro es convocar a todos los miembros de la comunidad relacionados con la Matem\u00e1tica, especialmente a docentes en todos sus niveles (primario, secundario, terciario y universitario),\u00a0 cercanos a la provincia de Tucum\u00e1n, para tener un espacio para conocerse, de di\u00e1logo y de transmisi\u00f3n de conocimientos.<\/p>\n<p>Para ello se han organizado<a href=\"https:\/\/www.facet.unt.edu.ar\/umatucuman2017\/cursos-2\/\" target=\"_blank\" rel=\"noopener\"> cursos<\/a> para estudiantes, <a href=\"https:\/\/www.facet.unt.edu.ar\/umatucuman2017\/cursos\/\" target=\"_blank\" rel=\"noopener\">talleres<\/a> para docentes del nivel medio, <a href=\"https:\/\/www.facet.unt.edu.ar\/umatucuman2017\/conferencias\/\" target=\"_blank\" rel=\"noopener\">conferencias<\/a>, presentaci\u00f3n de <a href=\"https:\/\/www.facet.unt.edu.ar\/umatucuman2017\/actividades\/posters\/\" target=\"_blank\" rel=\"noopener\">posters\u00a0<\/a>y <a href=\"https:\/\/www.facet.unt.edu.ar\/umatucuman2017\/actividades\/comunicaciones-invitadas\/\" target=\"_blank\" rel=\"noopener\">comunicaciones invitadas<\/a>.<\/p>\n<p>&nbsp;<\/p>\n","protected":false},"excerpt":{"rendered":"<p>El objetivo central de este encuentro es convocar a todos los miembros de la comunidad relacionados con la Matem\u00e1tica, especialmente a docentes en todos sus niveles (primario, secundario, terciario y universitario),\u00a0 cercanos a la provincia de Tucum\u00e1n, para tener un espacio para conocerse, de di\u00e1logo y de transmisi\u00f3n de conocimientos. Para ello se han organizado [&hellip;]<\/p>\n","protected":false},"author":101011,"featured_media":0,"parent":65,"menu_order":30,"comment_status":"closed","ping_status":"closed","template":"","meta":[],"_links":{"self":[{"href":"https:\/\/www.facet.unt.edu.ar\/umatucuman2017\/wp-json\/wp\/v2\/pages\/108"}],"collection":[{"href":"https:\/\/www.facet.unt.edu.ar\/umatucuman2017\/wp-json\/wp\/v2\/pages"}],"about":[{"href":"https:\/\/www.facet.unt.edu.ar\/umatucuman2017\/wp-json\/wp\/v2\/types\/page"}],"author":[{"embeddable":true,"href":"https:\/\/www.facet.unt.edu.ar\/umatucuman2017\/wp-json\/wp\/v2\/users\/101011"}],"replies":[{"embeddable":true,"href":"https:\/\/www.facet.unt.edu.ar\/umatucuman2017\/wp-json\/wp\/v2\/comments?post=108"}],"version-history":[{"count":15,"href":"https:\/\/www.facet.unt.edu.ar\/umatucuman2017\/wp-json\/wp\/v2\/pages\/108\/revisions"}],"predecessor-version":[{"id":430,"href":"https:\/\/www.facet.unt.edu.ar\/umatucuman2017\/wp-json\/wp\/v2\/pages\/108\/revisions\/430"}],"up":[{"embeddable":true,"href":"https:\/\/www.facet.unt.edu.ar\/umatucuman2017\/wp-json\/wp\/v2\/pages\/65"}],"wp:attachment":[{"href":"https:\/\/www.facet.unt.edu.ar\/umatucuman2017\/wp-json\/wp\/v2\/media?parent=108"}],"curies":[{"name":"wp","href":"https:\/\/api.w.org\/{rel}","templated":true}]}}