{"id":112,"date":"2017-08-26T15:32:34","date_gmt":"2017-08-26T18:32:34","guid":{"rendered":"https:\/\/www.facet.unt.edu.ar\/umatucuman2017\/?page_id=112"},"modified":"2018-05-17T14:46:37","modified_gmt":"2018-05-17T17:46:37","slug":"ubicacion-y-planos","status":"publish","type":"page","link":"https:\/\/www.facet.unt.edu.ar\/umatucuman2017\/ubicacion-y-planos\/","title":{"rendered":"Ubicaci\u00f3n y planos"},"content":{"rendered":"<p><a href=\"https:\/\/www.argentino.com.ar\/san-miguel-de-tucuman\/calles\" rel=\"noopener\">Mapa de S. M. de Tucum\u00e1n<\/a><\/p>\n<p>La ERUMA 2018 se realizar\u00e1 en la\u00a0Facultad de Ciencias Exactas y Tecnolog\u00eda (<strong>FACET<\/strong>) .<\/p>\n<p>La FACET se encuentra ubicada dentro del <strong>Centro Herrera<\/strong> (tambi\u00e9n conocido como <strong>Quinta Agron\u00f3mica<\/strong>). Para acceder directamente a la FACET se ingresa por <strong>Av. Independencia 1800<\/strong>. Tambi\u00e9n se puede ingresar al centro Herrera por Av. Independencia 1900 y por Av. Kirchner 1900 (Ex Av. Roca 1900).<\/p>\n<p>El siguiente es un esquema del Centro Herrera.<\/p>\n<p><img decoding=\"async\" loading=\"lazy\" class=\"aligncenter wp-image-437 size-full\" src=\"https:\/\/www.facet.unt.edu.ar\/umatucuman2017\/wp-content\/uploads\/sites\/53\/2018\/04\/Plano-con-referencias.jpg\" alt=\"\" width=\"632\" height=\"1317\" srcset=\"https:\/\/www.facet.unt.edu.ar\/umatucuman2017\/wp-content\/uploads\/sites\/53\/2018\/04\/Plano-con-referencias.jpg 632w, https:\/\/www.facet.unt.edu.ar\/umatucuman2017\/wp-content\/uploads\/sites\/53\/2018\/04\/Plano-con-referencias-144x300.jpg 144w, https:\/\/www.facet.unt.edu.ar\/umatucuman2017\/wp-content\/uploads\/sites\/53\/2018\/04\/Plano-con-referencias-491x1024.jpg 491w\" sizes=\"(max-width: 632px) 100vw, 632px\" \/><\/p>\n<p>&nbsp;<\/p>\n<p>&nbsp;<\/p>\n","protected":false},"excerpt":{"rendered":"<p>Mapa de S. M. de Tucum\u00e1n La ERUMA 2018 se realizar\u00e1 en la\u00a0Facultad de Ciencias Exactas y Tecnolog\u00eda (FACET) . La FACET se encuentra ubicada dentro del Centro Herrera (tambi\u00e9n conocido como Quinta Agron\u00f3mica). Para acceder directamente a la FACET se ingresa por Av. Independencia 1800. Tambi\u00e9n se puede ingresar al centro Herrera por Av. [&hellip;]<\/p>\n","protected":false},"author":101011,"featured_media":0,"parent":0,"menu_order":35,"comment_status":"closed","ping_status":"closed","template":"","meta":[],"_links":{"self":[{"href":"https:\/\/www.facet.unt.edu.ar\/umatucuman2017\/wp-json\/wp\/v2\/pages\/112"}],"collection":[{"href":"https:\/\/www.facet.unt.edu.ar\/umatucuman2017\/wp-json\/wp\/v2\/pages"}],"about":[{"href":"https:\/\/www.facet.unt.edu.ar\/umatucuman2017\/wp-json\/wp\/v2\/types\/page"}],"author":[{"embeddable":true,"href":"https:\/\/www.facet.unt.edu.ar\/umatucuman2017\/wp-json\/wp\/v2\/users\/101011"}],"replies":[{"embeddable":true,"href":"https:\/\/www.facet.unt.edu.ar\/umatucuman2017\/wp-json\/wp\/v2\/comments?post=112"}],"version-history":[{"count":10,"href":"https:\/\/www.facet.unt.edu.ar\/umatucuman2017\/wp-json\/wp\/v2\/pages\/112\/revisions"}],"predecessor-version":[{"id":594,"href":"https:\/\/www.facet.unt.edu.ar\/umatucuman2017\/wp-json\/wp\/v2\/pages\/112\/revisions\/594"}],"wp:attachment":[{"href":"https:\/\/www.facet.unt.edu.ar\/umatucuman2017\/wp-json\/wp\/v2\/media?parent=112"}],"curies":[{"name":"wp","href":"https:\/\/api.w.org\/{rel}","templated":true}]}}