{"id":114,"date":"2017-08-26T15:33:28","date_gmt":"2017-08-26T18:33:28","guid":{"rendered":"https:\/\/www.facet.unt.edu.ar\/umatucuman2017\/?page_id=114"},"modified":"2018-05-17T14:32:30","modified_gmt":"2018-05-17T17:32:30","slug":"inscripcion","status":"publish","type":"page","link":"https:\/\/www.facet.unt.edu.ar\/umatucuman2017\/inscripcion\/","title":{"rendered":"Inscripci\u00f3n"},"content":{"rendered":"<p>El costo de la inscripci\u00f3n a la ERUMA 2018 en Tucum\u00e1n consiste en abonar la cuota anual 2018 como socio de la Uni\u00f3n Matem\u00e1tica Argentina. Por otro lado para la inscripci\u00f3n debe completar el formulario y de este modo hacer efectiva la inscripci\u00f3n a la ERUMA 2018:<\/p>\n<hr \/>\n<ul>\n<li>\u00a0<strong>Si usted es socio de la UMA: <\/strong>env\u00ede el comprobante de pago de la cuota anual 2018 a erumatuc2018@gmail.com escribiendo en <span style=\"color: #ff0000;\">asunto\u00a0<\/span><span style=\"color: #ff0000;\">\u00a0&#8220;Comprobante de pago de: APELLIDO Y NOMBRE&#8221;<\/span> y llene el siguiente <a href=\"https:\/\/docs.google.com\/forms\/d\/e\/1FAIpQLSfcD93tycIeJAOno1PfBThtgZkjEsASSa7OR50Q-2q_EqIdlg\/viewform?usp=sf_link\" rel=\"noopener\"><span style=\"color: #ff0000;\">formulario<\/span><\/a>.<\/li>\n<\/ul>\n<hr \/>\n<p><span style=\"color: #ff0000;\">Ya se solucion\u00f3 el problema surgido en la p\u00e1gina de la UMA para inscribirse como socio y abonar, les pedimos que quienes tuvieron problemas ingresen nuevamente y si no llenaron el <a href=\"https:\/\/docs.google.com\/forms\/d\/e\/1FAIpQLSfcD93tycIeJAOno1PfBThtgZkjEsASSa7OR50Q-2q_EqIdlg\/viewform?usp=sf_link\" rel=\"noopener\">formulario<\/a>\u00a0de preinscripci\u00f3n lo hagan. Disculpen los inconvenientes.<\/span><\/p>\n<ul>\n<li><strong>Si no es socio de la UMA: <\/strong>env\u00ede una solicitud para asociarse (sea docente medio, alumno o docente universitario) ingresando a<strong>\u00a0 <\/strong><\/li>\n<\/ul>\n<p style=\"text-align: center;\"><a href=\"http:\/\/www.servicios.union-matematica.org.ar\/socios\/registro\" rel=\"noopener\">http:\/\/www.servicios.union-matematica.org.ar\/socios\/registro<\/a><\/p>\n<p style=\"padding-left: 30px;\">\u00a0\u00a0\u00a0\u00a0\u00a0\u00a0\u00a0\u00a0\u00a0 Luego de ser aceptado como socio, abonar la cuota societaria 2018.<\/p>\n<p>\u00a0\u00a0\u00a0\u00a0\u00a0\u00a0\u00a0\u00a0\u00a0\u00a0\u00a0\u00a0\u00a0\u00a0\u00a0\u00a0\u00a0 Los montos, de acuerdo al tipo de socio los puede ver en:<\/p>\n<p style=\"text-align: center;\"><a href=\"http:\/\/www.union-matematica.org.ar\/Valores y vencimientos de cuotas.html\" rel=\"noopener\">http:\/\/www.union-matematica.org.ar\/Valores y vencimientos de cuotas.html<\/a><\/p>\n<p style=\"padding-left: 30px;\">\u00a0\u00a0\u00a0\u00a0\u00a0\u00a0\u00a0\u00a0\u00a0\u00a0 Para ver las indicaciones de c\u00f3mo abonar ingresar a:<\/p>\n<p style=\"text-align: center;\"><a href=\"http:\/\/www.servicios.union-matematica.org.ar\/socios\/cobro\" rel=\"noopener\">http:\/\/www.servicios.union-matematica.org.ar\/socios\/cobro<\/a><\/p>\n<p style=\"padding-left: 30px;\">\u00a0\u00a0\u00a0\u00a0\u00a0\u00a0\u00a0\u00a0 Por \u00faltimo env\u00ede el comprobante de pago de la cuota anual 2018 a erumatuc2018@gmail.com escribiendo en<span style=\"color: #ff0000;\">\u00a0 asunto\u00a0 &#8220;Comprobante de pago de: APELLIDO Y NOMBRE&#8221;<\/span> y llene el siguiente <a href=\"https:\/\/docs.google.com\/forms\/d\/e\/1FAIpQLSfcD93tycIeJAOno1PfBThtgZkjEsASSa7OR50Q-2q_EqIdlg\/viewform?usp=sf_link\" rel=\"noopener\"><span style=\"color: #ff0000;\">formulario<\/span><\/a>.<\/p>\n<hr \/>\n<p>&nbsp;<\/p>\n","protected":false},"excerpt":{"rendered":"<p>El costo de la inscripci\u00f3n a la ERUMA 2018 en Tucum\u00e1n consiste en abonar la cuota anual 2018 como socio de la Uni\u00f3n Matem\u00e1tica Argentina. Por otro lado para la inscripci\u00f3n debe completar el formulario y de este modo hacer efectiva la inscripci\u00f3n a la ERUMA 2018: \u00a0Si usted es socio de la UMA: env\u00ede [&hellip;]<\/p>\n","protected":false},"author":101011,"featured_media":0,"parent":0,"menu_order":5,"comment_status":"closed","ping_status":"closed","template":"","meta":[],"_links":{"self":[{"href":"https:\/\/www.facet.unt.edu.ar\/umatucuman2017\/wp-json\/wp\/v2\/pages\/114"}],"collection":[{"href":"https:\/\/www.facet.unt.edu.ar\/umatucuman2017\/wp-json\/wp\/v2\/pages"}],"about":[{"href":"https:\/\/www.facet.unt.edu.ar\/umatucuman2017\/wp-json\/wp\/v2\/types\/page"}],"author":[{"embeddable":true,"href":"https:\/\/www.facet.unt.edu.ar\/umatucuman2017\/wp-json\/wp\/v2\/users\/101011"}],"replies":[{"embeddable":true,"href":"https:\/\/www.facet.unt.edu.ar\/umatucuman2017\/wp-json\/wp\/v2\/comments?post=114"}],"version-history":[{"count":27,"href":"https:\/\/www.facet.unt.edu.ar\/umatucuman2017\/wp-json\/wp\/v2\/pages\/114\/revisions"}],"predecessor-version":[{"id":581,"href":"https:\/\/www.facet.unt.edu.ar\/umatucuman2017\/wp-json\/wp\/v2\/pages\/114\/revisions\/581"}],"wp:attachment":[{"href":"https:\/\/www.facet.unt.edu.ar\/umatucuman2017\/wp-json\/wp\/v2\/media?parent=114"}],"curies":[{"name":"wp","href":"https:\/\/api.w.org\/{rel}","templated":true}]}}