{"id":116,"date":"2018-03-21T13:34:46","date_gmt":"2018-03-21T16:34:46","guid":{"rendered":"https:\/\/www.facet.unt.edu.ar\/umatucuman2017\/?page_id=116"},"modified":"2018-05-18T09:30:41","modified_gmt":"2018-05-18T12:30:41","slug":"talleres","status":"publish","type":"page","link":"https:\/\/www.facet.unt.edu.ar\/umatucuman2017\/actividades\/talleres\/","title":{"rendered":"Talleres"},"content":{"rendered":"<p>Para ver detalles de horarios y aulas consultar el cronograma.<\/p>\n<p><span style=\"display: inline !important; float: none; background-color: transparent; color: #333333; cursor: text; font-family: Georgia,'Times New Roman','Bitstream Charter',Times,serif; font-size: 16px; font-style: normal; font-variant: normal; font-weight: 400; letter-spacing: normal; orphans: 2; text-align: left; text-decoration: none; text-indent: 0px; text-transform: none; -webkit-text-stroke-width: 0px; white-space: normal; word-spacing: 0px;\"><a href=\"https:\/\/www.facet.unt.edu.ar\/umatucuman2017\/cronograma\/\" rel=\"noopener\"><strong>Cronograma<\/strong><\/a>.<\/span><\/p>\n<p>Cupo: 40 personas.<\/p>\n<p><span style=\"color: #ff0000;\">En caso que los participantes traigan su Notebook, podr\u00eda ampliarse dicho cupo.<\/span><\/p>\n<p>Se aclara que NO se consigui\u00f3 el puntaje del Ministerio de Educaci\u00f3n de la provincia de Tucum\u00e1n por cambio reciente de la forma de presentar los pedidos de parte del Ministerio. Se hizo todo el esfuerzo posible hasta \u00faltimo momento.<\/p>\n<hr \/>\n<h3 class=\"m_-6321927387713044008gmail-normal\"><b>Taller 1: <\/b>Invasi\u00f3n del Pensamiento Estad\u00edstico<\/h3>\n<div dir=\"auto\"><strong>Carga horaria :<\/strong> 15 hs c\u00e1tedras.<\/div>\n<div dir=\"auto\">Son 3 encuentros,<\/div>\n<div dir=\"auto\">1er encuentro: de dos hs reloj,\u00a0en la<strong style=\"background-color: transparent;\">\u00a0<\/strong><span style=\"background-color: transparent;\">Legislatura Provincial- Mu\u00f1ecas 951- Hall central el Lunes 21 a las 10 hs.<\/span><\/div>\n<div dir=\"auto\">2do y 3er encuentro: de 4 horas reloj cada uno en la FACET los d\u00edas Martes 22 y Mi\u00e9rcoles 23 a las 14 hs.<\/div>\n<p class=\"m_-6321927387713044008gmail-MsoListParagraph\"><b>Profesores a cargo:\u00a0<\/b><\/p>\n<p class=\"m_-6321927387713044008gmail-normal\">Dra. Ana M. Sfer, MS Ma. Isabel Giannini, Mg. P. Lorena Naidicz, Ing. Andrea C. Mazzucco, Lic. Laia A. Kaliman<\/p>\n<p class=\"m_-6321927387713044008gmail-normal\">Docentes del Departamento de Matem\u00e1tica de la Facultad de Ciencias Exactas y Tecnolog\u00eda de la Universidad Nacional de Tucum\u00e1n<\/p>\n<p><b>Resumen:<\/b><\/p>\n<p class=\"m_-6321927387713044008gmail-MsoListParagraph\">El proyecto se organiza en un curso de 15 horas c\u00e1tedras presenciales, distribuidas en 5 encuentros de 3 hs c\u00e1tedras cada uno. El primer encuentro se refiere a la necesidad de la alfabetizaci\u00f3n en estad\u00edstica y probabilidad. El segundo, tercero y cuarto\u00a0 encuentro abarcan conceptos de Estad\u00edstica Descriptiva, y el quinto referido a Probabilidad. En todos los encuentros se formular\u00e1n ejercicios para hacer mediante computadora.<\/p>\n<hr \/>\n<h3>Taller 2: Mo\u00eabius, imaginaci\u00f3n a las aulas.<\/h3>\n<div dir=\"auto\"><b>Carga horaria : <\/b>15 hs c\u00e1tedras.<\/div>\n<p class=\"m_-6321927387713044008gmail-MsoListParagraph\"><b>Profesor a cargo:\u00a0<\/b><\/p>\n<p class=\"m_-6321927387713044008gmail-normal\"><span id=\"m_-7199235193833208532gmail-docs-internal-guid-e3181446-48e1-d9fe-49bd-1821c2f08cb1\">Dr. Santiago Laplagne .<\/span><\/p>\n<p class=\"m_-6321927387713044008gmail-normal\"><span id=\"m_-7199235193833208532gmail-docs-internal-guid-e3181446-48e1-d9fe-49bd-1821c2f08cb1\">Docente\/Investigador de la Facultad de Cs. Exactas de la Universidad de Buenos Aires UBA.<\/span><\/p>\n<p><b>Resumen:<\/b><\/p>\n<p dir=\"ltr\">Proponemos acercar a los participantes a la belleza de la matem\u00e1tica a trav\u00e9s de experiencias interactivas con una fuerte componente est\u00e9tica. Tomamos como punto de partida la muestra interactiva Imaginary, que se viene realizando con gran \u00e9xito en distintas partes del mundo. Imaginary ilustra lo imaginario e inimaginable de la matem\u00e1tica, recurriendo a im\u00e1genes que uno mismo puede crear en la computadora, que son a la vez objetos matem\u00e1ticos y obras de arte.<\/p>\n<p dir=\"ltr\">En este taller utilizaremos tres programas:<\/p>\n<ul>\n<li dir=\"ltr\">\n<p dir=\"ltr\">Surfer, para ver las superficies tridimensionales que se esconden en f\u00f3rmulas matem\u00e1ticas,<\/p>\n<\/li>\n<li dir=\"ltr\">\n<p dir=\"ltr\">Britney, para realizar dibujos fractales.<\/p>\n<\/li>\n<li dir=\"ltr\">\n<p dir=\"ltr\">Morenaments, para dibujar f\u00e1cilmente patrones sim\u00e9tricos en el plano.<\/p>\n<\/li>\n<\/ul>\n<p dir=\"ltr\">Veremos en profundidad c\u00f3mo se utilizan estos programas y propondremos actividades que pueden llevarse f\u00e1cilmente al aula.<\/p>\n<p dir=\"ltr\">M\u00e1s informaci\u00f3n se encuentra disponible en nuestra p\u00e1gina <a href=\"http:\/\/moebius.dm.uba.ar\/\" target=\"_blank\" rel=\"noopener\" data-saferedirecturl=\"https:\/\/www.google.com\/url?hl=es&amp;q=http:\/\/moebius.dm.uba.ar&amp;source=gmail&amp;ust=1521738858567000&amp;usg=AFQjCNHyf3z7bJQPLl7Ch5NjnTt8DK7faA\">moebius.dm.uba.ar<\/a><\/p>\n<div><\/div>\n","protected":false},"excerpt":{"rendered":"<p>Para ver detalles de horarios y aulas consultar el cronograma. Cronograma. Cupo: 40 personas. En caso que los participantes traigan su Notebook, podr\u00eda ampliarse dicho cupo. Se aclara que NO se consigui\u00f3 el puntaje del Ministerio de Educaci\u00f3n de la provincia de Tucum\u00e1n por cambio reciente de la forma de presentar los pedidos de parte [&hellip;]<\/p>\n","protected":false},"author":101011,"featured_media":0,"parent":344,"menu_order":22,"comment_status":"closed","ping_status":"closed","template":"","meta":[],"_links":{"self":[{"href":"https:\/\/www.facet.unt.edu.ar\/umatucuman2017\/wp-json\/wp\/v2\/pages\/116"}],"collection":[{"href":"https:\/\/www.facet.unt.edu.ar\/umatucuman2017\/wp-json\/wp\/v2\/pages"}],"about":[{"href":"https:\/\/www.facet.unt.edu.ar\/umatucuman2017\/wp-json\/wp\/v2\/types\/page"}],"author":[{"embeddable":true,"href":"https:\/\/www.facet.unt.edu.ar\/umatucuman2017\/wp-json\/wp\/v2\/users\/101011"}],"replies":[{"embeddable":true,"href":"https:\/\/www.facet.unt.edu.ar\/umatucuman2017\/wp-json\/wp\/v2\/comments?post=116"}],"version-history":[{"count":27,"href":"https:\/\/www.facet.unt.edu.ar\/umatucuman2017\/wp-json\/wp\/v2\/pages\/116\/revisions"}],"predecessor-version":[{"id":598,"href":"https:\/\/www.facet.unt.edu.ar\/umatucuman2017\/wp-json\/wp\/v2\/pages\/116\/revisions\/598"}],"up":[{"embeddable":true,"href":"https:\/\/www.facet.unt.edu.ar\/umatucuman2017\/wp-json\/wp\/v2\/pages\/344"}],"wp:attachment":[{"href":"https:\/\/www.facet.unt.edu.ar\/umatucuman2017\/wp-json\/wp\/v2\/media?parent=116"}],"curies":[{"name":"wp","href":"https:\/\/api.w.org\/{rel}","templated":true}]}}