{"id":119,"date":"2018-03-19T12:38:51","date_gmt":"2018-03-19T15:38:51","guid":{"rendered":"https:\/\/www.facet.unt.edu.ar\/umatucuman2017\/?page_id=119"},"modified":"2018-05-17T14:40:53","modified_gmt":"2018-05-17T17:40:53","slug":"cursos","status":"publish","type":"page","link":"https:\/\/www.facet.unt.edu.ar\/umatucuman2017\/actividades\/cursos\/","title":{"rendered":"Cursos"},"content":{"rendered":"<p>Cada uno de los cursos consistir\u00e1 en 3 clases de 2 horas cada una.<\/p>\n<p>Para ver detalles de horarios y aulas consultar el <a href=\"https:\/\/www.facet.unt.edu.ar\/umatucuman2017\/cronograma\/\" rel=\"noopener\"><strong>cronograma<\/strong>.<\/a><\/p>\n<h3><strong>Curso 1:<\/strong>\u00a0Estad\u00edstica<\/h3>\n<p><strong>Expositor: <\/strong>Dra. Mar\u00eda Laura Nores (FAMAF- Universidad Nacional de C\u00f3rdoba)<\/p>\n<p><strong>Resumen:<\/strong>\u00a0La estad\u00edstica busca obtener conclusiones respecto a caracter\u00edsticas de una poblaci\u00f3n a partir de un conjunto de datos. En este sentido, comenzaremos con la construcci\u00f3n de intervalos de confianza y pruebas de hip\u00f3tesis. Luego presentaremos modelos estad\u00edsticos como el an\u00e1lisis de la varianza y la regresi\u00f3n lineal, aplic\u00e1ndolos a conjuntos de datos reales, y veremos t\u00e9cnicas para chequear los supuestos de estos modelos.<\/p>\n<p>&nbsp;<\/p>\n<h3>C<strong>urso 2<\/strong>: Ecuaciones lineales en derivadas parciales: 4 modelos fundamentales<\/h3>\n<p><strong>Expositor: <\/strong>Dra. Joana Terra (FAMAF- Universidad Nacional de C\u00f3rdoba)<\/p>\n<p><strong>Resumen<\/strong>: En este curso presentaremos 4 modelos cl\u00e1sicos y fundamentales de ecuaciones lineales en derivadas parciales: la ecuaci\u00f3n de transporte, la ecuaci\u00f3n de Laplace, la ecuaci\u00f3n del calor y la ecuaci\u00f3n de ondas. Estas ecuaciones tienen en com\u00fan que podemos encontrar una soluci\u00f3n expl\u00edcita, un hecho importante ya que no existe una teor\u00eda generalizada de existencia de soluci\u00f3n para todas las ecuaciones en derivadas parciales. M\u00e1s a\u00fan, las caracter\u00edsticas particulares de estos 4 modelos y de los m\u00e9todos usados para encontrar las soluciones sirven como motivaci\u00f3n, o punto de partida, para estudiar existencia y propiedades de soluciones a problemas m\u00e1s generales que contienen los modelos como casos particulares.<\/p>\n","protected":false},"excerpt":{"rendered":"<p>Cada uno de los cursos consistir\u00e1 en 3 clases de 2 horas cada una. Para ver detalles de horarios y aulas consultar el cronograma. Curso 1:\u00a0Estad\u00edstica Expositor: Dra. Mar\u00eda Laura Nores (FAMAF- Universidad Nacional de C\u00f3rdoba) Resumen:\u00a0La estad\u00edstica busca obtener conclusiones respecto a caracter\u00edsticas de una poblaci\u00f3n a partir de un conjunto de datos. En [&hellip;]<\/p>\n","protected":false},"author":101011,"featured_media":0,"parent":344,"menu_order":20,"comment_status":"closed","ping_status":"closed","template":"","meta":[],"_links":{"self":[{"href":"https:\/\/www.facet.unt.edu.ar\/umatucuman2017\/wp-json\/wp\/v2\/pages\/119"}],"collection":[{"href":"https:\/\/www.facet.unt.edu.ar\/umatucuman2017\/wp-json\/wp\/v2\/pages"}],"about":[{"href":"https:\/\/www.facet.unt.edu.ar\/umatucuman2017\/wp-json\/wp\/v2\/types\/page"}],"author":[{"embeddable":true,"href":"https:\/\/www.facet.unt.edu.ar\/umatucuman2017\/wp-json\/wp\/v2\/users\/101011"}],"replies":[{"embeddable":true,"href":"https:\/\/www.facet.unt.edu.ar\/umatucuman2017\/wp-json\/wp\/v2\/comments?post=119"}],"version-history":[{"count":9,"href":"https:\/\/www.facet.unt.edu.ar\/umatucuman2017\/wp-json\/wp\/v2\/pages\/119\/revisions"}],"predecessor-version":[{"id":586,"href":"https:\/\/www.facet.unt.edu.ar\/umatucuman2017\/wp-json\/wp\/v2\/pages\/119\/revisions\/586"}],"up":[{"embeddable":true,"href":"https:\/\/www.facet.unt.edu.ar\/umatucuman2017\/wp-json\/wp\/v2\/pages\/344"}],"wp:attachment":[{"href":"https:\/\/www.facet.unt.edu.ar\/umatucuman2017\/wp-json\/wp\/v2\/media?parent=119"}],"curies":[{"name":"wp","href":"https:\/\/api.w.org\/{rel}","templated":true}]}}