{"id":344,"date":"2018-03-21T16:06:51","date_gmt":"2018-03-21T19:06:51","guid":{"rendered":"https:\/\/www.facet.unt.edu.ar\/umatucuman2017\/?page_id=344"},"modified":"2018-05-17T14:40:01","modified_gmt":"2018-05-17T17:40:01","slug":"actividades","status":"publish","type":"page","link":"https:\/\/www.facet.unt.edu.ar\/umatucuman2017\/actividades\/","title":{"rendered":"Actividades"},"content":{"rendered":"<p>S<span style=\"display: inline !important; float: none; background-color: transparent; color: #333333; cursor: text; font-family: Georgia,'Times New Roman','Bitstream Charter',Times,serif; font-size: 16px; font-style: normal; font-variant: normal; font-weight: 400; letter-spacing: normal; orphans: 2; text-align: left; text-decoration: none; text-indent: 0px; text-transform: none; -webkit-text-stroke-width: 0px; white-space: normal; word-spacing: 0px;\">e han organizado las siguientes actividades:<\/span><a href=\"https:\/\/www.facet.unt.edu.ar\/umatucuman2017\/cursos-2\/\" rel=\"noopener\"> cursos<\/a><span style=\"display: inline !important; float: none; background-color: transparent; color: #333333; cursor: text; font-family: Georgia,'Times New Roman','Bitstream Charter',Times,serif; font-size: 16px; font-style: normal; font-variant: normal; font-weight: 400; letter-spacing: normal; orphans: 2; text-align: left; text-decoration: none; text-indent: 0px; text-transform: none; -webkit-text-stroke-width: 0px; white-space: normal; word-spacing: 0px;\"> para estudiantes, <\/span><a href=\"https:\/\/www.facet.unt.edu.ar\/umatucuman2017\/cursos\/\" rel=\"noopener\">talleres<\/a><span style=\"display: inline !important; float: none; background-color: transparent; color: #333333; cursor: text; font-family: Georgia,'Times New Roman','Bitstream Charter',Times,serif; font-size: 16px; font-style: normal; font-variant: normal; font-weight: 400; letter-spacing: normal; orphans: 2; text-align: left; text-decoration: none; text-indent: 0px; text-transform: none; -webkit-text-stroke-width: 0px; white-space: normal; word-spacing: 0px;\"> para docentes del nivel medio, <\/span><a href=\"https:\/\/www.facet.unt.edu.ar\/umatucuman2017\/conferencias\/\" rel=\"noopener\">conferencias<\/a><span style=\"display: inline !important; float: none; background-color: transparent; color: #333333; cursor: text; font-family: Georgia,'Times New Roman','Bitstream Charter',Times,serif; font-size: 16px; font-style: normal; font-variant: normal; font-weight: 400; letter-spacing: normal; orphans: 2; text-align: left; text-decoration: none; text-indent: 0px; text-transform: none; -webkit-text-stroke-width: 0px; white-space: normal; word-spacing: 0px;\">, presentaci\u00f3n de <\/span><a href=\"https:\/\/www.facet.unt.edu.ar\/umatucuman2017\/actividades\/posters\/\" rel=\"noopener\">posters\u00a0<\/a><span style=\"display: inline !important; float: none; background-color: transparent; color: #333333; cursor: text; font-family: Georgia,'Times New Roman','Bitstream Charter',Times,serif; font-size: 16px; font-style: normal; font-variant: normal; font-weight: 400; letter-spacing: normal; orphans: 2; text-align: left; text-decoration: none; text-indent: 0px; text-transform: none; -webkit-text-stroke-width: 0px; white-space: normal; word-spacing: 0px;\">y <\/span><a href=\"https:\/\/www.facet.unt.edu.ar\/umatucuman2017\/actividades\/comunicaciones-invitadas\/\" rel=\"noopener\">comunicaciones invitadas<\/a><\/p>\n<p>Tambi\u00e9n se organiz\u00f3 actividades para alumnos de nivel medio y p\u00fablico en general que consiste en una <a href=\"https:\/\/www.facet.unt.edu.ar\/umatucuman2017\/actividades\/jornadas-de-resolucion-de-problemas\/\">Jornada de Resoluci\u00f3n de problemas<\/a> y una <a href=\"https:\/\/www.facet.unt.edu.ar\/umatucuman2017\/actividades\/jornadas-de-visibilidad\/\">Jornada de Visibilidad<\/a>.<\/p>\n<p>Para ver detalles de horarios y aulas consultar el <a href=\"https:\/\/www.facet.unt.edu.ar\/umatucuman2017\/cronograma\/\" rel=\"noopener\"><strong>cronograma<\/strong>.<\/a><\/p>\n","protected":false},"excerpt":{"rendered":"<p>Se han organizado las siguientes actividades: cursos para estudiantes, talleres para docentes del nivel medio, conferencias, presentaci\u00f3n de posters\u00a0y comunicaciones invitadas Tambi\u00e9n se organiz\u00f3 actividades para alumnos de nivel medio y p\u00fablico en general que consiste en una Jornada de Resoluci\u00f3n de problemas y una Jornada de Visibilidad. Para ver detalles de horarios y aulas [&hellip;]<\/p>\n","protected":false},"author":101011,"featured_media":0,"parent":0,"menu_order":21,"comment_status":"closed","ping_status":"closed","template":"","meta":[],"_links":{"self":[{"href":"https:\/\/www.facet.unt.edu.ar\/umatucuman2017\/wp-json\/wp\/v2\/pages\/344"}],"collection":[{"href":"https:\/\/www.facet.unt.edu.ar\/umatucuman2017\/wp-json\/wp\/v2\/pages"}],"about":[{"href":"https:\/\/www.facet.unt.edu.ar\/umatucuman2017\/wp-json\/wp\/v2\/types\/page"}],"author":[{"embeddable":true,"href":"https:\/\/www.facet.unt.edu.ar\/umatucuman2017\/wp-json\/wp\/v2\/users\/101011"}],"replies":[{"embeddable":true,"href":"https:\/\/www.facet.unt.edu.ar\/umatucuman2017\/wp-json\/wp\/v2\/comments?post=344"}],"version-history":[{"count":7,"href":"https:\/\/www.facet.unt.edu.ar\/umatucuman2017\/wp-json\/wp\/v2\/pages\/344\/revisions"}],"predecessor-version":[{"id":585,"href":"https:\/\/www.facet.unt.edu.ar\/umatucuman2017\/wp-json\/wp\/v2\/pages\/344\/revisions\/585"}],"wp:attachment":[{"href":"https:\/\/www.facet.unt.edu.ar\/umatucuman2017\/wp-json\/wp\/v2\/media?parent=344"}],"curies":[{"name":"wp","href":"https:\/\/api.w.org\/{rel}","templated":true}]}}