{"id":389,"date":"2018-04-04T12:27:06","date_gmt":"2018-04-04T15:27:06","guid":{"rendered":"https:\/\/www.facet.unt.edu.ar\/umatucuman2017\/?page_id=389"},"modified":"2018-05-17T14:42:09","modified_gmt":"2018-05-17T17:42:09","slug":"posters","status":"publish","type":"page","link":"https:\/\/www.facet.unt.edu.ar\/umatucuman2017\/actividades\/posters\/","title":{"rendered":"Posters"},"content":{"rendered":"<p><a href=\"https:\/\/www.facet.unt.edu.ar\/umatucuman2017\/cronograma\/\" rel=\"noopener\"><strong>cronograma general<\/strong>.<\/a><\/p>\n<p><strong>D\u00eda a realizarse:<\/strong> Lunes 21 de Mayo<\/p>\n<p><strong>Horarios:<\/strong><\/p>\n<p>Los posters permanecer\u00e1n expuestos desde las 17:30 a 19:00hs.<\/p>\n<p>Los autores estar\u00e1n presentes de 18:00 a 19:00 hs.<\/p>\n<p><strong>Lugar:<\/strong> Planta baja block 2<\/p>\n<p><strong>\u00a0\u00c1reas:\u00a0<\/strong>&#8220;Cient\u00edfica&#8221; y &#8220;Ciencias de la Educaci\u00f3n&#8221;.<\/p>\n<hr \/>\n<ul>\n<li>\u00a0\u00a0\u00a0\u00a0\u00a0\u00a0 <strong><u>Cient\u00edfica:<\/u><\/strong><\/li>\n<\/ul>\n<ol>\n<li><strong>T\u00edtulo<\/strong>:\u00a0 \u201cAn\u00e1lisis Matricial en L\u221e (Tk, Mn(C)) y potenciales convexos en espacios invariantes por traslaciones\u201d.<\/li>\n<\/ol>\n<p><strong>\u00a0 \u00a0 \u00a0 \u00a0 \u00a0 Autores<\/strong>: M.J. Benac; P. Massey y D. Stojanoff.<\/p>\n<ol start=\"2\">\n<li><strong>T\u00edtulo<\/strong>:<strong>\u00a0\u201c<\/strong>La function especial K-Mittag-LefflerA\u201d.<\/li>\n<\/ol>\n<p><strong>\u00a0 \u00a0 \u00a0 \u00a0 \u00a0 Autores<\/strong>: Di B\u00e1rbaro, Emma Miryam; Casas, Jorge Osvaldo; Rey Rosales Nelson y \u00d1irilef,Cristian Gast\u00f3n.<\/p>\n<ol start=\"3\">\n<li><strong>T\u00edtulo<\/strong>:\u201cLas funciones especiales y el K-simbolo de Pochhammer\u201d.<\/li>\n<\/ol>\n<p><strong>\u00a0 \u00a0 \u00a0 \u00a0 \u00a0 Autores<\/strong>: Acevedo, Alejandra; Barrionuevo, Cristian; Reartes, Eimi; Ahumada, Giselle.<\/p>\n<ol start=\"4\">\n<li><strong>T\u00edtulo<\/strong>: \u201cGeneralizaci\u00f3n de las funciones Gamma y Beta\u201d<\/li>\n<\/ol>\n<p><strong>\u00a0 \u00a0 \u00a0 \u00a0 \u00a0 Autores<\/strong>: Peralta, Rolando Javier ; Puente, M\u00f3nica Patricia y Peralta, Franco Rodrigo.<\/p>\n<ol start=\"5\">\n<li><strong>T\u00edtulo<\/strong>:\u201cModelado de la carga parasitaria de geo helmintos dentro de una comunidad\u201d.<\/li>\n<\/ol>\n<p><strong>\u00a0 \u00a0 \u00a0 \u00a0 \u00a0 Autores<\/strong>: \u00a0L\u00f3pez Gonzalo; Aparicio Juan y Krolewiecki Alejandro.<\/p>\n<hr \/>\n<ul>\n<li><strong><u>Ciencias de la educaci\u00f3n<\/u><\/strong><\/li>\n<\/ul>\n<ol>\n<li><strong>T\u00edtulo<\/strong>:\u00a0 \u201cEstrategias de Conteo y descubrimiento de patrones en problemas de Olimp\u00edadas Matem\u00e1ticas\u201d<\/li>\n<\/ol>\n<p><strong>\u00a0 \u00a0 \u00a0 \u00a0 \u00a0 Autores<\/strong>:\u00a0 Vosahlo Guillermina Emilia; P\u00e9rez Vosahlo Dania Constanza.<\/p>\n<ol start=\"2\">\n<li><strong>T\u00edtulo<\/strong>:\u201cSistema de representaciones\u201d<\/li>\n<\/ol>\n<p><strong>\u00a0 \u00a0 \u00a0 \u00a0 \u00a0 \u00a0Autores<\/strong>:\u00a0 \u00a0Carlos Alberto Mercado, Eduardo Miguel Z\u00e1rate.<\/p>\n<ol start=\"3\">\n<li><strong>T\u00edtulo<\/strong>:\u201cUso de las NTICS en los sistemas de representaciones\u201d<\/li>\n<\/ol>\n<p><strong>\u00a0 \u00a0 \u00a0 \u00a0 \u00a0 Autores<\/strong>: Ovejero, Ana Carolina; Tora\u00f1o, Emilce del Valle; Z\u00e1rate, Eduardo Miguel.<\/p>\n<ol start=\"4\">\n<li><strong>T\u00edtulo<\/strong>:\u201cGeogebra y la Teor\u00eda de las Situaciones Did\u00e1cticas\u201d<\/li>\n<\/ol>\n<p><strong>\u00a0 \u00a0 \u00a0 \u00a0 \u00a0 Autora<\/strong>: Monteros, Noelia Ana Lia.<\/p>\n<div><\/div>\n<hr \/>\n<p id=\"m_7869629271075755150gmail-h.p_TpGwsak14gAb\" class=\"m_7869629271075755150gmail-zfr3Q\"><strong>Fecha l\u00edmite<\/strong> de presentaci\u00f3n de resumen del poster: <strong> 27 de abril de 2018. <\/strong><\/p>\n<p id=\"m_7869629271075755150gmail-h.p_PHPvcykO4gAb\" class=\"m_7869629271075755150gmail-zfr3Q\">Los res\u00famenes ser\u00e1n evaluados por la comisi\u00f3n organizadora del encuentro y se notificar\u00e1 su aceptaci\u00f3n a partir del d\u00eda 1 de mayo de 2018. Aquellos trabajos que resulten admitidos deber\u00e1n ser presentados en el encuentro en formato de poster impreso cuyas medidas deben ser: 120 x 90 cm (vertical).<\/p>\n<p class=\"m_7869629271075755150gmail-zfr3Q\">LA FECHA DE EXPOSICI\u00d3N De CADA SESI\u00d3N SE PUBLICAR\u00c1N EN ESTA P\u00c1GINA A LA BREVEDAD.<\/p>\n<p class=\"m_7869629271075755150gmail-zfr3Q\"><strong> El encuentro contar\u00e1 con dos sesiones de posters:<\/strong><\/p>\n<p id=\"m_7869629271075755150gmail-h.p_9ARfU4fV4gAc\" class=\"m_7869629271075755150gmail-zfr3Q\"><strong>Sesi\u00f3n Matem\u00e1tica<\/strong>:<\/p>\n<p id=\"m_7869629271075755150gmail-h.p_f-jv0Gfx4gAc\" class=\"m_7869629271075755150gmail-zfr3Q\">Condiciones: Presentaci\u00f3n de investigaciones en curso o finalizadas de Matem\u00e1tica. La presentaci\u00f3n deber\u00e1 constar de: t\u00edtulo del trabajo, autores\/as, instituci\u00f3n, 3 palabras clave y un resumen de c\u00f3mo m\u00e1ximo 250 palabras.<\/p>\n<p id=\"m_7869629271075755150gmail-h.p_cHIvtnfU4gAd\" class=\"m_7869629271075755150gmail-zfr3Q\"><strong>Sesi\u00f3n Educaci\u00f3n Matem\u00e1tica<\/strong>:<\/p>\n<p id=\"m_7869629271075755150gmail-h.p_T0gJ7gGH4gAe\" class=\"m_7869629271075755150gmail-zfr3Q\">Condiciones: La presentaci\u00f3n puede tener dos modalidades: (i) experiencias de aula o (ii) investigaciones en curso o finalizadas en Educaci\u00f3n Matem\u00e1tica. El resumen deber\u00e1 constar de: modalidad de la presentaci\u00f3n, t\u00edtulo, autores\/as, instituci\u00f3n, nivel educativo y 3 palabras claves. Se deber\u00e1 detallar el problema, objetivos, metodolog\u00eda, resultados o resultados preliminares e implicancias del estudio en un resumen de entre 250 y 550 palabras.<\/p>\n<p id=\"m_7869629271075755150gmail-h.p_CWgEqtN74gAe\" class=\"m_7869629271075755150gmail-zfr3Q\"><strong>Enviar resumen en pdf a trav\u00e9s del formulario de inscripci\u00f3n o a <a class=\"m_7869629271075755150gmail-dhtgD\" href=\"mailto:erumabarilche2018@gmail.com\" target=\"_blank\" rel=\"noopener\">efernandez@herrera.unt.edu.ar<\/a><\/strong><\/p>\n","protected":false},"excerpt":{"rendered":"<p>cronograma general. D\u00eda a realizarse: Lunes 21 de Mayo Horarios: Los posters permanecer\u00e1n expuestos desde las 17:30 a 19:00hs. Los autores estar\u00e1n presentes de 18:00 a 19:00 hs. Lugar: Planta baja block 2 \u00a0\u00c1reas:\u00a0&#8220;Cient\u00edfica&#8221; y &#8220;Ciencias de la Educaci\u00f3n&#8221;. \u00a0\u00a0\u00a0\u00a0\u00a0\u00a0 Cient\u00edfica: T\u00edtulo:\u00a0 \u201cAn\u00e1lisis Matricial en L\u221e (Tk, Mn(C)) y potenciales convexos en espacios invariantes por [&hellip;]<\/p>\n","protected":false},"author":101011,"featured_media":0,"parent":344,"menu_order":30,"comment_status":"closed","ping_status":"closed","template":"","meta":[],"_links":{"self":[{"href":"https:\/\/www.facet.unt.edu.ar\/umatucuman2017\/wp-json\/wp\/v2\/pages\/389"}],"collection":[{"href":"https:\/\/www.facet.unt.edu.ar\/umatucuman2017\/wp-json\/wp\/v2\/pages"}],"about":[{"href":"https:\/\/www.facet.unt.edu.ar\/umatucuman2017\/wp-json\/wp\/v2\/types\/page"}],"author":[{"embeddable":true,"href":"https:\/\/www.facet.unt.edu.ar\/umatucuman2017\/wp-json\/wp\/v2\/users\/101011"}],"replies":[{"embeddable":true,"href":"https:\/\/www.facet.unt.edu.ar\/umatucuman2017\/wp-json\/wp\/v2\/comments?post=389"}],"version-history":[{"count":16,"href":"https:\/\/www.facet.unt.edu.ar\/umatucuman2017\/wp-json\/wp\/v2\/pages\/389\/revisions"}],"predecessor-version":[{"id":589,"href":"https:\/\/www.facet.unt.edu.ar\/umatucuman2017\/wp-json\/wp\/v2\/pages\/389\/revisions\/589"}],"up":[{"embeddable":true,"href":"https:\/\/www.facet.unt.edu.ar\/umatucuman2017\/wp-json\/wp\/v2\/pages\/344"}],"wp:attachment":[{"href":"https:\/\/www.facet.unt.edu.ar\/umatucuman2017\/wp-json\/wp\/v2\/media?parent=389"}],"curies":[{"name":"wp","href":"https:\/\/api.w.org\/{rel}","templated":true}]}}