{"id":425,"date":"2018-04-08T12:32:48","date_gmt":"2018-04-08T15:32:48","guid":{"rendered":"https:\/\/www.facet.unt.edu.ar\/umatucuman2017\/?page_id=425"},"modified":"2018-05-14T12:39:57","modified_gmt":"2018-05-14T15:39:57","slug":"comunicaciones-invitadas","status":"publish","type":"page","link":"https:\/\/www.facet.unt.edu.ar\/umatucuman2017\/actividades\/comunicaciones-invitadas\/","title":{"rendered":"Comunicaciones Invitadas"},"content":{"rendered":"<h2 style=\"text-align: center;\">\u00a0Sesiones de Comunicaciones Invitadas<\/h2>\n<p><a href=\"https:\/\/www.facet.unt.edu.ar\/umatucuman2017\/cronograma\/\" target=\"_blank\" rel=\"noopener\"><strong>cronograma general<\/strong>.<\/a><\/p>\n<p><strong>D\u00eda a realizarse:<\/strong> Martes 22 de Mayo a partir de las 12hs.<\/p>\n<p><strong>Lugar:<\/strong> Audit\u00f3rium de Luminotecnia Luz y sonido de la FaCET<\/p>\n<p><strong>Areas:<\/strong>\u00a0&#8220;Cient\u00edca&#8221; y &#8220;Ciencias de la Educaci\u00f3n&#8221;<\/p>\n<hr \/>\n<p><strong> <u>Cient\u00edfica<\/u><\/strong><\/p>\n<ol>\n<li><strong>T\u00edtulo<\/strong>: \u201cC\u00e1lculo del potencial el\u00e9ctrico de una nanopart\u00edcula de \u00f3xido de zinc en suspensi\u00f3n coloidal\u201d.<\/li>\n<\/ol>\n<p><strong>\u00a0 \u00a0 \u00a0 \u00a0 \u00a0 Autores: <\/strong>Silvina C. Real, M\u00f3nica C. Tirado y David Comedi<\/p>\n<hr \/>\n<p><strong>\u00a0 <u>Ciencias de la educaci\u00f3n<\/u><\/strong><\/p>\n<ol>\n<li><strong>T\u00edtulo<\/strong>:<strong>\u00a0<\/strong>\u201cEl aula virtual en la ense\u00f1anza de la Matem\u00e1tica en una Facultad de Econom\u00eda\u201d<\/li>\n<\/ol>\n<p><strong>Autores:<\/strong>\u00a0 \u00a0Fern\u00e1ndez, A\u00edda; Rodr\u00edguez Areal, Elsa; De Rosa, Elisa y Ledesma, Andrea.<\/p>\n<ol start=\"2\">\n<li><strong>T\u00edtulo<\/strong>: \u201cLa educaci\u00f3n matem\u00e1tica frente a los constantes desaf\u00edos de la actualidad\u201d<\/li>\n<\/ol>\n<p><strong>\u00a0 \u00a0 \u00a0 \u00a0 \u00a0 Autora:<\/strong>\u00a0 \u00a0\u00a0Mg Mar\u00eda Eugenia Roig.<\/p>\n<hr \/>\n<p>&nbsp;<\/p>\n","protected":false},"excerpt":{"rendered":"<p>\u00a0Sesiones de Comunicaciones Invitadas cronograma general. D\u00eda a realizarse: Martes 22 de Mayo a partir de las 12hs. Lugar: Audit\u00f3rium de Luminotecnia Luz y sonido de la FaCET Areas:\u00a0&#8220;Cient\u00edca&#8221; y &#8220;Ciencias de la Educaci\u00f3n&#8221; Cient\u00edfica T\u00edtulo: \u201cC\u00e1lculo del potencial el\u00e9ctrico de una nanopart\u00edcula de \u00f3xido de zinc en suspensi\u00f3n coloidal\u201d. \u00a0 \u00a0 \u00a0 \u00a0 \u00a0 [&hellip;]<\/p>\n","protected":false},"author":101011,"featured_media":0,"parent":344,"menu_order":40,"comment_status":"closed","ping_status":"closed","template":"","meta":[],"_links":{"self":[{"href":"https:\/\/www.facet.unt.edu.ar\/umatucuman2017\/wp-json\/wp\/v2\/pages\/425"}],"collection":[{"href":"https:\/\/www.facet.unt.edu.ar\/umatucuman2017\/wp-json\/wp\/v2\/pages"}],"about":[{"href":"https:\/\/www.facet.unt.edu.ar\/umatucuman2017\/wp-json\/wp\/v2\/types\/page"}],"author":[{"embeddable":true,"href":"https:\/\/www.facet.unt.edu.ar\/umatucuman2017\/wp-json\/wp\/v2\/users\/101011"}],"replies":[{"embeddable":true,"href":"https:\/\/www.facet.unt.edu.ar\/umatucuman2017\/wp-json\/wp\/v2\/comments?post=425"}],"version-history":[{"count":9,"href":"https:\/\/www.facet.unt.edu.ar\/umatucuman2017\/wp-json\/wp\/v2\/pages\/425\/revisions"}],"predecessor-version":[{"id":562,"href":"https:\/\/www.facet.unt.edu.ar\/umatucuman2017\/wp-json\/wp\/v2\/pages\/425\/revisions\/562"}],"up":[{"embeddable":true,"href":"https:\/\/www.facet.unt.edu.ar\/umatucuman2017\/wp-json\/wp\/v2\/pages\/344"}],"wp:attachment":[{"href":"https:\/\/www.facet.unt.edu.ar\/umatucuman2017\/wp-json\/wp\/v2\/media?parent=425"}],"curies":[{"name":"wp","href":"https:\/\/api.w.org\/{rel}","templated":true}]}}