{"id":524,"date":"2018-05-09T18:41:31","date_gmt":"2018-05-09T21:41:31","guid":{"rendered":"https:\/\/www.facet.unt.edu.ar\/umatucuman2017\/?page_id=524"},"modified":"2018-05-20T08:12:07","modified_gmt":"2018-05-20T11:12:07","slug":"jornadas-de-visibilidadfestival-de-matematica","status":"publish","type":"page","link":"https:\/\/www.facet.unt.edu.ar\/umatucuman2017\/actividades\/jornadas-de-visibilidadfestival-de-matematica\/","title":{"rendered":"Jornadas de Visibilidad(Festival de Matem\u00e1tica)"},"content":{"rendered":"<p>Para ver detalles de horarios y aulas consultar el <a href=\"https:\/\/www.facet.unt.edu.ar\/umatucuman2017\/cronograma\/\" rel=\"noopener\"><strong>cronograma<\/strong>.<\/a><\/p>\n<div>Invitamos a estudiantes, docentes y p\u00fablico en general a participar en<\/div>\n<div>el Festival de Matem\u00e1tica que se realizar\u00e1 en el marco del Encuentro Regional de la<\/div>\n<div>Uni\u00f3n Matem\u00e1tica Argentina en Tucum\u00e1n.<\/div>\n<div><\/div>\n<div><strong>Actividades:<\/strong><\/div>\n<div><\/div>\n<ul>\n<li>Juegos matem\u00e1ticos.<\/li>\n<\/ul>\n<div>Los juegos matem\u00e1ticos ponen en pr\u00e1ctica ideas, conceptos y teor\u00edas en una forma entretenida para los alumnos. Las estrategias involucradas pueden aplicarse luego para resolver problemas de las m\u00e1s diversas ramas del conocimiento, como la econom\u00eda o las ciencias sociales.<\/div>\n<div><\/div>\n<ul>\n<li>Arte matem\u00e1tico.<\/li>\n<\/ul>\n<div>A trav\u00e9s de software interactivo, los estudiantes podr\u00e1n crear sus propias obras de arte matem\u00e1tico, exponerlas y compartirlas on-line. Aprender\u00e1n en forma visual y atractiva los conceptos matem\u00e1ticos detr\u00e1s de los fractales, la geometr\u00eda del espacio y las leyes de la vida.<\/div>\n<div>Esta actividad es parte del proyecto &#8220;Moebius, imaginaci\u00f3n en las aulas&#8221; (<a href=\"http:\/\/moebius.dm.uba.ar\/\" target=\"_blank\" rel=\"noopener\" data-saferedirecturl=\"https:\/\/www.google.com\/url?hl=es-419&amp;q=http:\/\/moebius.dm.uba.ar&amp;source=gmail&amp;ust=1526566932957000&amp;usg=AFQjCNGxXjF0yyjcVzQm1Ix1Fr9W4iyZmg\">moebius.dm.uba.ar<\/a>).<\/div>\n<div><\/div>\n<div>\n<div><\/div>\n<\/div>\n","protected":false},"excerpt":{"rendered":"<p>Para ver detalles de horarios y aulas consultar el cronograma. Invitamos a estudiantes, docentes y p\u00fablico en general a participar en el Festival de Matem\u00e1tica que se realizar\u00e1 en el marco del Encuentro Regional de la Uni\u00f3n Matem\u00e1tica Argentina en Tucum\u00e1n. Actividades: Juegos matem\u00e1ticos. Los juegos matem\u00e1ticos ponen en pr\u00e1ctica ideas, conceptos y teor\u00edas en [&hellip;]<\/p>\n","protected":false},"author":101011,"featured_media":0,"parent":344,"menu_order":50,"comment_status":"closed","ping_status":"closed","template":"","meta":[],"_links":{"self":[{"href":"https:\/\/www.facet.unt.edu.ar\/umatucuman2017\/wp-json\/wp\/v2\/pages\/524"}],"collection":[{"href":"https:\/\/www.facet.unt.edu.ar\/umatucuman2017\/wp-json\/wp\/v2\/pages"}],"about":[{"href":"https:\/\/www.facet.unt.edu.ar\/umatucuman2017\/wp-json\/wp\/v2\/types\/page"}],"author":[{"embeddable":true,"href":"https:\/\/www.facet.unt.edu.ar\/umatucuman2017\/wp-json\/wp\/v2\/users\/101011"}],"replies":[{"embeddable":true,"href":"https:\/\/www.facet.unt.edu.ar\/umatucuman2017\/wp-json\/wp\/v2\/comments?post=524"}],"version-history":[{"count":6,"href":"https:\/\/www.facet.unt.edu.ar\/umatucuman2017\/wp-json\/wp\/v2\/pages\/524\/revisions"}],"predecessor-version":[{"id":601,"href":"https:\/\/www.facet.unt.edu.ar\/umatucuman2017\/wp-json\/wp\/v2\/pages\/524\/revisions\/601"}],"up":[{"embeddable":true,"href":"https:\/\/www.facet.unt.edu.ar\/umatucuman2017\/wp-json\/wp\/v2\/pages\/344"}],"wp:attachment":[{"href":"https:\/\/www.facet.unt.edu.ar\/umatucuman2017\/wp-json\/wp\/v2\/media?parent=524"}],"curies":[{"name":"wp","href":"https:\/\/api.w.org\/{rel}","templated":true}]}}