{"id":91,"date":"2018-04-08T11:00:09","date_gmt":"2018-04-08T14:00:09","guid":{"rendered":"https:\/\/www.facet.unt.edu.ar\/umatucuman2017\/?page_id=91"},"modified":"2018-05-20T08:14:21","modified_gmt":"2018-05-20T11:14:21","slug":"cronograma","status":"publish","type":"page","link":"https:\/\/www.facet.unt.edu.ar\/umatucuman2017\/cronograma\/","title":{"rendered":"Cronograma"},"content":{"rendered":"<p style=\"text-align: center;\"><strong>Abajo del cuadro est\u00e1n los detalles de horarios y lugar de realizaci\u00f3n de cada actividad:<\/strong><\/p>\n<p><img decoding=\"async\" loading=\"lazy\" class=\"aligncenter wp-image-554 size-full\" src=\"https:\/\/www.facet.unt.edu.ar\/umatucuman2017\/wp-content\/uploads\/sites\/53\/2018\/05\/09052018-cronograma2.jpg\" alt=\"\" width=\"391\" height=\"552\" srcset=\"https:\/\/www.facet.unt.edu.ar\/umatucuman2017\/wp-content\/uploads\/sites\/53\/2018\/05\/09052018-cronograma2.jpg 391w, https:\/\/www.facet.unt.edu.ar\/umatucuman2017\/wp-content\/uploads\/sites\/53\/2018\/05\/09052018-cronograma2-213x300.jpg 213w\" sizes=\"(max-width: 391px) 100vw, 391px\" \/><strong>Recuerde que el cronograma est\u00e1 sujeto a modificaciones.<\/strong><\/p>\n<h3><a href=\"https:\/\/www.facet.unt.edu.ar\/umatucuman2017\/ubicacion-y-planos\/\" rel=\"noopener\">Mapa de la ubicaci\u00f3n de aulas y anfiteatros para las actividades<\/a><\/h3>\n<h3><strong>Acreditaci\u00f3n<\/strong><\/h3>\n<p>El d\u00eda Lunes:<\/p>\n<ul>\n<li>8:30 a 10:00 hs. en\u00a0Legislatura Provincial- Mu\u00f1ecas 951- Hall Central.<\/li>\n<li>14:00 a 16:00 hs. en oficina 2-1-18 de la FACET.<\/li>\n<\/ul>\n<p>Los d\u00edas Martes y Mi\u00e9rcoles:<\/p>\n<ul>\n<li>8:00 a 10:00 hs en oficina 2-1-18 de la FACET.<\/li>\n<li>14:00 a 16:00 hs. en oficina 2-1-18 de la FACET.<\/li>\n<\/ul>\n<hr \/>\n<h3>Acto inaugural<\/h3>\n<p><span style=\"display: inline !important; float: none; background-color: transparent; color: #333333; cursor: text; font-family: Georgia,'Times New Roman','Bitstream Charter',Times,serif; font-size: 16px; font-style: normal; font-variant: normal; font-weight: 400; letter-spacing: normal; orphans: 2; text-align: left; text-decoration: none; text-indent: 0px; text-transform: none; -webkit-text-stroke-width: 0px; white-space: normal; word-spacing: 0px;\"><strong>Lugar:\u00a0<\/strong>Legislatura Provincial- Mu\u00f1ecas 951- Hall central.<\/span><\/p>\n<p><strong>Horario:\u00a0<\/strong>Lunes: de 11.30 a 12.00 hs;<\/p>\n<hr \/>\n<h3><a href=\"https:\/\/www.facet.unt.edu.ar\/umatucuman2017\/actividades\/talleres\/\" rel=\"noopener\"><strong>Taller 1: Invasi\u00f3n del pensamiento estad\u00edstico<\/strong><\/a><\/h3>\n<p><strong>Primer encuentro:<\/strong><\/p>\n<p><span style=\"display: inline !important; float: none; background-color: transparent; color: #333333; cursor: text; font-family: Georgia,'Times New Roman','Bitstream Charter',Times,serif; font-size: 16px; font-style: normal; font-variant: normal; font-weight: 400; letter-spacing: normal; orphans: 2; text-align: left; text-decoration: none; text-indent: 0px; text-transform: none; -webkit-text-stroke-width: 0px; white-space: normal; word-spacing: 0px;\"><strong>Lugar:\u00a0<\/strong>Legislatura Provincial- Mu\u00f1ecas 951- Hall central.<\/span><\/p>\n<p><strong>Horario:\u00a0<\/strong>Lunes: de 10.00 a 11.30 hs;<\/p>\n<p><strong>Segundo y tercer encuentro:<\/strong><\/p>\n<p><span style=\"display: inline !important; float: none; background-color: transparent; color: #333333; cursor: text; font-family: Georgia,'Times New Roman','Bitstream Charter',Times,serif; font-size: 16px; font-style: normal; font-variant: normal; font-weight: 400; letter-spacing: normal; orphans: 2; text-align: left; text-decoration: none; text-indent: 0px; text-transform: none; -webkit-text-stroke-width: 0px; white-space: normal; word-spacing: 0px;\"><strong>Lugar:<\/strong> Laboratorio de Inform\u00e1tica &#8211; Block 2 Planta Baja.<\/span><\/p>\n<p><strong>Horarios:<\/strong>\u00a0 Martes y Mi\u00e9rcoles: de 14.00 a 18.00 hs.<\/p>\n<p><strong>Docente responsable:<\/strong> Dra. Ana Mar\u00eda Sfer.<\/p>\n<p><strong><span style=\"color: #ff0000;\">Si el alumno puede, conviene que traiga computadora personal.<\/span><\/strong><\/p>\n<hr \/>\n<h3><a href=\"https:\/\/www.facet.unt.edu.ar\/umatucuman2017\/actividades\/talleres\/\" rel=\"noopener\"><strong>Taller 2: \u00a0M\u00f4ebius, imaginaci\u00f3n en las aulas<\/strong><\/a><\/h3>\n<p><strong>Lugar: <span style=\"display: inline !important; float: none; background-color: transparent; color: #333333; cursor: text; font-family: Georgia,'Times New Roman','Bitstream Charter',Times,serif; font-size: 16px; font-style: normal; font-variant: normal; font-weight: 400; letter-spacing: normal; orphans: 2; text-align: left; text-decoration: none; text-indent: 0px; text-transform: none; -webkit-text-stroke-width: 0px; white-space: normal; word-spacing: 0px;\">Laboratorio de Inform\u00e1tica &#8211; Block 2 Planta Baja.<\/span><\/strong><\/p>\n<p><b>Horarios:<\/b>\u00a0Lunes de 14.30 a 17.30 hs; Martes y Mi\u00e9rcoles: de 8.30 a 12 hs.<\/p>\n<p><b>Docente responsable:<\/b> Dr. Santiago Laplagne.<\/p>\n<p><strong><span style=\"text-align: left; color: #ff0000; text-transform: none; text-indent: 0px; letter-spacing: normal; font-family: Georgia,'Times New Roman','Bitstream Charter',Times,serif; font-size: 16px; font-style: normal; font-variant: normal; text-decoration: none; word-spacing: 0px; display: inline !important; white-space: normal; cursor: text; orphans: 2; float: none; -webkit-text-stroke-width: 0px; background-color: transparent;\">Si el alumno puede, conviene que traiga computadora personal.<\/span><\/strong><\/p>\n<hr \/>\n<h3><strong><a href=\"https:\/\/www.facet.unt.edu.ar\/umatucuman2017\/actividades\/cursos\/\" rel=\"noopener\">Curso 1: Estad\u00edstica<\/a><\/strong><\/h3>\n<p><strong>Lugar: <span style=\"display: inline !important; float: none; background-color: transparent; color: #333333; cursor: text; font-family: Georgia,'Times New Roman','Bitstream Charter',Times,serif; font-size: 16px; font-style: normal; font-variant: normal; font-weight: 400; letter-spacing: normal; orphans: 2; text-align: left; text-decoration: none; text-indent: 0px; text-transform: none; -webkit-text-stroke-width: 0px; white-space: normal; word-spacing: 0px;\">Aula 1.0.1 &#8211;<\/span> <\/strong>Block 1, Planta Baja.<\/p>\n<p><b>Horarios: <\/b>Lunes de 14.30 a 16.30; Martes y Mi\u00e9rcoles de 8.00 a 10.00hs.<\/p>\n<p><b>Docente responsable:<\/b> <span style=\"display: inline !important; float: none; background-color: transparent; color: #333333; cursor: text; font-family: Georgia,'Times New Roman','Bitstream Charter',Times,serif; font-size: 16px; font-style: normal; font-variant: normal; font-weight: 400; letter-spacing: normal; orphans: 2; text-align: left; text-decoration: none; text-indent: 0px; text-transform: none; -webkit-text-stroke-width: 0px; white-space: normal; word-spacing: 0px;\">Dra. Mar\u00eda Laura Nores<\/span>.<strong>\u00a0<\/strong><\/p>\n<hr \/>\n<h3><a href=\"https:\/\/www.facet.unt.edu.ar\/umatucuman2017\/actividades\/cursos\/\" rel=\"noopener\"><strong>Curso 2: Ecuaciones Diferenciales<\/strong><\/a><\/h3>\n<p><strong>Lugar: <\/strong>Aula 1.0.1<strong> &#8211; <\/strong>Block 1, Planta Baja.<\/p>\n<p><b>Horarios: <\/b>Lunes 16.30 a 18.30hs; Martes y Mi\u00e9rcoles de 10.00 a 12.00hs<\/p>\n<p><b>Docente responsable:<\/b> Dra. Joana Terra.<\/p>\n<hr \/>\n<h3><a href=\"https:\/\/www.facet.unt.edu.ar\/umatucuman2017\/actividades\/conferencias\/\" rel=\"noopener\"><strong>Conferencias: <\/strong><\/a><\/h3>\n<ul>\n<li><strong>Conferencia 1:<\/strong> Lunes 12.00 hs<\/li>\n<\/ul>\n<p><strong>\u00a0 \u00a0 \u00a0 \u00a0 \u00a0 Lugar: <\/strong>Legislatura Provincial- Mu\u00f1ecas 951- Hall central.<\/p>\n<ul>\n<li><strong><span style=\"float: none; background-color: transparent; color: #333333; cursor: text; font-family: Georgia, 'Times New Roman', 'Bitstream Charter', Times, serif; font-size: 16px; font-style: normal; font-variant: normal; letter-spacing: normal; orphans: 2; text-align: left; text-decoration: none; text-indent: 0px; text-transform: none; -webkit-text-stroke-width: 0px; white-space: normal; word-spacing: 0px; display: inline !important;\">Conferencia 2 : <\/span><\/strong>Martes 18.00 hs<\/li>\n<\/ul>\n<p><strong>\u00a0 \u00a0 \u00a0 \u00a0 \u00a0 \u00a0Lugar: <span style=\"display: inline !important; float: none; background-color: transparent; color: #333333; cursor: text; font-family: Georgia,'Times New Roman','Bitstream Charter',Times,serif; font-size: 16px; font-style: normal; font-variant: normal; font-weight: 400; letter-spacing: normal; orphans: 2; text-align: left; text-decoration: none; text-indent: 0px; text-transform: none; -webkit-text-stroke-width: 0px; white-space: normal; word-spacing: 0px;\">Audit\u00f3rium Visi\u00f3n y Sonido, Luminotecnia<\/span> .<\/strong><\/p>\n<ul>\n<li><span style=\"display: inline !important; float: none; background-color: transparent; color: #333333; cursor: text; font-family: Georgia,'Times New Roman','Bitstream Charter',Times,serif; font-size: 16px; font-style: normal; font-variant: normal; font-weight: 400; letter-spacing: normal; orphans: 2; text-align: left; text-decoration: none; text-indent: 0px; text-transform: none; -webkit-text-stroke-width: 0px; white-space: normal; word-spacing: 0px;\"><strong>Conferencia 3:<\/strong>\u00a0<\/span> Mi\u00e9rcoles 18.00hs.<strong>\u00a0 \u00a0<\/strong><\/li>\n<\/ul>\n<p><strong>\u00a0 \u00a0 \u00a0 \u00a0 \u00a0 Lugar: <span style=\"display: inline !important; float: none; background-color: transparent; color: #333333; cursor: text; font-family: Georgia,'Times New Roman','Bitstream Charter',Times,serif; font-size: 16px; font-style: normal; font-variant: normal; font-weight: 400; letter-spacing: normal; orphans: 2; text-align: left; text-decoration: none; text-indent: 0px; text-transform: none; -webkit-text-stroke-width: 0px; white-space: normal; word-spacing: 0px;\">Audit\u00f3rium Visi\u00f3n y Sonido, Luminotecnia<\/span> .<\/strong><\/p>\n<p><a href=\"https:\/\/www.facet.unt.edu.ar\/umatucuman2017\/actividades\/conferencias\/\" rel=\"noopener\">T\u00edtulos, disertantes y res\u00famenes.\u00a0<\/a><\/p>\n<hr \/>\n<h3><strong>\u00a0<\/strong><a href=\"https:\/\/www.facet.unt.edu.ar\/umatucuman2017\/actividades\/posters\/\" rel=\"noopener\"><strong>\u00a0Posters<\/strong><\/a><\/h3>\n<p><strong>Lugar: <span style=\"display: inline !important; float: none; background-color: transparent; color: #333333; cursor: text; font-family: Georgia,'Times New Roman','Bitstream Charter',Times,serif; font-size: 16px; font-style: normal; font-variant: normal; font-weight: 400; letter-spacing: normal; orphans: 2; text-align: left; text-decoration: none; text-indent: 0px; text-transform: none; -webkit-text-stroke-width: 0px; white-space: normal; word-spacing: 0px;\">Planta Baja del Block 2<\/span><\/strong> .<\/p>\n<p><b>Horarios: <\/b>Los posters estar\u00e1n expuestos el Lunes 21 de Mayo de 17 a 18 hs. exposici\u00f3n,<\/p>\n<p>Los autores estar\u00e1n presentes de 18 a 19.<\/p>\n<p><a href=\"https:\/\/www.facet.unt.edu.ar\/umatucuman2017\/actividades\/posters\/\" target=\"_blank\" rel=\"noopener\">Detalles de los posters presentados<\/a><\/p>\n<hr \/>\n<h3><a href=\"https:\/\/www.facet.unt.edu.ar\/umatucuman2017\/actividades\/comunicaciones-invitadas\/\" rel=\"noopener\">Jornadas de Comunicaciones invitadas:<\/a><\/h3>\n<p><strong>Lugar:<\/strong> Audit\u00f3rium Visi\u00f3n y Sonido, Luminotecnia.<\/p>\n<p><b>Horarios: <\/b>Las comunicaciones se llevar\u00e1n a cabo el d\u00eda Martes 22 de Mayo a partir de las 12 hs.<\/p>\n<p><a href=\"https:\/\/www.facet.unt.edu.ar\/umatucuman2017\/actividades\/comunicaciones-invitadas\/\" target=\"_blank\" rel=\"noopener\">Detalles de las comunicaciones presentadas<\/a><\/p>\n<hr \/>\n<h3><strong>\u00a0<a href=\"https:\/\/www.facet.unt.edu.ar\/umatucuman2017\/actividades\/jornadas-de-resolucion-de-problemas\/\" rel=\"noopener\">Jornadas de Resoluci\u00f3n de Problemas<\/a><\/strong>:<\/h3>\n<p><strong>Lugar:<\/strong>\u00a0 Block 2, Planta Baja.<\/p>\n<p><span style=\"display: inline !important; float: none; background-color: transparent; color: #333333; cursor: text; font-family: Georgia,'Times New Roman','Bitstream Charter',Times,serif; font-size: 16px; font-style: normal; font-variant: normal; font-weight: 400; letter-spacing: normal; orphans: 2; text-align: left; text-decoration: none; text-indent: 0px; text-transform: none; -webkit-text-stroke-width: 0px; white-space: normal; word-spacing: 0px;\"><strong>Horario:<\/strong> Martes de 16 a 18 hs.<\/span><\/p>\n<hr \/>\n<h3><strong><a href=\"https:\/\/www.facet.unt.edu.ar\/umatucuman2017\/actividades\/jornadas-de-visibilidad\/\" target=\"_blank\" rel=\"noopener\">Jornada de Visibilidad<\/a>\u00a0(Festival de Matem\u00e1tica)<\/strong><\/h3>\n<p><strong>Lugar:<\/strong>\u00a0 Aula 2-4-8, 4to piso Block 2.<\/p>\n<p><span style=\"display: inline !important; float: none; background-color: transparent; color: #333333; cursor: text; font-family: Georgia,'Times New Roman','Bitstream Charter',Times,serif; font-size: 16px; font-style: normal; font-variant: normal; font-weight: 400; letter-spacing: normal; orphans: 2; text-align: left; text-decoration: none; text-indent: 0px; text-transform: none; -webkit-text-stroke-width: 0px; white-space: normal; word-spacing: 0px;\"><strong>Horario:<\/strong> Martes de 16 a 18 hs.<\/span><\/p>\n<hr \/>\n<h3>Cafecito de intervalos<\/h3>\n<p>en aula 2-4-9,\u00a04to piso Block 2.<\/p>\n<p><strong>\u00a0<\/strong><\/p>\n<p>&nbsp;<\/p>\n","protected":false},"excerpt":{"rendered":"<p>Abajo del cuadro est\u00e1n los detalles de horarios y lugar de realizaci\u00f3n de cada actividad: Recuerde que el cronograma est\u00e1 sujeto a modificaciones. Mapa de la ubicaci\u00f3n de aulas y anfiteatros para las actividades Acreditaci\u00f3n El d\u00eda Lunes: 8:30 a 10:00 hs. en\u00a0Legislatura Provincial- Mu\u00f1ecas 951- Hall Central. 14:00 a 16:00 hs. en oficina 2-1-18 [&hellip;]<\/p>\n","protected":false},"author":101011,"featured_media":0,"parent":0,"menu_order":10,"comment_status":"closed","ping_status":"closed","template":"","meta":[],"_links":{"self":[{"href":"https:\/\/www.facet.unt.edu.ar\/umatucuman2017\/wp-json\/wp\/v2\/pages\/91"}],"collection":[{"href":"https:\/\/www.facet.unt.edu.ar\/umatucuman2017\/wp-json\/wp\/v2\/pages"}],"about":[{"href":"https:\/\/www.facet.unt.edu.ar\/umatucuman2017\/wp-json\/wp\/v2\/types\/page"}],"author":[{"embeddable":true,"href":"https:\/\/www.facet.unt.edu.ar\/umatucuman2017\/wp-json\/wp\/v2\/users\/101011"}],"replies":[{"embeddable":true,"href":"https:\/\/www.facet.unt.edu.ar\/umatucuman2017\/wp-json\/wp\/v2\/comments?post=91"}],"version-history":[{"count":58,"href":"https:\/\/www.facet.unt.edu.ar\/umatucuman2017\/wp-json\/wp\/v2\/pages\/91\/revisions"}],"predecessor-version":[{"id":602,"href":"https:\/\/www.facet.unt.edu.ar\/umatucuman2017\/wp-json\/wp\/v2\/pages\/91\/revisions\/602"}],"wp:attachment":[{"href":"https:\/\/www.facet.unt.edu.ar\/umatucuman2017\/wp-json\/wp\/v2\/media?parent=91"}],"curies":[{"name":"wp","href":"https:\/\/api.w.org\/{rel}","templated":true}]}}