{"id":136,"date":"2022-05-05T14:51:03","date_gmt":"2022-05-05T14:51:03","guid":{"rendered":"https:\/\/www.facet.unt.edu.ar\/utd\/?page_id=136"},"modified":"2022-11-25T00:07:06","modified_gmt":"2022-11-25T00:07:06","slug":"inicio-2","status":"publish","type":"page","link":"https:\/\/www.facet.unt.edu.ar\/utd\/inicio-2\/","title":{"rendered":"inicio 2"},"content":{"rendered":"<div id=\"pl-136\"  class=\"panel-layout\" ><div id=\"pg-136-0\"  class=\"panel-grid panel-has-style\" ><div class=\"wide-grey panel-row-style panel-row-style-for-136-0\" ><div id=\"pgc-136-0-0\"  class=\"panel-grid-cell\" ><div id=\"panel-136-0-0-0\" class=\"so-panel widget widget_sow-slider panel-first-child panel-last-child\" data-index=\"0\" ><div\n\t\t\t\n\t\t\tclass=\"so-widget-sow-slider so-widget-sow-slider-default-53fd0f98de19-136\"\n\t\t\t\n\t\t><div class=\"sow-slider-base\" style=\"display: none\"><ul\n\t\t\t\t\tclass=\"sow-slider-images\"\n\t\t\t\t\tdata-settings=\"{&quot;pagination&quot;:true,&quot;speed&quot;:800,&quot;timeout&quot;:2000,&quot;paused&quot;:false,&quot;pause_on_hover&quot;:false,&quot;swipe&quot;:true,&quot;nav_always_show_desktop&quot;:&quot;&quot;,&quot;nav_always_show_mobile&quot;:&quot;&quot;,&quot;breakpoint&quot;:&quot;780px&quot;,&quot;unmute&quot;:false,&quot;anchor&quot;:null}\"\n\t\t\t\t\t\t\t\t\t\tdata-anchor-id=\"\"\n\t\t\t\t>\t\t<li class=\"sow-slider-image\" style=\"visibility: visible;;cursor: pointer;\" data-url=\"{&quot;url&quot;:&quot;https:\\\/\\\/www.facet.unt.edu.ar\\\/utd\\\/todo-lo-que-tenes-que-saber-sobre-la-utd-unt\\\/&quot;,&quot;new_window&quot;:false}\" >\n\t\t\t\t\t\t<div class=\"sow-slider-image-container\">\n\t\t\t\t<div class=\"sow-slider-image-wrapper\" style=\"max-width: 1000px\">\n\t\t\t\t\t\t\t\t\t\t\t<a href=\"https:\/\/www.facet.unt.edu.ar\/utd\/todo-lo-que-tenes-que-saber-sobre-la-utd-unt\/\"\n\t\t\t\t\t\t>\n\t\t\t\t\t\t\t\t\t\t<div class=\"sow-slider-image-foreground-wrapper\">\n\t\t\t\t\t\t<img width=\"1000\" height=\"500\" src=\"https:\/\/www.facet.unt.edu.ar\/utd\/wp-content\/uploads\/sites\/82\/2022\/05\/todo-lo-que-tenes-que-saber.png\" class=\"sow-slider-foreground-image skip-lazy\" alt=\"\" decoding=\"async\" loading=\"eager\" style=\"\" \/>\t\t\t\t\t<\/div>\n\t\t\t\t\t\t\t\t\t\t\t<\/a>\n\t\t\t\t\t\t\t\t\t<\/div>\n\t\t\t<\/div>\n\t\t\t\t\t<\/li>\n\t\t<\/ul>\t\t\t\t<ol class=\"sow-slider-pagination\">\n\t\t\t\t\t\t\t\t\t\t\t<li><a href=\"#\" data-goto=\"0\" aria-label=\"mostrar diapositiva 1\"><\/a><\/li>\n\t\t\t\t\t\t\t\t\t<\/ol>\n\n\t\t\t\t<div class=\"sow-slide-nav sow-slide-nav-next\">\n\t\t\t\t\t<a href=\"#\" data-goto=\"next\" aria-label=\"diapositiva siguiente\" data-action=\"next\">\n\t\t\t\t\t\t<em class=\"sow-sld-icon-thin-right\"><\/em>\n\t\t\t\t\t<\/a>\n\t\t\t\t<\/div>\n\n\t\t\t\t<div class=\"sow-slide-nav sow-slide-nav-prev\">\n\t\t\t\t\t<a href=\"#\" data-goto=\"previous\" aria-label=\"diapositiva anterior\" data-action=\"prev\">\n\t\t\t\t\t\t<em class=\"sow-sld-icon-thin-left\"><\/em>\n\t\t\t\t\t<\/a>\n\t\t\t\t<\/div>\n\t\t\t\t<\/div><\/div><\/div><\/div><\/div><\/div><div id=\"pg-136-1\"  class=\"panel-grid panel-no-style\" ><div id=\"pgc-136-1-0\"  class=\"panel-grid-cell\" ><div id=\"panel-136-1-0-0\" class=\"so-panel widget widget_circleicon-widget panel-first-child panel-last-child\" data-index=\"1\" >\t\t<div class=\"circle-icon-box circle-icon-position-top circle-icon-hide-box circle-icon-size-medium\">\n\t\t\t<div class=\"circle-icon-wrapper\">\n\t\t\t\t\t\t\t\t<div class=\"circle-icon icon-style-set\" style=\"background-color: #72cbf0\">\n\t\t\t\t\t<div class=\"fa fa-question icon-color-set\" style=\"color: #ffffff\"><\/div>\t\t\t\t<\/div>\n\t\t\t\t\t\t\t<\/div>\n\n\t\t\t\t\t\t<h4 style=\"color: #545454\">\u00bfQu\u00e9 es una UTD?<\/h4>\t\t\t\n\t\t\t<p class=\"text\" style=\"color: #545454\">Las Unidades de Transformaci\u00f3n Digital son entidades sin fines de lucro que desarrollar\u00e1n acciones de sensibilizaci\u00f3n, asesoramiento y asistencia t\u00e9cnica, para acompa\u00f1ar a las PyMEs en su transformaci\u00f3n digital.<\/p>\t\t\t\t\t<\/div>\n\t\t<\/div><\/div><div id=\"pgc-136-1-1\"  class=\"panel-grid-cell\" ><div id=\"panel-136-1-1-0\" class=\"so-panel widget widget_circleicon-widget panel-first-child panel-last-child\" data-index=\"2\" >\t\t<div class=\"circle-icon-box circle-icon-position-top circle-icon-hide-box circle-icon-size-medium\">\n\t\t\t<div class=\"circle-icon-wrapper\">\n\t\t\t\t<a href=\"https:\/\/www.facet.unt.edu.ar\/utd\/actividades-de-la-utd-unt-en-las-que-puede-participar-tu-empresa\/\" class=\"link-icon\" >\t\t\t\t<div class=\"circle-icon icon-style-set\" style=\"background-color: #72cbf0\">\n\t\t\t\t\t<div class=\"fa fa-user icon-color-set\" style=\"color: #ffffff\"><\/div>\t\t\t\t<\/div>\n\t\t\t\t<\/a>\t\t\t<\/div>\n\n\t\t\t<a href=\"https:\/\/www.facet.unt.edu.ar\/utd\/actividades-de-la-utd-unt-en-las-que-puede-participar-tu-empresa\/\" class=\"link-title\" >\t\t\t<h4 style=\"color: #545454\">\u00bfEn qu\u00e9 actividades de la UTD UNT puede participar mi empresa?<\/h4>\t\t\t<\/a>\n\t\t\t<p class=\"text\" style=\"color: #545454\">Seminarios 4.0 , Taller de sensibilizaci\u00f3n,  Asistencia t\u00e9cnicas para las empresas que lo requieran, Implementaci\u00f3n del plan de transformaci\u00f3n digital.<\/p>\t\t\t\t\t\t\t<a href=\"https:\/\/www.facet.unt.edu.ar\/utd\/actividades-de-la-utd-unt-en-las-que-puede-participar-tu-empresa\/\" class=\"more-button\" >Conoc\u00e9 m\u00e1s sobre las actividades que ofrece la UTD-UNT <i><\/i><\/a>\n\t\t\t\t\t<\/div>\n\t\t<\/div><\/div><div id=\"pgc-136-1-2\"  class=\"panel-grid-cell\" ><div id=\"panel-136-1-2-0\" class=\"so-panel widget widget_circleicon-widget panel-first-child panel-last-child\" data-index=\"3\" >\t\t<div class=\"circle-icon-box circle-icon-position-top circle-icon-hide-box circle-icon-size-medium\">\n\t\t\t<div class=\"circle-icon-wrapper\">\n\t\t\t\t<a href=\"https:\/\/www.facet.unt.edu.ar\/utd\/2022\/08\/24\/2do-seminario-ciberseguridad-y-firma-digital\/\" class=\"link-icon\" target=\"_blank\">\t\t\t\t<div class=\"circle-icon icon-style-set\" style=\"background-image: url(https:\/\/forms.gle\/whDwDAzhgQf3fsGv6);background-color: #72cbf0\">\n\t\t\t\t\t<div class=\"fa fa-arrow-circle-o-up icon-color-set\" style=\"color: #ffffff\"><\/div>\t\t\t\t<\/div>\n\t\t\t\t<\/a>\t\t\t<\/div>\n\n\t\t\t<a href=\"https:\/\/www.facet.unt.edu.ar\/utd\/2022\/08\/24\/2do-seminario-ciberseguridad-y-firma-digital\/\" class=\"link-title\" target=\"_blank\">\t\t\t<h4 style=\"color: #545454\">Quiero participar<\/h4>\t\t\t<\/a>\n\t\t\t<p class=\"text\" style=\"color: #545454\">Pod\u00e9s acceder a capacitaciones y asesor\u00edas t\u00e9cnicas para potenciar tu negocio, de manera gratuita.<\/p>\t\t\t\t\t\t\t<a href=\"https:\/\/www.facet.unt.edu.ar\/utd\/2022\/08\/24\/2do-seminario-ciberseguridad-y-firma-digital\/\" class=\"more-button\" target=\"_blank\">M\u00e1s informaci\u00f3n <i><\/i><\/a>\n\t\t\t\t\t<\/div>\n\t\t<\/div><\/div><\/div><div id=\"pg-136-2\"  class=\"panel-grid panel-no-style\" ><div id=\"pgc-136-2-0\"  class=\"panel-grid-cell panel-grid-cell-empty\" ><\/div><div id=\"pgc-136-2-1\"  class=\"panel-grid-cell panel-grid-cell-empty panel-grid-cell-mobile-last\" ><\/div><div id=\"pgc-136-2-2\"  class=\"panel-grid-cell panel-grid-cell-empty\" ><\/div><\/div><div id=\"pg-136-3\"  class=\"panel-grid panel-no-style\" ><div id=\"pgc-136-3-0\"  class=\"panel-grid-cell\" ><div id=\"panel-136-3-0-0\" class=\"so-panel widget widget_block panel-first-child\" data-index=\"4\" ><p><img decoding=\"async\" loading=\"lazy\" src=\"https:\/\/www.facet.unt.edu.ar\/utd\/wp-content\/uploads\/sites\/82\/2022\/11\/1.png\" width=\"250\" height=\"250\" alt=\"\" \/><\/p>\n<p>\u26a0\ufe0fSeminario Virtual: \"Marketing Digital para Empresas\"\u26a0\ufe0f<\/p>\n<p>La Unidad de Transformaci&oacute;n Digital de la UNT invita a las MiPyMEs del NOA (Tucum&aacute;n-Salta- Jujuy &ndash; Santiago del Estero y Catamarca), a participar del seminario &ldquo;Marketing Digital para Empresas&rdquo;, que se llevar&aacute; a cabo en un encuentro virtual.<\/p>\n<p>En el encuentro la Especialista en Marketing Digital Ing. Sof&iacute;a Reales Raffini, expondr&aacute; sobre &ldquo;Marketing Digital para Empresas&rdquo;.<\/p>\n<p><a href=\"https:\/\/www.facet.unt.edu.ar\/utd\/2022\/11\/24\/%e2%9a%a0%ef%b8%8fseminario-virtual-marketing-digital-para-empresas%e2%9a%a0%ef%b8%8f\/\">M&aacute;s informaci&oacute;n aqu&iacute;<\/a><span>&nbsp;<\/span><\/p>\n<p>\ud83d\udccc<a href=\"https:\/\/forms.gle\/Lmrc2AE8aPdrBRDT7\">INSCRIBITE<\/a><\/p>\n<p>\ud83d\uddd3\ufe0fFecha: Martes 29 de noviembre<\/p>\n<p>\u23f0Horario: 18:00 a 21:00 hs<\/p>\n<p>\ud83d\udcbbModalidad virtual: Plataforma ZOOM<br \/>Actividad gratuita<\/p><\/div><div id=\"panel-136-3-0-1\" class=\"so-panel widget widget_siteorigin-panels-postloop\" data-index=\"5\" ><div class=\"carousel-de-noticias panel-widget-style panel-widget-style-for-136-3-0-1\" ><h3 class=\"widget-title\"><span class=\"vantage-carousel-title\"><span class=\"vantage-carousel-title-text\">Portal de Noticias<\/span><a href=\"#\" class=\"next\" title=\"Siguiente\"><span class=\"vantage-icon-arrow-right\"><\/span><\/a><a href=\"#\" class=\"previous\" title=\"Anterior\"><span class=\"vantage-icon-arrow-left\"><\/span><\/a><\/span><\/h3><div class=\"vantage-carousel-wrapper\">\n\n\t\n\t<ul class=\"vantage-carousel\" data-query=\"{&quot;post_status&quot;:&quot;publish&quot;,&quot;posts_per_page&quot;:4,&quot;post_type&quot;:&quot;post&quot;,&quot;tax_query&quot;:{&quot;relation&quot;:&quot;OR&quot;,&quot;0&quot;:{&quot;taxonomy&quot;:&quot;category&quot;,&quot;field&quot;:&quot;slug&quot;,&quot;terms&quot;:&quot;noticias&quot;}},&quot;tax_query_relation&quot;:&quot;OR&quot;,&quot;date_type&quot;:&quot;specific&quot;,&quot;date_query&quot;:{&quot;after&quot;:&quot;&quot;,&quot;before&quot;:&quot;&quot;,&quot;inclusive&quot;:true},&quot;date_query_relative&quot;:&quot;{\\&quot;from\\&quot;:{\\&quot;value\\&quot;:0,\\&quot;unit\\&quot;:\\&quot;days\\&quot;},\\&quot;to\\&quot;:{\\&quot;value\\&quot;:0,\\&quot;unit\\&quot;:\\&quot;days\\&quot;}}&quot;,&quot;orderby&quot;:&quot;date&quot;,&quot;order&quot;:&quot;DESC&quot;,&quot;post__not_in&quot;:[136,136],&quot;paged&quot;:1,&quot;category_name&quot;:&quot;noticias&quot;,&quot;cat&quot;:4,&quot;lazy_load_term_meta&quot;:true}\" data-ajax-url=\"https:\/\/www.facet.unt.edu.ar\/utd\/wp-admin\/admin-ajax.php\">\n\t\t\t\t\t<li class=\"carousel-entry\">\n\t\t\t\t<div class=\"thumbnail\">\n\t\t\t\t\t\t\t\t\t\t\t\t\t\t\t\t<a href=\"https:\/\/www.facet.unt.edu.ar\/utd\/2022\/11\/24\/%e2%9a%a0%ef%b8%8fseminario-virtual-marketing-digital-para-empresas%e2%9a%a0%ef%b8%8f\/\" style=\"background-image: url(https:\/\/www.facet.unt.edu.ar\/utd\/wp-content\/uploads\/sites\/82\/2022\/11\/1.png)\">\n\t\t\t\t\t\t\t<span class=\"sow-overlay\"><\/span>\n\t\t\t\t\t\t<\/a>\n\t\t\t\t\t\t\t\t\t<\/div>\n\t\t\t\t\t\t\t\t<h3><a href=\"https:\/\/www.facet.unt.edu.ar\/utd\/2022\/11\/24\/%e2%9a%a0%ef%b8%8fseminario-virtual-marketing-digital-para-empresas%e2%9a%a0%ef%b8%8f\/\">\u26a0\ufe0fSeminario Virtual: &#8220;Marketing Digital para Empresas&#8221;\u26a0\ufe0f<\/a><\/h3>\n\t\t\t<\/li>\n\t\t\t\t\t<li class=\"carousel-entry\">\n\t\t\t\t<div class=\"thumbnail\">\n\t\t\t\t\t\t\t\t\t\t\t\t\t\t\t\t<a href=\"https:\/\/www.facet.unt.edu.ar\/utd\/2022\/11\/11\/3er-taller-de-sensibilizacion-beneficios-y-desafios-de-la-transformacion-digital\/\" style=\"background-image: url(https:\/\/www.facet.unt.edu.ar\/utd\/wp-content\/uploads\/sites\/82\/2022\/11\/Taller-dia-Miercoles-16.png)\">\n\t\t\t\t\t\t\t<span class=\"sow-overlay\"><\/span>\n\t\t\t\t\t\t<\/a>\n\t\t\t\t\t\t\t\t\t<\/div>\n\t\t\t\t\t\t\t\t<h3><a href=\"https:\/\/www.facet.unt.edu.ar\/utd\/2022\/11\/11\/3er-taller-de-sensibilizacion-beneficios-y-desafios-de-la-transformacion-digital\/\">3er Taller de &#8220;Sensibilizaci\u00f3n: Beneficios y Desaf\u00edos de la Transformaci\u00f3n Digital&#8221;<\/a><\/h3>\n\t\t\t<\/li>\n\t\t\t\t\t<li class=\"carousel-entry\">\n\t\t\t\t<div class=\"thumbnail\">\n\t\t\t\t\t\t\t\t\t\t\t\t\t\t\t\t<a href=\"https:\/\/www.facet.unt.edu.ar\/utd\/2022\/08\/24\/2do-seminario-ciberseguridad-y-firma-digital\/\" style=\"background-image: url(https:\/\/www.facet.unt.edu.ar\/utd\/wp-content\/uploads\/sites\/82\/2022\/08\/SEMINARIO-1.png)\">\n\t\t\t\t\t\t\t<span class=\"sow-overlay\"><\/span>\n\t\t\t\t\t\t<\/a>\n\t\t\t\t\t\t\t\t\t<\/div>\n\t\t\t\t\t\t\t\t<h3><a href=\"https:\/\/www.facet.unt.edu.ar\/utd\/2022\/08\/24\/2do-seminario-ciberseguridad-y-firma-digital\/\">2do Seminario &#8220;Ciberseguridad y Firma Digital&#8221;<\/a><\/h3>\n\t\t\t<\/li>\n\t\t\t\t\t<li class=\"carousel-entry\">\n\t\t\t\t<div class=\"thumbnail\">\n\t\t\t\t\t\t\t\t\t\t\t\t\t\t\t\t<a href=\"https:\/\/www.facet.unt.edu.ar\/utd\/2022\/08\/09\/2da-parte-del-2do-taller-beneficios-y-desafios-de-la-transformacion-digital\/\" style=\"background-image: url(https:\/\/www.facet.unt.edu.ar\/utd\/wp-content\/uploads\/sites\/82\/2022\/08\/INSTAGRAM-Y-WEB-2-1080-\u00d7-1350-px-1.png)\">\n\t\t\t\t\t\t\t<span class=\"sow-overlay\"><\/span>\n\t\t\t\t\t\t<\/a>\n\t\t\t\t\t\t\t\t\t<\/div>\n\t\t\t\t\t\t\t\t<h3><a href=\"https:\/\/www.facet.unt.edu.ar\/utd\/2022\/08\/09\/2da-parte-del-2do-taller-beneficios-y-desafios-de-la-transformacion-digital\/\">2da parte del 2do Taller &#8220;Beneficios y Desaf\u00edos de la Transformaci\u00f3n Digital&#8221;<\/a><\/h3>\n\t\t\t<\/li>\n\t\t\t<\/ul>\n<\/div>\n<\/div><\/div><div id=\"panel-136-3-0-2\" class=\"so-panel widget widget_vantage-social-media panel-last-child\" data-index=\"6\" ><h3 class=\"widget-title\">Contacto<\/h3><a class=\"social-media-icon social-media-icon-facebook social-media-icon-size-large\" href=\"https:\/\/www.facebook.com\/UTDUNT\" title=\"Unidad de Transformaci\u00f3n Digital Facebook\" target=\"_blank\"><span class=\"fa fa-facebook\"><\/span><\/a><a class=\"social-media-icon social-media-icon-twitter social-media-icon-size-large\" href=\"https:\/\/twitter.com\/UTD_UNT\" title=\"Unidad de Transformaci\u00f3n Digital Twitter\" target=\"_blank\"><span class=\"fa fa-twitter\"><\/span><\/a><a class=\"social-media-icon social-media-icon-instagram social-media-icon-size-large\" href=\"https:\/\/www.instagram.com\/utd.unt\" title=\"Unidad de Transformaci\u00f3n Digital Instagram\" target=\"_blank\"><span class=\"fa fa-instagram\"><\/span><\/a><a class=\"social-media-icon social-media-icon-envelope social-media-icon-size-large\" href=\"mailto:utd@herrera.unt.edu.ar\" title=\"Unidad de Transformaci\u00f3n Digital Correo electr\u00f3nico\" target=\"_blank\"><span class=\"fa fa-envelope\"><\/span><\/a><\/div><\/div><\/div><\/div>","protected":false},"excerpt":{"rendered":"","protected":false},"author":1,"featured_media":0,"parent":0,"menu_order":0,"comment_status":"closed","ping_status":"closed","template":"home-panels.php","meta":[],"_links":{"self":[{"href":"https:\/\/www.facet.unt.edu.ar\/utd\/wp-json\/wp\/v2\/pages\/136"}],"collection":[{"href":"https:\/\/www.facet.unt.edu.ar\/utd\/wp-json\/wp\/v2\/pages"}],"about":[{"href":"https:\/\/www.facet.unt.edu.ar\/utd\/wp-json\/wp\/v2\/types\/page"}],"author":[{"embeddable":true,"href":"https:\/\/www.facet.unt.edu.ar\/utd\/wp-json\/wp\/v2\/users\/1"}],"replies":[{"embeddable":true,"href":"https:\/\/www.facet.unt.edu.ar\/utd\/wp-json\/wp\/v2\/comments?post=136"}],"version-history":[{"count":222,"href":"https:\/\/www.facet.unt.edu.ar\/utd\/wp-json\/wp\/v2\/pages\/136\/revisions"}],"predecessor-version":[{"id":328,"href":"https:\/\/www.facet.unt.edu.ar\/utd\/wp-json\/wp\/v2\/pages\/136\/revisions\/328"}],"wp:attachment":[{"href":"https:\/\/www.facet.unt.edu.ar\/utd\/wp-json\/wp\/v2\/media?parent=136"}],"curies":[{"name":"wp","href":"https:\/\/api.w.org\/{rel}","templated":true}]}}