{"id":300,"date":"2022-05-10T19:10:35","date_gmt":"2022-05-10T19:10:35","guid":{"rendered":"https:\/\/www.facet.unt.edu.ar\/utd\/?page_id=300"},"modified":"2022-05-11T13:20:16","modified_gmt":"2022-05-11T13:20:16","slug":"todo-lo-que-tenes-que-saber-sobre-la-utd-unt","status":"publish","type":"page","link":"https:\/\/www.facet.unt.edu.ar\/utd\/todo-lo-que-tenes-que-saber-sobre-la-utd-unt\/","title":{"rendered":"Todo lo que ten\u00e9s que saber sobre la Unidad de Transformaci\u00f3n Digital de la UNT"},"content":{"rendered":"<div id=\"pl-300\"  class=\"panel-layout\" ><div id=\"pg-300-0\"  class=\"panel-grid panel-no-style\" ><div id=\"pgc-300-0-0\"  class=\"panel-grid-cell\" ><div id=\"panel-300-0-0-0\" class=\"so-panel widget widget_sow-editor panel-first-child panel-last-child\" data-index=\"0\" ><div\n\t\t\t\n\t\t\tclass=\"so-widget-sow-editor so-widget-sow-editor-base\"\n\t\t\t\n\t\t>\n<div class=\"siteorigin-widget-tinymce textwidget\">\n\t<p>&nbsp;<\/p>\n<p>&nbsp;<\/p>\n<p><img decoding=\"async\" loading=\"lazy\" class=\"wp-image-276 aligncenter\" src=\"https:\/\/www.facet.unt.edu.ar\/utd\/wp-content\/uploads\/sites\/82\/2022\/05\/todo-lo-que-tenes-que-saber.png\" alt=\"\" width=\"890\" height=\"445\" \/><\/p>\n<div id=\"panel-2-1-0-0\" class=\"so-panel widget widget_headline-widget panel-first-child\" data-index=\"1\">\n<div id=\"que-es-utd\" class=\"panel-widget-style panel-widget-style-for-2-1-0-0\">\n<h1>\u00bfQU\u00c9 ES UNA UTD?<\/h1>\n<\/div>\n<\/div>\n<div id=\"panel-2-1-0-1\" class=\"so-panel widget widget_sow-editor panel-last-child\" data-index=\"2\">\n<div class=\"panel-widget-style panel-widget-style-for-2-1-0-1\">\n<div class=\"so-widget-sow-editor so-widget-sow-editor-base\">\n<div class=\"siteorigin-widget-tinymce textwidget\">\n<p>Las\u00a0<strong>Unidades de Transformaci\u00f3n Digital<\/strong>\u00a0son entidades sin fines de lucro que desarrollar\u00e1n acciones de sensibilizaci\u00f3n, asesoramiento y asistencia t\u00e9cnica, para acompa\u00f1ar a las<strong>\u00a0PyMEs<\/strong>\u00a0en su transformaci\u00f3n digital.<\/p>\n<p>&nbsp;<\/p>\n<\/div>\n<div id=\"panel-2-1-1-0\" class=\"so-panel widget widget_headline-widget panel-first-child\" data-index=\"3\">\n<div id=\"como-participar\" class=\"panel-widget-style panel-widget-style-for-2-1-1-0\">\n<h1>\u00bfQU\u00c9 SERVICIO BRINDA UNA UTD A LAS MiPyMEs?<\/h1>\n<\/div>\n<\/div>\n<div id=\"panel-2-1-1-1\" class=\"so-panel widget widget_sow-editor panel-last-child\" data-index=\"4\">\n<div class=\"panel-widget-style panel-widget-style-for-2-1-1-1\">\n<div class=\"so-widget-sow-editor so-widget-sow-editor-base\">\n<div class=\"siteorigin-widget-tinymce textwidget\">\n<p><strong>Informaci\u00f3n<\/strong><br \/>\nLas Unidades de Transformaci\u00f3n Digital brindan a las peque\u00f1as y medianas empresas informaci\u00f3n completamente actualizada sobre la Industria 4.0 y las pr\u00e1cticas en Argentina, Latinoam\u00e9rica y todo el mundo.<br \/>\nPosterior a informar sobre c\u00f3mo se trabaja en el mundo, las Unidades de Transformaci\u00f3n Digital capacitan y sensibilizan a las Pymes respecto a las oportunidades que posee esta industria y los desaf\u00edos de este novedoso paradigma.<\/p>\n<p><strong>Asistencia t\u00e9cnica<\/strong><br \/>\nLa asistencia t\u00e9cnica ofrecida por las Unidades de Transformaci\u00f3n Digital tiene un alcance m\u00e1s global, el cual permite elaborar, junto con los emprendedores, un diagn\u00f3stico con respecto a la madurez digital y de proyectos de la empresa. Todo esto encuadrado en un Plan de Transformaci\u00f3n Digital.<\/p>\n<p><strong>Asesoramiento a MiPyMES<\/strong><br \/>\nOtro de los servicios otorgados por las Unidades de Transformaci\u00f3n Digital, es brindar el asesoramiento necesario para cada una de las peque\u00f1as y medianas empresas en lo que respecta a la b\u00fasqueda y acceso a soluciones tecnol\u00f3gicas e instrumentos de promoci\u00f3n y financiamiento (p\u00fablicos y privados).<\/p>\n<\/div>\n<\/div>\n<\/div>\n<\/div>\n<\/div>\n<\/div>\n<\/div>\n<\/div>\n<\/div><\/div><\/div><\/div><\/div>","protected":false},"excerpt":{"rendered":"<p>&nbsp; &nbsp; \u00bfQU\u00c9 ES UNA UTD? Las\u00a0Unidades de Transformaci\u00f3n Digital\u00a0son entidades sin fines de lucro que desarrollar\u00e1n acciones de sensibilizaci\u00f3n, asesoramiento y asistencia t\u00e9cnica, para acompa\u00f1ar a las\u00a0PyMEs\u00a0en su transformaci\u00f3n digital. &nbsp; \u00bfQU\u00c9 SERVICIO BRINDA UNA UTD A LAS MiPyMEs? Informaci\u00f3n Las Unidades de Transformaci\u00f3n Digital brindan a las peque\u00f1as y medianas empresas informaci\u00f3n completamente [&hellip;]<\/p>\n","protected":false},"author":1,"featured_media":0,"parent":0,"menu_order":0,"comment_status":"closed","ping_status":"closed","template":"","meta":[],"_links":{"self":[{"href":"https:\/\/www.facet.unt.edu.ar\/utd\/wp-json\/wp\/v2\/pages\/300"}],"collection":[{"href":"https:\/\/www.facet.unt.edu.ar\/utd\/wp-json\/wp\/v2\/pages"}],"about":[{"href":"https:\/\/www.facet.unt.edu.ar\/utd\/wp-json\/wp\/v2\/types\/page"}],"author":[{"embeddable":true,"href":"https:\/\/www.facet.unt.edu.ar\/utd\/wp-json\/wp\/v2\/users\/1"}],"replies":[{"embeddable":true,"href":"https:\/\/www.facet.unt.edu.ar\/utd\/wp-json\/wp\/v2\/comments?post=300"}],"version-history":[{"count":8,"href":"https:\/\/www.facet.unt.edu.ar\/utd\/wp-json\/wp\/v2\/pages\/300\/revisions"}],"predecessor-version":[{"id":322,"href":"https:\/\/www.facet.unt.edu.ar\/utd\/wp-json\/wp\/v2\/pages\/300\/revisions\/322"}],"wp:attachment":[{"href":"https:\/\/www.facet.unt.edu.ar\/utd\/wp-json\/wp\/v2\/media?parent=300"}],"curies":[{"name":"wp","href":"https:\/\/api.w.org\/{rel}","templated":true}]}}