{"id":308,"date":"2022-05-11T13:10:14","date_gmt":"2022-05-11T13:10:14","guid":{"rendered":"https:\/\/www.facet.unt.edu.ar\/utd\/?page_id=308"},"modified":"2022-05-19T11:59:52","modified_gmt":"2022-05-19T11:59:52","slug":"sobre-nosotros","status":"publish","type":"page","link":"https:\/\/www.facet.unt.edu.ar\/utd\/sobre-nosotros\/","title":{"rendered":"Nosotros"},"content":{"rendered":"<p>El\u00a0<a href=\"https:\/\/www.argentina.gob.ar\/produccion\">Ministerio de Desarrollo Productivo de la Naci\u00f3n<\/a>, a trav\u00e9s de la\u00a0<a href=\"https:\/\/www.argentina.gob.ar\/produccion\/organigrama\/SEPyME-Emprendedores\">Secretar\u00eda de la Peque\u00f1a y Mediana Empresa y los Emprendedores<\/a>, con el apoyo del\u00a0<a href=\"https:\/\/www.undp.org\/es\">Programa de las Naciones Unidas para el Desarrollo<\/a>, aprob\u00f3 la asistencia de servicios de consultor\u00eda para la creaci\u00f3n y puesta en marcha de<a href=\"https:\/\/www.argentina.gob.ar\/noticias\/el-gobierno-aprobo-la-creacion-de-19-unidades-de-transformacion-digital-para-aumentar-la\">\u00a0Unidades de Transformaci\u00f3n Digital (UTD)<\/a>, distribuidas de manera federal. Fueron creadas con el objetivo de aumentar la productividad y competitividad de las MiPyMEs, mediante la adopci\u00f3n de tecnolog\u00edas y habilidades digitales.<\/p>\n<p>En ese marco, la\u00a0<a href=\"http:\/\/www.unt.edu.ar\/\">Universidad Nacional de Tucum\u00e1n<\/a>, a trav\u00e9s de la\u00a0<a href=\"https:\/\/www.facet.unt.edu.ar\/\">Secretar\u00eda de Gesti\u00f3n y Extensi\u00f3n de la Facultad de Ciencias Exactas y Tecnolog\u00eda (FACET)<\/a>\u00a0y de la Unidad de Vinculaci\u00f3n Tecnol\u00f3gica de la Universidad (UVT) fue seleccionada como UTD en el NOA.<\/p>\n<p>El objetivo del programa es aumentar la productividad y competitividad de las PyMEs a trav\u00e9s de la adopci\u00f3n de tecnolog\u00edas y habilidades digitales.<\/p>\n<p>Las Unidades de Transformaci\u00f3n Digital (UTD) que cre\u00f3 el Plan de Desarrollo Productivo Argentina 4.0, ser\u00e1n las responsables de orientar y capacitar a las PyMEs que deseen incorporar estas competencias.<\/p>\n<p>Adem\u00e1s, cabe destacar que, el Ministerio ofrece l\u00edneas de cr\u00e9ditos para PyMEs que deseen adquirir productos 4.0, como bienes de capital y licencias de software. En este marco, todas las empresas que quieran aplicar a estos financiamientos, podr\u00e1n desarrollar sus proyectos de Transformaci\u00f3n Digital con el acompa\u00f1amiento de nuestra instituci\u00f3n, aumentando las posibilidades de recibir dicho beneficio.<\/p>\n<p>&nbsp;<\/p>\n<blockquote><p><strong>TE PRESENTAMOS AL EQUIPO DE LA UNIDAD DE TRANSFORMACI\u00d3N DIGITAL &#8211; UNT<\/strong><\/p>\n<p><img decoding=\"async\" loading=\"lazy\" class=\"alignnone size-full wp-image-475\" src=\"https:\/\/www.facet.unt.edu.ar\/utd\/wp-content\/uploads\/sites\/82\/2022\/05\/Lineas-de-financiamiento-para-PyMEs-1000-\u00d7-500-px-500-\u00d7-500-px-1250-\u00d7-312-px-1200-\u00d7-630-px-1920-\u00d7-1080-px-1-1.png\" alt=\"\" width=\"1920\" height=\"1080\" \/><\/p><\/blockquote>\n","protected":false},"excerpt":{"rendered":"<p>El\u00a0Ministerio de Desarrollo Productivo de la Naci\u00f3n, a trav\u00e9s de la\u00a0Secretar\u00eda de la Peque\u00f1a y Mediana Empresa y los Emprendedores, con el apoyo del\u00a0Programa de las Naciones Unidas para el Desarrollo, aprob\u00f3 la asistencia de servicios de consultor\u00eda para la creaci\u00f3n y puesta en marcha de\u00a0Unidades de Transformaci\u00f3n Digital (UTD), distribuidas de manera federal. Fueron [&hellip;]<\/p>\n","protected":false},"author":123477,"featured_media":0,"parent":0,"menu_order":0,"comment_status":"closed","ping_status":"closed","template":"","meta":[],"_links":{"self":[{"href":"https:\/\/www.facet.unt.edu.ar\/utd\/wp-json\/wp\/v2\/pages\/308"}],"collection":[{"href":"https:\/\/www.facet.unt.edu.ar\/utd\/wp-json\/wp\/v2\/pages"}],"about":[{"href":"https:\/\/www.facet.unt.edu.ar\/utd\/wp-json\/wp\/v2\/types\/page"}],"author":[{"embeddable":true,"href":"https:\/\/www.facet.unt.edu.ar\/utd\/wp-json\/wp\/v2\/users\/123477"}],"replies":[{"embeddable":true,"href":"https:\/\/www.facet.unt.edu.ar\/utd\/wp-json\/wp\/v2\/comments?post=308"}],"version-history":[{"count":7,"href":"https:\/\/www.facet.unt.edu.ar\/utd\/wp-json\/wp\/v2\/pages\/308\/revisions"}],"predecessor-version":[{"id":477,"href":"https:\/\/www.facet.unt.edu.ar\/utd\/wp-json\/wp\/v2\/pages\/308\/revisions\/477"}],"wp:attachment":[{"href":"https:\/\/www.facet.unt.edu.ar\/utd\/wp-json\/wp\/v2\/media?parent=308"}],"curies":[{"name":"wp","href":"https:\/\/api.w.org\/{rel}","templated":true}]}}