{"id":378,"date":"2022-05-11T14:37:08","date_gmt":"2022-05-11T14:37:08","guid":{"rendered":"https:\/\/www.facet.unt.edu.ar\/utd\/?page_id=378"},"modified":"2022-05-11T14:37:08","modified_gmt":"2022-05-11T14:37:08","slug":"actividades-de-la-utd-unt-en-las-que-puede-participar-tu-empresa","status":"publish","type":"page","link":"https:\/\/www.facet.unt.edu.ar\/utd\/actividades-de-la-utd-unt-en-las-que-puede-participar-tu-empresa\/","title":{"rendered":"Actividades de la UTD &#8211; UNT en las que puede participar tu empresa"},"content":{"rendered":"<p>&nbsp;<\/p>\n<p><strong>1| Seminarios 4.0<\/strong><\/p>\n<p>Tienen por objetivo principal introducir a las empresas en temas vinculados con la transformaci\u00f3n digital, y que sirven como disparador para que las mismas se sumen a los ciclos de transformaci\u00f3n digital.<\/p>\n<p><strong>2 | Taller de sensibilizaci\u00f3n<\/strong><br \/>\nTienen como objetivo que los participantes interact\u00faen con los especialistas en los temas de transformaci\u00f3n digital, con el objetivo de aplicar las soluciones propuestas en sus empresas.<\/p>\n<p><strong>3 | Asistencia t\u00e9cnicas<\/strong><br \/>\nAquellas empresas que lo requieran, podr\u00e1n ser visitadas por profesionales expertos de cada especialidad para realizar un relevamiento y diagn\u00f3stico en l\u00ednea con los temas de transformaci\u00f3n digital expuestos, con el objetivo de confeccionar el plan correspondiente y elaborar propuestas y alternativas de implementaci\u00f3n.<\/p>\n<p><strong>4 | Implementaci\u00f3n del plan de transformaci\u00f3n digital<\/strong><br \/>\nAquellas empresas que dispongan de un plan de transformaci\u00f3n digital, ser\u00e1n asesoradas por la UTD de la Universidad Nacional de Tucum\u00e1n.<\/p>\n","protected":false},"excerpt":{"rendered":"<p>&nbsp; 1| Seminarios 4.0 Tienen por objetivo principal introducir a las empresas en temas vinculados con la transformaci\u00f3n digital, y que sirven como disparador para que las mismas se sumen a los ciclos de transformaci\u00f3n digital. 2 | Taller de sensibilizaci\u00f3n Tienen como objetivo que los participantes interact\u00faen con los especialistas en los temas de [&hellip;]<\/p>\n","protected":false},"author":123477,"featured_media":0,"parent":0,"menu_order":0,"comment_status":"closed","ping_status":"closed","template":"","meta":[],"_links":{"self":[{"href":"https:\/\/www.facet.unt.edu.ar\/utd\/wp-json\/wp\/v2\/pages\/378"}],"collection":[{"href":"https:\/\/www.facet.unt.edu.ar\/utd\/wp-json\/wp\/v2\/pages"}],"about":[{"href":"https:\/\/www.facet.unt.edu.ar\/utd\/wp-json\/wp\/v2\/types\/page"}],"author":[{"embeddable":true,"href":"https:\/\/www.facet.unt.edu.ar\/utd\/wp-json\/wp\/v2\/users\/123477"}],"replies":[{"embeddable":true,"href":"https:\/\/www.facet.unt.edu.ar\/utd\/wp-json\/wp\/v2\/comments?post=378"}],"version-history":[{"count":1,"href":"https:\/\/www.facet.unt.edu.ar\/utd\/wp-json\/wp\/v2\/pages\/378\/revisions"}],"predecessor-version":[{"id":379,"href":"https:\/\/www.facet.unt.edu.ar\/utd\/wp-json\/wp\/v2\/pages\/378\/revisions\/379"}],"wp:attachment":[{"href":"https:\/\/www.facet.unt.edu.ar\/utd\/wp-json\/wp\/v2\/media?parent=378"}],"curies":[{"name":"wp","href":"https:\/\/api.w.org\/{rel}","templated":true}]}}